{"id":2640,"date":"2019-11-27T09:13:18","date_gmt":"2019-11-27T08:13:18","guid":{"rendered":"https:\/\/www.viajarporegipto.com\/?page_id=2640"},"modified":"2021-08-05T09:13:59","modified_gmt":"2021-08-05T07:13:59","slug":"viajantes-independentes","status":"publish","type":"page","link":"https:\/\/www.viajarporegipto.com\/pt-pt\/viajantes-independentes\/","title":{"rendered":"Viajantes independentes"},"content":{"rendered":"<div style=\"font-size: 20px; margin-left: 50px;\">\r\n<h2>Viajantes independentes<\/h2>\r\n<p>Nem todos podem viajar nas datas que oferecemos, e \u00e0s vezes preferem viajar em particular com muito poucos familiares ou amigos, ou mesmo por conta pr\u00f3pria. <strong>Viajes por el Mundo Independent Traveller<\/strong> \u00e9 um servi\u00e7o para aqueles clientes que preferem n\u00e3o viajar com um grupo organizado, mas sim individualmente ou com familiares e amigos pr\u00f3ximos. Talvez voc\u00ea gostaria de projetar suas pr\u00f3prias f\u00e9rias. D\u00ea-nos sua &#8220;lista de desejos&#8221; de lugares que voc\u00ea gostaria de visitar no pa\u00eds de sua escolha. Em nossa ag\u00eancia ficaremos felizes em ajudar voc\u00ea a criar as f\u00e9rias de seus sonhos. Mesmo os servi\u00e7os especiais que se aplicam a nossos grupos, podem se aplicar tamb\u00e9m a suas <strong>f\u00e9rias particulares<\/strong>, com <strong>acesso \u00fanico<\/strong> a alguns dos <strong>lugares mais inacess\u00edveis e excitantes.<\/strong><\/p>\r\n<p>Em nossa empresa, voc\u00ea pode encontrar as melhores f\u00e9rias dispon\u00edveis a um pre\u00e7o que lhe conv\u00e9m. Cada detalhe \u00e9 tratado pelos profissionais mais experientes e melhor treinados.<\/p>\r\n<p><img loading=\"lazy\" class=\"aligncenter size-full wp-image-7279\" src=\"https:\/\/www.viajarporegipto.com\/wp-content\/uploads\/2021\/05\/Egipto-2.jpg\" alt=\"\" width=\"900\" height=\"683\" srcset=\"https:\/\/www.viajarporegipto.com\/wp-content\/uploads\/2021\/05\/Egipto-2.jpg 900w, https:\/\/www.viajarporegipto.com\/wp-content\/uploads\/2021\/05\/Egipto-2-300x228.jpg 300w, https:\/\/www.viajarporegipto.com\/wp-content\/uploads\/2021\/05\/Egipto-2-768x583.jpg 768w\" sizes=\"(max-width: 900px) 100vw, 900px\" \/><\/p>\r\n<p>Podemos providenciar <strong>guias locais,<\/strong> <strong>motoristas particulares<\/strong> e lidar com quase todos os pedidos especiais. Temos desenvolvido muita experi\u00eancia para satisfazer os viajantes mais exigentes. E na maioria das vezes, nosso servi\u00e7o de Viajante Independente atinge <strong>pre\u00e7os muito pr\u00f3ximos<\/strong> aos de uma <strong>excurs\u00e3o de grupo organizada.<\/strong><\/p>\r\n<p>Ano ap\u00f3s ano, clientes de todo o mundo retornam aos nossos servi\u00e7os para tirar proveito de nossa aten\u00e7\u00e3o aos detalhes e cuidados pessoais. Junte-se ao crescente comboio dos viajantes independentes.<\/p>\r\n<h3><strong>PARA ONDE VAMOS?<\/strong><\/h3>\r\n<p>Bem, em resumo, como nosso nome sugere, em qualquer lugar do mundo! Ligue para n\u00f3s e nos diga onde voc\u00ea quer ir e n\u00f3s trabalharemos em sua proposta com a maior dedica\u00e7\u00e3o. Voc\u00ea tamb\u00e9m pode aproveitar nossas tarifas especiais e considerar qualquer um dos seguintes destinos, nos quais somos especialistas: Egito, Jord\u00e2nia, Ir\u00e3, Turquia, Gr\u00e9cia, Malta, capitais europ\u00e9ias, Peru, M\u00e9xico, Guatemala, \u00cdndia, Nepal, Tail\u00e2ndia, Camboja, China ou qualquer uma das maiores cole\u00e7\u00f5es de museus do mundo.<br \/>Voc\u00ea ter\u00e1 total tranquilidade sobre a qualidade de seu tour, gra\u00e7as ao trabalho primoroso dos melhores gerentes de turismo, com vinte e cinco anos de experi\u00eancia profissional. Especialmente no Egito, ningu\u00e9m tem a experi\u00eancia e os contatos de nossa ag\u00eancia, como comprovam repetidamente nossos maravilhosos itiner\u00e1rios e o excelente feedback de nossos passageiros.<\/p>\r\n<p><img loading=\"lazy\" class=\"aligncenter wp-image-2474 size-large\" src=\"https:\/\/www.viajarporegipto.com\/wp-content\/uploads\/2019\/06\/egiptomaniacos-1024x684.jpg\" alt=\"\" width=\"1024\" height=\"684\" srcset=\"https:\/\/www.viajarporegipto.com\/wp-content\/uploads\/2019\/06\/egiptomaniacos-1024x684.jpg 1024w, https:\/\/www.viajarporegipto.com\/wp-content\/uploads\/2019\/06\/egiptomaniacos-300x200.jpg 300w, https:\/\/www.viajarporegipto.com\/wp-content\/uploads\/2019\/06\/egiptomaniacos-768x513.jpg 768w, https:\/\/www.viajarporegipto.com\/wp-content\/uploads\/2019\/06\/egiptomaniacos-1200x802.jpg 1200w, https:\/\/www.viajarporegipto.com\/wp-content\/uploads\/2019\/06\/egiptomaniacos-1617x1080.jpg 1617w, https:\/\/www.viajarporegipto.com\/wp-content\/uploads\/2019\/06\/egiptomaniacos.jpg 2000w\" sizes=\"(max-width: 1024px) 100vw, 1024px\" \/><\/p>\r\n<h3><strong>O QUE VOC\u00ca PODE VER?<\/strong><\/h3>\r\n<p>Nosso objetivo \u00e9 mostrar-lhe os locais mais emblem\u00e1ticos de cada pa\u00eds, e depois dar-lhe aquele toque extra que torna a viagem uma experi\u00eancia \u00fanica. Acrescentamos ao n\u00facleo dos melhores locais de um pa\u00eds, lugares fora do comum que outras empresas de turismo simplesmente n\u00e3o fazem. Voc\u00ea ver\u00e1 lugares que nem mesmo muitos arque\u00f3logos foram capazes de ver. Deixe-nos proporcionar-lhe experi\u00eancias inesquec\u00edveis em um ambiente excepcional e na companhia de pessoas que pensam da mesma maneira.<\/p>\r\n<dl class=\"gallery-item\">\r\n<dt class=\"gallery-icon landscape\"><\/dt>\r\n<\/dl>\r\n<h3><strong>ACESSO ESPECIAL<\/strong><\/h3>\r\n<p>Somos famosos por visitar lugares a que outras empresas de turismo n\u00e3o podem chegar. Com nossas excelentes rela\u00e7\u00f5es com muitas das organiza\u00e7\u00f5es de antiguidades do mundo, conseguimos obter acesso privado a sites maravilhosos, que podem ter sido fechados ao p\u00fablico durante anos. N\u00e3o h\u00e1 nada como a atmosfera de um templo ou t\u00famulo especialmente aberto para voc\u00ea, e explicado por um inspetor local que compartilha sua experi\u00eancia e trabalho no local.<\/p>\r\n<p><img loading=\"lazy\" class=\"aligncenter wp-image-7184 size-full\" src=\"https:\/\/www.viajarporegipto.com\/wp-content\/uploads\/2021\/04\/La-Gran-Piramide-1.jpg\" alt=\"\" width=\"900\" height=\"675\" srcset=\"https:\/\/www.viajarporegipto.com\/wp-content\/uploads\/2021\/04\/La-Gran-Piramide-1.jpg 900w, https:\/\/www.viajarporegipto.com\/wp-content\/uploads\/2021\/04\/La-Gran-Piramide-1-300x225.jpg 300w, https:\/\/www.viajarporegipto.com\/wp-content\/uploads\/2021\/04\/La-Gran-Piramide-1-768x576.jpg 768w, https:\/\/www.viajarporegipto.com\/wp-content\/uploads\/2021\/04\/La-Gran-Piramide-1-800x600.jpg 800w\" sizes=\"(max-width: 900px) 100vw, 900px\" \/><\/p>\r\n<h3><strong>TRANSPORTE, HOT\u00c9IS E CRUZEIROS<\/strong><\/h3>\r\n<p>Nossas transfer\u00eancias s\u00e3o sempre privadas e nosso servi\u00e7o \u00e9 da mais alta qualidade, mas podemos adaptar qualquer servi\u00e7o \u00e0s suas necessidades e prefer\u00eancias. O padr\u00e3o de transporte, hospedagem e refei\u00e7\u00f5es pode variar de acordo com seu or\u00e7amento. Faremos sempre o que voc\u00ea pede. Em geral, operamos em hot\u00e9is e cruzeiros de quatro e cinco estrelas a pre\u00e7os muito acess\u00edveis, j\u00e1 que os contratos com nossos parceiros de viagem nos proporcionam tarifas muito especiais. Uma de nossas acomoda\u00e7\u00f5es mais emblem\u00e1ticas em Luxor \u00e9 o luxuoso Winter Palace Hotel, um hotel de estilo eduardiano impregnado de hist\u00f3ria.<\/p>\r\n<p><img loading=\"lazy\" src=\"https:\/\/www.viajarporegipto.com\/wp-content\/uploads\/2021\/04\/sharm-el-shik-1024x379.jpg\" sizes=\"(max-width: 1024px) 100vw, 1024px\" srcset=\"https:\/\/www.viajarporegipto.com\/wp-content\/uploads\/2021\/04\/sharm-el-shik-1024x379.jpg 1024w, https:\/\/www.viajarporegipto.com\/wp-content\/uploads\/2021\/04\/sharm-el-shik-300x111.jpg 300w, https:\/\/www.viajarporegipto.com\/wp-content\/uploads\/2021\/04\/sharm-el-shik-768x284.jpg 768w, https:\/\/www.viajarporegipto.com\/wp-content\/uploads\/2021\/04\/sharm-el-shik-1200x444.jpg 1200w, https:\/\/www.viajarporegipto.com\/wp-content\/uploads\/2021\/04\/sharm-el-shik.jpg 1280w\" alt=\"\" width=\"1024\" height=\"379\" \/><\/p>\r\n\r\n\r\n\r\n<h3 style=\"text-align: center;\"><a href=\"https:\/\/www.viajarporegipto.com\/pt-pt\/hoteis\/\"> Ver hot\u00e9is<\/a><\/h3>\r\n<h3><\/h3>\r\n\r\n<h3 style=\"text-align: center;\"><a href=\"https:\/\/www.viajarporegipto.com\/pt-pt\/navios-cruzeiro-egito\/\">Cruzeiros no Nilo<\/a><\/h3>\r\n<\/div>\r\n<p>&nbsp;<\/p>\r\n\t\t<div data-elementor-type=\"page\" data-elementor-id=\"8665\" class=\"elementor elementor-8665\" data-elementor-settings=\"[]\">\n\t\t\t\t\t\t<div class=\"elementor-inner\">\n\t\t\t\t\t\t\t<div class=\"elementor-section-wrap\">\n\t\t\t\t\t\t\t<section class=\"elementor-section elementor-top-section elementor-element elementor-element-4ce6e64e elementor-section-boxed elementor-section-height-default elementor-section-height-default\" data-id=\"4ce6e64e\" data-element_type=\"section\" data-settings=\"{&quot;background_background&quot;:&quot;classic&quot;}\">\n\t\t\t\t\t\t<div class=\"elementor-container elementor-column-gap-default\">\n\t\t\t\t\t\t\t<div class=\"elementor-row\">\n\t\t\t\t\t<div class=\"elementor-column elementor-col-100 elementor-top-column elementor-element elementor-element-529d878a\" data-id=\"529d878a\" data-element_type=\"column\">\n\t\t\t<div class=\"elementor-column-wrap elementor-element-populated\">\n\t\t\t\t\t\t\t<div class=\"elementor-widget-wrap\">\n\t\t\t\t\t\t<div class=\"elementor-element elementor-element-515fd6e9 elementor-widget elementor-widget-heading\" data-id=\"515fd6e9\" data-element_type=\"widget\" data-widget_type=\"heading.default\">\n\t\t\t\t<div class=\"elementor-widget-container\">\n\t\t\t<h2 class=\"elementor-heading-title elementor-size-default\">Assine nossa newsletter!<\/h2>\t\t<\/div>\n\t\t\t\t<\/div>\n\t\t\t\t<div class=\"elementor-element elementor-element-476cbb19 elementor-widget elementor-widget-text-editor\" data-id=\"476cbb19\" data-element_type=\"widget\" data-widget_type=\"text-editor.default\">\n\t\t\t\t<div class=\"elementor-widget-container\">\n\t\t\t\t\t<div class=\"elementor-text-editor elementor-clearfix\"><p style=\"text-align: center;\">Voc\u00ea receber\u00e1 as not\u00edcias mais interessantes sobre o Egito Antigo e sobre nossas viagens confortavelmente em seu e-mail<\/p><\/div>\n\t\t\t\t<\/div>\n\t\t\t\t<\/div>\n\t\t\t\t<div class=\"elementor-element elementor-element-c45fb8b elementor-button-align-end elementor-widget elementor-widget-form\" data-id=\"c45fb8b\" data-element_type=\"widget\" data-settings=\"{&quot;button_width&quot;:&quot;50&quot;,&quot;step_next_label&quot;:&quot;Next&quot;,&quot;step_previous_label&quot;:&quot;Previous&quot;,&quot;step_type&quot;:&quot;number_text&quot;,&quot;step_icon_shape&quot;:&quot;circle&quot;}\" data-widget_type=\"form.default\">\n\t\t\t\t<div class=\"elementor-widget-container\">\n\t\t\t\t\t<form class=\"elementor-form\" method=\"post\" name=\"Suscripci\u00f3n horizontal ES\">\n\t\t\t<input type=\"hidden\" name=\"post_id\" value=\"8665\"\/>\n\t\t\t<input type=\"hidden\" name=\"form_id\" value=\"c45fb8b\"\/>\n\t\t\t<input type=\"hidden\" name=\"referer_title\" value=\"Viajar para o Egito | Cruzeiros Egito Pacotes | Viagem ao Egito\" \/>\n\n\t\t\t\n\t\t\t<div class=\"elementor-form-fields-wrapper elementor-labels-\">\n\t\t\t\t\t\t\t\t<div class=\"elementor-field-type-text elementor-field-group elementor-column elementor-field-group-name elementor-col-50 elementor-field-required\">\n\t\t\t\t\t<label for=\"form-field-name\" class=\"elementor-field-label elementor-screen-only\">Nombre<\/label><input size=\"1\" type=\"text\" name=\"form_fields[name]\" id=\"form-field-name\" class=\"elementor-field elementor-size-xs  elementor-field-textual\" placeholder=\"\ud83d\udc64 Teu nome\" required=\"required\" aria-required=\"true\">\t\t\t\t<\/div>\n\t\t\t\t\t\t\t\t<div class=\"elementor-field-type-email elementor-field-group elementor-column elementor-field-group-email elementor-col-50 elementor-field-required\">\n\t\t\t\t\t<label for=\"form-field-email\" class=\"elementor-field-label elementor-screen-only\">Email<\/label><input size=\"1\" type=\"email\" name=\"form_fields[email]\" id=\"form-field-email\" class=\"elementor-field elementor-size-xs  elementor-field-textual\" placeholder=\"\ud83d\udce7 Teu Email\" required=\"required\" aria-required=\"true\">\t\t\t\t<\/div>\n\t\t\t\t\t\t\t\t<div class=\"elementor-field-type-acceptance elementor-field-group elementor-column elementor-field-group-field_f722f4b elementor-col-50 elementor-field-required\">\n\t\t\t\t\t<label for=\"form-field-field_f722f4b\" class=\"elementor-field-label elementor-screen-only\">Aceptaci\u00f3n<\/label><div class=\"elementor-field-subgroup\"><span class=\"elementor-field-option\"><input type=\"checkbox\" name=\"form_fields[field_f722f4b]\" id=\"form-field-field_f722f4b\" class=\"elementor-field elementor-size-xs  elementor-acceptance-field\" required=\"required\" aria-required=\"true\"> <label for=\"form-field-field_f722f4b\">Eu li e aceito o\u00a0<a class=\"privacidad\" style=\"color: #ff9900;\" href=\"https:\/\/www.viajarporegipto.com\/pt-pt\/politica-de-privacidade\/\" target=\"_blank\" rel=\"noopener noreferrer\">pol\u00edtica de Privacidade<\/a>  (requerido)<\/label><\/span><\/div>\t\t\t\t<\/div>\n\t\t\t\t\t\t\t\t<div class=\"elementor-field-group elementor-column elementor-field-type-submit elementor-col-50 e-form__buttons\">\n\t\t\t\t\t<button type=\"submit\" class=\"elementor-button elementor-size-md\">\n\t\t\t\t\t\t<span >\n\t\t\t\t\t\t\t\t\t\t\t\t\t\t\t<span class=\"elementor-align-icon-left elementor-button-icon\">\n\t\t\t\t\t\t\t\t\t<i aria-hidden=\"true\" class=\"far fa-share-square\"><\/i>\t\t\t\t\t\t\t\t\t\t\t\t\t\t\t\t\t<\/span>\n\t\t\t\t\t\t\t\t\t\t\t\t\t\t\t\t\t\t\t\t\t\t<span class=\"elementor-button-text\">SUBSCREVER<\/span>\n\t\t\t\t\t\t\t\t\t\t\t\t\t<\/span>\n\t\t\t\t\t<\/button>\n\t\t\t\t<\/div>\n\t\t\t<\/div>\n\t\t<\/form>\n\t\t\t\t<\/div>\n\t\t\t\t<\/div>\n\t\t\t\t\t\t<\/div>\n\t\t\t\t\t<\/div>\n\t\t<\/div>\n\t\t\t\t\t\t\t\t<\/div>\n\t\t\t\t\t<\/div>\n\t\t<\/section>\n\t\t\t\t\t\t<\/div>\n\t\t\t\t\t\t<\/div>\n\t\t\t\t\t<\/div>\n\t\t","protected":false},"excerpt":{"rendered":"<p>Viajantes independentes Nem todos podem viajar nas datas que oferecemos, e \u00e0s vezes preferem viajar em particular com muito poucos familiares ou amigos, ou mesmo por conta pr\u00f3pria. Viajes por el Mundo Independent Traveller \u00e9 um servi\u00e7o para aqueles clientes que preferem n\u00e3o viajar com um grupo organizado, mas sim individualmente ou com familiares e amigos pr\u00f3ximos. Talvez voc\u00ea gostaria &hellip;<\/p>\n","protected":false},"author":1,"featured_media":0,"parent":0,"menu_order":0,"comment_status":"closed","ping_status":"closed","template":"","meta":[],"yoast_head":"<!-- This site is optimized with the Yoast SEO plugin v16.8 - https:\/\/yoast.com\/wordpress\/plugins\/seo\/ -->\n<meta name=\"description\" content=\"Se nenhuma de nossas ofertas se encaixar no que voc\u00ea pensou, ligue para n\u00f3s, explicar suas prefer\u00eancias, e viagens com nossos pacotes para egito.\" \/>\n<meta name=\"robots\" content=\"index, follow, max-snippet:-1, max-image-preview:large, max-video-preview:-1\" \/>\n<link rel=\"canonical\" href=\"https:\/\/www.viajarporegipto.com\/pt-pt\/viajantes-independentes\/\" \/>\n<meta property=\"og:locale\" content=\"pt_PT\" \/>\n<meta property=\"og:type\" content=\"article\" \/>\n<meta property=\"og:title\" content=\"Viajantes independentes\" \/>\n<meta property=\"og:description\" content=\"Se nenhuma de nossas ofertas se encaixar no que voc\u00ea pensou, ligue para n\u00f3s, explicar suas prefer\u00eancias, e viagens com nossos pacotes para egito.\" \/>\n<meta property=\"og:url\" content=\"https:\/\/www.viajarporegipto.com\/pt-pt\/viajantes-independentes\/\" \/>\n<meta property=\"og:site_name\" content=\"Viajar para o Egito | Cruzeiros Egito Pacotes | Viagem ao Egito\" \/>\n<meta property=\"article:modified_time\" content=\"2021-08-05T07:13:59+00:00\" \/>\n<meta property=\"og:image\" content=\"https:\/\/www.viajarporegipto.com\/wp-content\/uploads\/2021\/05\/Egipto-2.jpg\" \/>\n<meta name=\"twitter:card\" content=\"summary_large_image\" \/>\n<meta name=\"twitter:label1\" content=\"Tempo estimado de leitura\" \/>\n\t<meta name=\"twitter:data1\" content=\"4 minutos\" \/>\n<script type=\"application\/ld+json\" class=\"yoast-schema-graph\">{\"@context\":\"https:\/\/schema.org\",\"@graph\":[{\"@type\":\"Organization\",\"@id\":\"https:\/\/www.viajarporegipto.com\/#organization\",\"name\":\"Viajes por el Mundo\",\"url\":\"https:\/\/www.viajarporegipto.com\/\",\"sameAs\":[\"https:\/\/www.youtube.com\/channel\/UCSfYTcdsPNlTaH1_piHdtsg\"],\"logo\":{\"@type\":\"ImageObject\",\"@id\":\"https:\/\/www.viajarporegipto.com\/#logo\",\"inLanguage\":\"pt-PT\",\"url\":\"https:\/\/www.viajarporegipto.com\/wp-content\/uploads\/2019\/09\/Logo-Viajes-por-el-Mundo.jpg\",\"contentUrl\":\"https:\/\/www.viajarporegipto.com\/wp-content\/uploads\/2019\/09\/Logo-Viajes-por-el-Mundo.jpg\",\"width\":316,\"height\":235,\"caption\":\"Viajes por el Mundo\"},\"image\":{\"@id\":\"https:\/\/www.viajarporegipto.com\/#logo\"}},{\"@type\":\"WebSite\",\"@id\":\"https:\/\/www.viajarporegipto.com\/#website\",\"url\":\"https:\/\/www.viajarporegipto.com\/\",\"name\":\"Viajar para o Egito | Cruzeiros Egito Pacotes | Viagem ao Egito\",\"description\":\"Os melhores ofertas cruzeiros Egito Pacotes. Viajar para o Egito e aproveite. Pre\\u00e7os no \\u00faltimo minuto em tu Viagem ao Egito.\",\"publisher\":{\"@id\":\"https:\/\/www.viajarporegipto.com\/#organization\"},\"potentialAction\":[{\"@type\":\"SearchAction\",\"target\":{\"@type\":\"EntryPoint\",\"urlTemplate\":\"https:\/\/www.viajarporegipto.com\/?s={search_term_string}\"},\"query-input\":\"required name=search_term_string\"}],\"inLanguage\":\"pt-PT\"},{\"@type\":\"ImageObject\",\"@id\":\"https:\/\/www.viajarporegipto.com\/pt-pt\/viajantes-independentes\/#primaryimage\",\"inLanguage\":\"pt-PT\",\"url\":\"https:\/\/www.viajarporegipto.com\/wp-content\/uploads\/2021\/05\/Egipto-2.jpg\",\"contentUrl\":\"https:\/\/www.viajarporegipto.com\/wp-content\/uploads\/2021\/05\/Egipto-2.jpg\",\"width\":900,\"height\":683},{\"@type\":\"WebPage\",\"@id\":\"https:\/\/www.viajarporegipto.com\/pt-pt\/viajantes-independentes\/#webpage\",\"url\":\"https:\/\/www.viajarporegipto.com\/pt-pt\/viajantes-independentes\/\",\"name\":\"Viajantes independentes\",\"isPartOf\":{\"@id\":\"https:\/\/www.viajarporegipto.com\/#website\"},\"primaryImageOfPage\":{\"@id\":\"https:\/\/www.viajarporegipto.com\/pt-pt\/viajantes-independentes\/#primaryimage\"},\"datePublished\":\"2019-11-27T08:13:18+00:00\",\"dateModified\":\"2021-08-05T07:13:59+00:00\",\"description\":\"Se nenhuma de nossas ofertas se encaixar no que voc\\u00ea pensou, ligue para n\\u00f3s, explicar suas prefer\\u00eancias, e viagens com nossos pacotes para egito.\",\"breadcrumb\":{\"@id\":\"https:\/\/www.viajarporegipto.com\/pt-pt\/viajantes-independentes\/#breadcrumb\"},\"inLanguage\":\"pt-PT\",\"potentialAction\":[{\"@type\":\"ReadAction\",\"target\":[\"https:\/\/www.viajarporegipto.com\/pt-pt\/viajantes-independentes\/\"]}]},{\"@type\":\"BreadcrumbList\",\"@id\":\"https:\/\/www.viajarporegipto.com\/pt-pt\/viajantes-independentes\/#breadcrumb\",\"itemListElement\":[{\"@type\":\"ListItem\",\"position\":1,\"name\":\"Portada\",\"item\":\"https:\/\/www.viajarporegipto.com\/pt-pt\/\"},{\"@type\":\"ListItem\",\"position\":2,\"name\":\"Viajantes independentes\"}]}]}<\/script>\n<!-- \/ Yoast SEO plugin. -->","yoast_head_json":{"description":"Se nenhuma de nossas ofertas se encaixar no que voc\u00ea pensou, ligue para n\u00f3s, explicar suas prefer\u00eancias, e viagens com nossos pacotes para egito.","robots":{"index":"index","follow":"follow","max-snippet":"max-snippet:-1","max-image-preview":"max-image-preview:large","max-video-preview":"max-video-preview:-1"},"canonical":"https:\/\/www.viajarporegipto.com\/pt-pt\/viajantes-independentes\/","og_locale":"pt_PT","og_type":"article","og_title":"Viajantes independentes","og_description":"Se nenhuma de nossas ofertas se encaixar no que voc\u00ea pensou, ligue para n\u00f3s, explicar suas prefer\u00eancias, e viagens com nossos pacotes para egito.","og_url":"https:\/\/www.viajarporegipto.com\/pt-pt\/viajantes-independentes\/","og_site_name":"Viajar para o Egito | Cruzeiros Egito Pacotes | Viagem ao Egito","article_modified_time":"2021-08-05T07:13:59+00:00","og_image":[{"url":"https:\/\/www.viajarporegipto.com\/wp-content\/uploads\/2021\/05\/Egipto-2.jpg"}],"twitter_card":"summary_large_image","twitter_misc":{"Tempo estimado de leitura":"4 minutos"},"schema":{"@context":"https:\/\/schema.org","@graph":[{"@type":"Organization","@id":"https:\/\/www.viajarporegipto.com\/#organization","name":"Viajes por el Mundo","url":"https:\/\/www.viajarporegipto.com\/","sameAs":["https:\/\/www.youtube.com\/channel\/UCSfYTcdsPNlTaH1_piHdtsg"],"logo":{"@type":"ImageObject","@id":"https:\/\/www.viajarporegipto.com\/#logo","inLanguage":"pt-PT","url":"https:\/\/www.viajarporegipto.com\/wp-content\/uploads\/2019\/09\/Logo-Viajes-por-el-Mundo.jpg","contentUrl":"https:\/\/www.viajarporegipto.com\/wp-content\/uploads\/2019\/09\/Logo-Viajes-por-el-Mundo.jpg","width":316,"height":235,"caption":"Viajes por el Mundo"},"image":{"@id":"https:\/\/www.viajarporegipto.com\/#logo"}},{"@type":"WebSite","@id":"https:\/\/www.viajarporegipto.com\/#website","url":"https:\/\/www.viajarporegipto.com\/","name":"Viajar para o Egito | Cruzeiros Egito Pacotes | Viagem ao Egito","description":"Os melhores ofertas cruzeiros Egito Pacotes. Viajar para o Egito e aproveite. Pre\u00e7os no \u00faltimo minuto em tu Viagem ao Egito.","publisher":{"@id":"https:\/\/www.viajarporegipto.com\/#organization"},"potentialAction":[{"@type":"SearchAction","target":{"@type":"EntryPoint","urlTemplate":"https:\/\/www.viajarporegipto.com\/?s={search_term_string}"},"query-input":"required name=search_term_string"}],"inLanguage":"pt-PT"},{"@type":"ImageObject","@id":"https:\/\/www.viajarporegipto.com\/pt-pt\/viajantes-independentes\/#primaryimage","inLanguage":"pt-PT","url":"https:\/\/www.viajarporegipto.com\/wp-content\/uploads\/2021\/05\/Egipto-2.jpg","contentUrl":"https:\/\/www.viajarporegipto.com\/wp-content\/uploads\/2021\/05\/Egipto-2.jpg","width":900,"height":683},{"@type":"WebPage","@id":"https:\/\/www.viajarporegipto.com\/pt-pt\/viajantes-independentes\/#webpage","url":"https:\/\/www.viajarporegipto.com\/pt-pt\/viajantes-independentes\/","name":"Viajantes independentes","isPartOf":{"@id":"https:\/\/www.viajarporegipto.com\/#website"},"primaryImageOfPage":{"@id":"https:\/\/www.viajarporegipto.com\/pt-pt\/viajantes-independentes\/#primaryimage"},"datePublished":"2019-11-27T08:13:18+00:00","dateModified":"2021-08-05T07:13:59+00:00","description":"Se nenhuma de nossas ofertas se encaixar no que voc\u00ea pensou, ligue para n\u00f3s, explicar suas prefer\u00eancias, e viagens com nossos pacotes para egito.","breadcrumb":{"@id":"https:\/\/www.viajarporegipto.com\/pt-pt\/viajantes-independentes\/#breadcrumb"},"inLanguage":"pt-PT","potentialAction":[{"@type":"ReadAction","target":["https:\/\/www.viajarporegipto.com\/pt-pt\/viajantes-independentes\/"]}]},{"@type":"BreadcrumbList","@id":"https:\/\/www.viajarporegipto.com\/pt-pt\/viajantes-independentes\/#breadcrumb","itemListElement":[{"@type":"ListItem","position":1,"name":"Portada","item":"https:\/\/www.viajarporegipto.com\/pt-pt\/"},{"@type":"ListItem","position":2,"name":"Viajantes independentes"}]}]}},"_links":{"self":[{"href":"https:\/\/www.viajarporegipto.com\/pt-pt\/wp-json\/wp\/v2\/pages\/2640"}],"collection":[{"href":"https:\/\/www.viajarporegipto.com\/pt-pt\/wp-json\/wp\/v2\/pages"}],"about":[{"href":"https:\/\/www.viajarporegipto.com\/pt-pt\/wp-json\/wp\/v2\/types\/page"}],"author":[{"embeddable":true,"href":"https:\/\/www.viajarporegipto.com\/pt-pt\/wp-json\/wp\/v2\/users\/1"}],"replies":[{"embeddable":true,"href":"https:\/\/www.viajarporegipto.com\/pt-pt\/wp-json\/wp\/v2\/comments?post=2640"}],"version-history":[{"count":22,"href":"https:\/\/www.viajarporegipto.com\/pt-pt\/wp-json\/wp\/v2\/pages\/2640\/revisions"}],"predecessor-version":[{"id":8678,"href":"https:\/\/www.viajarporegipto.com\/pt-pt\/wp-json\/wp\/v2\/pages\/2640\/revisions\/8678"}],"wp:attachment":[{"href":"https:\/\/www.viajarporegipto.com\/pt-pt\/wp-json\/wp\/v2\/media?parent=2640"}],"curies":[{"name":"wp","href":"https:\/\/api.w.org\/{rel}","templated":true}]}}