{"id":2658,"date":"2019-11-27T09:34:04","date_gmt":"2019-11-27T08:34:04","guid":{"rendered":"https:\/\/www.viajarporegipto.com\/?page_id=2658"},"modified":"2020-01-16T17:12:40","modified_gmt":"2020-01-16T16:12:40","slug":"links-de-interesse","status":"publish","type":"page","link":"https:\/\/www.viajarporegipto.com\/pt-pt\/links-de-interesse\/","title":{"rendered":"Links de interesse"},"content":{"rendered":"<hr \/>\n<h3 style=\"text-align: center;\">INFORMA\u00c7\u00c3O SOBRE O EGIPTO<\/h3>\n<h4 style=\"text-align: center;\"><a href=\"https:\/\/www.viajarporegipto.com\/pt-pt\/links-de-interesse\/links-em-espanhol-1\/\">Todos os links de interesse sobre o Egito em espanhol (I) \u25b6<\/a><\/h4>\n<h4 style=\"text-align: center;\"><a href=\"https:\/\/www.viajarporegipto.com\/pt-pt\/links-de-interesse\/links-em-espanhol-2\/\">Todos os links de interesse sobre o Egito em espanhol (I) (II) \u25b6<\/a><\/h4>\n<h4 style=\"text-align: center;\"><a href=\"https:\/\/www.viajarporegipto.com\/pt-pt\/links-de-interesse\/links-em-ingles-1\/\">Links sobre o Egito em ingl\u00eas (I) \u25b6<\/a><\/h4>\n<h4 style=\"text-align: center;\"><a href=\"https:\/\/www.viajarporegipto.com\/pt-pt\/links-de-interesse\/links-em-ingles-2\/\">Links sobre o Egito em ingl\u00eas (II) \u25b6<\/a><\/h4>\n<h4 style=\"text-align: center;\"><a href=\"https:\/\/www.viajarporegipto.com\/pt-pt\/hoteis\/\">Hot\u00e9is mais frequentes no Egito \u25b6<\/a><\/h4>\n<h4 style=\"text-align: center;\"><a href=\"https:\/\/www.viajarporegipto.com\/pt-pt\/perguntas-mais-frequentes\/\">Cruzeiros mais frequentes no Egito \u25b6<\/a><\/h4>\n<h4 style=\"text-align: center;\"><a href=\"https:\/\/www.viajarporegipto.com\/pt-pt\/links-de-interesse\/links-mergulho\/\">Links sobre Mergulho no Egito \u25b6<\/a><\/h4>\n<hr \/>\n<h3 style=\"text-align: center;\">INFORMA\u00c7\u00c3O SOBRE DESTINOS<\/h3>\n<h4 style=\"text-align: center;\"><a href=\"https:\/\/www.viajarporegipto.com\/pt-pt\/links-de-interesse\/todos-paises-mundo\/\">Links para todos os pa\u00edses do mundo \u25b6<\/a><\/h4>\n<h4 style=\"text-align: center;\"><a href=\"https:\/\/www.viajarporegipto.com\/pt-pt\/links-de-interesse\/guias-viagem-online\/\">Guias de Viagem Online \u25b6<\/a><\/h4>\n<h4 style=\"text-align: center;\"><a href=\"https:\/\/www.viajarporegipto.com\/pt-pt\/links-de-interesse\/turismo-estrangeiros-espanha\/\">Escrit\u00f3rios de Turismo Estrangeiros na Espanha \u25b6<\/a><\/h4>\n<h4 style=\"text-align: center;\"><a href=\"https:\/\/www.viajarporegipto.com\/pt-pt\/links-de-interesse\/turismo-espanha\/\">Escrit\u00f3rios de Turismo na Espanha \u25b6<\/a><\/h4>\n<h4 style=\"text-align: center;\"><a href=\"https:\/\/www.infonieve.es\/estaciones-esqui\/pais\/espana\/\" target=\"_blank\" rel=\"nofollow noopener noreferrer\">Esta\u00e7\u00f5es de esqui na Espanha \u25b6<\/a><\/h4>\n<hr \/>\n<h3 style=\"text-align: center;\">PREPARANDO A VIAGEM<\/h3>\n<h4 style=\"text-align: center;\"><a href=\"https:\/\/visados.org\/travel-visa-faqs\" target=\"_blank\" rel=\"nofollow noopener noreferrer\">Informa\u00e7\u00f5es sobre vistos e requisitos de viagem para MAE \u25b6<\/a><\/h4>\n<h4 style=\"text-align: center;\"><a href=\"https:\/\/www.viajarporegipto.com\/pt-pt\/links-de-interesse\/embaixadas-consulados-mundo\/\">Embaixadas e Consulados do Mundo \u25b6<\/a><\/h4>\n<h4 style=\"text-align: center;\"><a href=\"https:\/\/www.action-visas.com\/\" target=\"_blank\" rel=\"nofollow noopener noreferrer\">Formul\u00e1rios para obter um visto no mundo inteiro \u25b6<\/a><\/h4>\n<h4 style=\"text-align: center;\"><a href=\"https:\/\/www.viajarporegipto.com\/Enlaces\/nueva_terminal_barajas.pdf\">Novo Terminal 4 de Barajas \u25b6<\/a><\/h4>\n<h4 style=\"text-align: center;\"><a href=\"https:\/\/www.viajarporegipto.com\/pt-pt\/links-de-interesse\/atlas-mundial\/\">Atlas Mundial \u25b6<\/a><\/h4>\n<h4 style=\"text-align: center;\"><a href=\"https:\/\/www.viajarporegipto.com\/pt-pt\/links-de-interesse\/world-metro-maps\/\" target=\"_blank\" rel=\"noopener noreferrer\">Metro Maps \u25b6<\/a><\/h4>\n<h4 style=\"text-align: center;\"><a href=\"https:\/\/www.viajarporegipto.com\/pt-pt\/links-de-interesse\/mapa-diferenca-tempo\/\">Mapa da diferen\u00e7a de tempo \u25b6<\/a><\/h4>\n<h4 style=\"text-align: center;\"><a href=\"https:\/\/www.viajarporegipto.com\/pt-pt\/links-de-interesse\/calculo-diferencas-horarias\/\">C\u00e1lculo das diferen\u00e7as hor\u00e1rias \u25b6<\/a><\/h4>\n<h4 style=\"text-align: center;\"><a href=\"https:\/\/www.viajarporegipto.com\/pt-pt\/links-de-interesse\/conversor-de-moedas\/\">Conversor de Moedas \u25b6<\/a><\/h4>\n<h4 style=\"text-align: center;\"><a href=\"https:\/\/www.viajarporegipto.com\/pt-pt\/links-de-interesse\/clima-todo-mundo\/\">Clima em todo o mundo \u25b6<\/a><\/h4>\n<hr \/>\n<h3 style=\"text-align: center;\">CULTURAS MUNDIAIS<\/h3>\n<h4 style=\"text-align: center;\"><a href=\"https:\/\/www.viajarporegipto.com\/pt-pt\/links-de-interesse\/festivais-culturais-verao\/\">Festivais culturais de ver\u00e3o \u25b6<\/a><\/h4>\n<h4 style=\"text-align: center;\"><a href=\"https:\/\/www.viajarporegipto.com\/pt-pt\/links-de-interesse\/patrimonio-humanidade\/\">Patrim\u00f4nio da Humanidade \u25b6<\/a><\/h4>\n<h4 style=\"text-align: center;\"><a href=\"https:\/\/www.viajarporegipto.com\/pt-pt\/links-de-interesse\/carnavais-no-mundo\/\">Carnavais no mundo \u25b6<\/a><\/h4>\n<h4 style=\"text-align: center;\"><a href=\"https:\/\/www.viajarporegipto.com\/pt-pt\/links-de-interesse\/povos-nomades\/\">Povos N\u00f4mades \u25b6<\/a><\/h4>\n<h4 style=\"text-align: center;\"><a href=\"https:\/\/www.viajarporegipto.com\/pt-pt\/links-de-interesse\/compras-museus-mundo\/\">Compras pelos museus do mundo \u25b6<\/a><\/h4>\n<h4 style=\"text-align: center;\"><a href=\"https:\/\/www.viajarporegipto.com\/pt-pt\/links-de-interesse\/livrarias-viagens-internet\/\">Bibliotecas de viagens \u25b6<\/a><\/h4>\n<h4 style=\"text-align: center;\"><a href=\"https:\/\/www.viajarporegipto.com\/pt-pt\/links-de-interesse\/romancistas-de-viagens\/\">Romancistas de viagens \u25b6<\/a><\/h4>\n","protected":false},"excerpt":{"rendered":"<p>INFORMA\u00c7\u00c3O SOBRE O EGIPTO Todos os links de interesse sobre o Egito em espanhol (I) \u25b6 Todos os links de interesse sobre o Egito em espanhol (I) (II) \u25b6 Links sobre o Egito em ingl\u00eas (I) \u25b6 Links sobre o Egito em ingl\u00eas (II) \u25b6 Hot\u00e9is mais frequentes no Egito \u25b6 Cruzeiros mais frequentes no Egito \u25b6 Links sobre Mergulho &hellip;<\/p>\n","protected":false},"author":1,"featured_media":0,"parent":0,"menu_order":0,"comment_status":"closed","ping_status":"closed","template":"","meta":[],"yoast_head":"<!-- This site is optimized with the Yoast SEO plugin v16.8 - https:\/\/yoast.com\/wordpress\/plugins\/seo\/ -->\n<meta name=\"description\" content=\"Nesta p\u00e1gina, oferecemos uma sele\u00e7\u00e3o de p\u00e1ginas da web que podem ser \u00fateis. Eles s\u00e3o links de interesse dos viajantes para o Egito e outros destinos.\" \/>\n<meta name=\"robots\" content=\"index, follow, max-snippet:-1, max-image-preview:large, max-video-preview:-1\" \/>\n<link rel=\"canonical\" href=\"https:\/\/www.viajarporegipto.com\/pt-pt\/links-de-interesse\/\" \/>\n<meta property=\"og:locale\" content=\"pt_PT\" \/>\n<meta property=\"og:type\" content=\"article\" \/>\n<meta property=\"og:title\" content=\"Links \u00fateis para viajantes ao Egito\" \/>\n<meta property=\"og:description\" content=\"Nesta p\u00e1gina, oferecemos uma sele\u00e7\u00e3o de p\u00e1ginas da web que podem ser \u00fateis. Eles s\u00e3o links de interesse dos viajantes para o Egito e outros destinos.\" \/>\n<meta property=\"og:url\" content=\"https:\/\/www.viajarporegipto.com\/pt-pt\/links-de-interesse\/\" \/>\n<meta property=\"og:site_name\" content=\"Viajar para o Egito | Cruzeiros Egito Pacotes | Viagem ao Egito\" \/>\n<meta property=\"article:modified_time\" content=\"2020-01-16T16:12:40+00:00\" \/>\n<meta name=\"twitter:card\" content=\"summary_large_image\" \/>\n<meta name=\"twitter:label1\" content=\"Tempo estimado de leitura\" \/>\n\t<meta name=\"twitter:data1\" content=\"1 minuto\" \/>\n<script type=\"application\/ld+json\" class=\"yoast-schema-graph\">{\"@context\":\"https:\/\/schema.org\",\"@graph\":[{\"@type\":\"Organization\",\"@id\":\"https:\/\/www.viajarporegipto.com\/#organization\",\"name\":\"Viajes por el Mundo\",\"url\":\"https:\/\/www.viajarporegipto.com\/\",\"sameAs\":[\"https:\/\/www.youtube.com\/channel\/UCSfYTcdsPNlTaH1_piHdtsg\"],\"logo\":{\"@type\":\"ImageObject\",\"@id\":\"https:\/\/www.viajarporegipto.com\/#logo\",\"inLanguage\":\"pt-PT\",\"url\":\"https:\/\/www.viajarporegipto.com\/wp-content\/uploads\/2019\/09\/Logo-Viajes-por-el-Mundo.jpg\",\"contentUrl\":\"https:\/\/www.viajarporegipto.com\/wp-content\/uploads\/2019\/09\/Logo-Viajes-por-el-Mundo.jpg\",\"width\":316,\"height\":235,\"caption\":\"Viajes por el Mundo\"},\"image\":{\"@id\":\"https:\/\/www.viajarporegipto.com\/#logo\"}},{\"@type\":\"WebSite\",\"@id\":\"https:\/\/www.viajarporegipto.com\/#website\",\"url\":\"https:\/\/www.viajarporegipto.com\/\",\"name\":\"Viajar para o Egito | Cruzeiros Egito Pacotes | Viagem ao Egito\",\"description\":\"Os melhores ofertas cruzeiros Egito Pacotes. Viajar para o Egito e aproveite. Pre\\u00e7os no \\u00faltimo minuto em tu Viagem ao Egito.\",\"publisher\":{\"@id\":\"https:\/\/www.viajarporegipto.com\/#organization\"},\"potentialAction\":[{\"@type\":\"SearchAction\",\"target\":{\"@type\":\"EntryPoint\",\"urlTemplate\":\"https:\/\/www.viajarporegipto.com\/?s={search_term_string}\"},\"query-input\":\"required name=search_term_string\"}],\"inLanguage\":\"pt-PT\"},{\"@type\":\"WebPage\",\"@id\":\"https:\/\/www.viajarporegipto.com\/pt-pt\/links-de-interesse\/#webpage\",\"url\":\"https:\/\/www.viajarporegipto.com\/pt-pt\/links-de-interesse\/\",\"name\":\"Links \\u00fateis para viajantes ao Egito\",\"isPartOf\":{\"@id\":\"https:\/\/www.viajarporegipto.com\/#website\"},\"datePublished\":\"2019-11-27T08:34:04+00:00\",\"dateModified\":\"2020-01-16T16:12:40+00:00\",\"description\":\"Nesta p\\u00e1gina, oferecemos uma sele\\u00e7\\u00e3o de p\\u00e1ginas da web que podem ser \\u00fateis. Eles s\\u00e3o links de interesse dos viajantes para o Egito e outros destinos.\",\"breadcrumb\":{\"@id\":\"https:\/\/www.viajarporegipto.com\/pt-pt\/links-de-interesse\/#breadcrumb\"},\"inLanguage\":\"pt-PT\",\"potentialAction\":[{\"@type\":\"ReadAction\",\"target\":[\"https:\/\/www.viajarporegipto.com\/pt-pt\/links-de-interesse\/\"]}]},{\"@type\":\"BreadcrumbList\",\"@id\":\"https:\/\/www.viajarporegipto.com\/pt-pt\/links-de-interesse\/#breadcrumb\",\"itemListElement\":[{\"@type\":\"ListItem\",\"position\":1,\"name\":\"Portada\",\"item\":\"https:\/\/www.viajarporegipto.com\/pt-pt\/\"},{\"@type\":\"ListItem\",\"position\":2,\"name\":\"Links de interesse\"}]}]}<\/script>\n<!-- \/ Yoast SEO plugin. -->","yoast_head_json":{"description":"Nesta p\u00e1gina, oferecemos uma sele\u00e7\u00e3o de p\u00e1ginas da web que podem ser \u00fateis. Eles s\u00e3o links de interesse dos viajantes para o Egito e outros destinos.","robots":{"index":"index","follow":"follow","max-snippet":"max-snippet:-1","max-image-preview":"max-image-preview:large","max-video-preview":"max-video-preview:-1"},"canonical":"https:\/\/www.viajarporegipto.com\/pt-pt\/links-de-interesse\/","og_locale":"pt_PT","og_type":"article","og_title":"Links \u00fateis para viajantes ao Egito","og_description":"Nesta p\u00e1gina, oferecemos uma sele\u00e7\u00e3o de p\u00e1ginas da web que podem ser \u00fateis. Eles s\u00e3o links de interesse dos viajantes para o Egito e outros destinos.","og_url":"https:\/\/www.viajarporegipto.com\/pt-pt\/links-de-interesse\/","og_site_name":"Viajar para o Egito | Cruzeiros Egito Pacotes | Viagem ao Egito","article_modified_time":"2020-01-16T16:12:40+00:00","twitter_card":"summary_large_image","twitter_misc":{"Tempo estimado de leitura":"1 minuto"},"schema":{"@context":"https:\/\/schema.org","@graph":[{"@type":"Organization","@id":"https:\/\/www.viajarporegipto.com\/#organization","name":"Viajes por el Mundo","url":"https:\/\/www.viajarporegipto.com\/","sameAs":["https:\/\/www.youtube.com\/channel\/UCSfYTcdsPNlTaH1_piHdtsg"],"logo":{"@type":"ImageObject","@id":"https:\/\/www.viajarporegipto.com\/#logo","inLanguage":"pt-PT","url":"https:\/\/www.viajarporegipto.com\/wp-content\/uploads\/2019\/09\/Logo-Viajes-por-el-Mundo.jpg","contentUrl":"https:\/\/www.viajarporegipto.com\/wp-content\/uploads\/2019\/09\/Logo-Viajes-por-el-Mundo.jpg","width":316,"height":235,"caption":"Viajes por el Mundo"},"image":{"@id":"https:\/\/www.viajarporegipto.com\/#logo"}},{"@type":"WebSite","@id":"https:\/\/www.viajarporegipto.com\/#website","url":"https:\/\/www.viajarporegipto.com\/","name":"Viajar para o Egito | Cruzeiros Egito Pacotes | Viagem ao Egito","description":"Os melhores ofertas cruzeiros Egito Pacotes. Viajar para o Egito e aproveite. Pre\u00e7os no \u00faltimo minuto em tu Viagem ao Egito.","publisher":{"@id":"https:\/\/www.viajarporegipto.com\/#organization"},"potentialAction":[{"@type":"SearchAction","target":{"@type":"EntryPoint","urlTemplate":"https:\/\/www.viajarporegipto.com\/?s={search_term_string}"},"query-input":"required name=search_term_string"}],"inLanguage":"pt-PT"},{"@type":"WebPage","@id":"https:\/\/www.viajarporegipto.com\/pt-pt\/links-de-interesse\/#webpage","url":"https:\/\/www.viajarporegipto.com\/pt-pt\/links-de-interesse\/","name":"Links \u00fateis para viajantes ao Egito","isPartOf":{"@id":"https:\/\/www.viajarporegipto.com\/#website"},"datePublished":"2019-11-27T08:34:04+00:00","dateModified":"2020-01-16T16:12:40+00:00","description":"Nesta p\u00e1gina, oferecemos uma sele\u00e7\u00e3o de p\u00e1ginas da web que podem ser \u00fateis. Eles s\u00e3o links de interesse dos viajantes para o Egito e outros destinos.","breadcrumb":{"@id":"https:\/\/www.viajarporegipto.com\/pt-pt\/links-de-interesse\/#breadcrumb"},"inLanguage":"pt-PT","potentialAction":[{"@type":"ReadAction","target":["https:\/\/www.viajarporegipto.com\/pt-pt\/links-de-interesse\/"]}]},{"@type":"BreadcrumbList","@id":"https:\/\/www.viajarporegipto.com\/pt-pt\/links-de-interesse\/#breadcrumb","itemListElement":[{"@type":"ListItem","position":1,"name":"Portada","item":"https:\/\/www.viajarporegipto.com\/pt-pt\/"},{"@type":"ListItem","position":2,"name":"Links de interesse"}]}]}},"_links":{"self":[{"href":"https:\/\/www.viajarporegipto.com\/pt-pt\/wp-json\/wp\/v2\/pages\/2658"}],"collection":[{"href":"https:\/\/www.viajarporegipto.com\/pt-pt\/wp-json\/wp\/v2\/pages"}],"about":[{"href":"https:\/\/www.viajarporegipto.com\/pt-pt\/wp-json\/wp\/v2\/types\/page"}],"author":[{"embeddable":true,"href":"https:\/\/www.viajarporegipto.com\/pt-pt\/wp-json\/wp\/v2\/users\/1"}],"replies":[{"embeddable":true,"href":"https:\/\/www.viajarporegipto.com\/pt-pt\/wp-json\/wp\/v2\/comments?post=2658"}],"version-history":[{"count":12,"href":"https:\/\/www.viajarporegipto.com\/pt-pt\/wp-json\/wp\/v2\/pages\/2658\/revisions"}],"predecessor-version":[{"id":3374,"href":"https:\/\/www.viajarporegipto.com\/pt-pt\/wp-json\/wp\/v2\/pages\/2658\/revisions\/3374"}],"wp:attachment":[{"href":"https:\/\/www.viajarporegipto.com\/pt-pt\/wp-json\/wp\/v2\/media?parent=2658"}],"curies":[{"name":"wp","href":"https:\/\/api.w.org\/{rel}","templated":true}]}}