{"id":2668,"date":"2019-11-27T13:11:55","date_gmt":"2019-11-27T12:11:55","guid":{"rendered":"https:\/\/www.viajarporegipto.com\/?page_id=2668"},"modified":"2021-03-31T10:06:35","modified_gmt":"2021-03-31T08:06:35","slug":"contato","status":"publish","type":"page","link":"https:\/\/www.viajarporegipto.com\/pt-pt\/contato\/","title":{"rendered":"Formul\u00e1rio de contato"},"content":{"rendered":"<ul>\n<li class=\"lead\">Voc\u00ea pode solicitar mais informa\u00e7\u00f5es ou reservar alguma de nossas viagens pelos telefones <strong>+34 965 162 742<\/strong> e <strong>+34 695 580 851<\/strong>.<\/li>\n<li class=\"lead\">Ou tamb\u00e9m ligando ou escrevendo por WhatsApp, Viber ou Telegram em <strong>+34 695 580 851<\/strong>.<\/li>\n<li class=\"lead\">Voc\u00ea tamb\u00e9m pode nos enviar seus dados preenchendo este formul\u00e1rio e entraremos em contato imediatamente.<\/li>\n<\/ul>\n<hr class=\"small\" \/>\n<div style=\"width: 600px; text-align: left; margin: 0 auto;\">\t\t<div data-elementor-type=\"section\" data-elementor-id=\"5798\" class=\"elementor elementor-5798 elementor-5561\" data-elementor-settings=\"[]\">\n\t\t<div class=\"elementor-section-wrap\">\n\t\t\t\t\t<section class=\"elementor-section elementor-top-section elementor-element elementor-element-82d8308 elementor-section-boxed elementor-section-height-default elementor-section-height-default\" data-id=\"82d8308\" data-element_type=\"section\">\n\t\t\t\t\t\t<div class=\"elementor-container elementor-column-gap-default\">\n\t\t\t\t\t\t\t<div class=\"elementor-row\">\n\t\t\t\t\t<div class=\"elementor-column elementor-col-100 elementor-top-column elementor-element elementor-element-e50a2c3\" data-id=\"e50a2c3\" data-element_type=\"column\">\n\t\t\t<div class=\"elementor-column-wrap elementor-element-populated\">\n\t\t\t\t\t\t\t<div class=\"elementor-widget-wrap\">\n\t\t\t\t\t\t<div class=\"elementor-element elementor-element-a7f2d78 elementor-button-align-center elementor-widget elementor-widget-form\" data-id=\"a7f2d78\" data-element_type=\"widget\" data-settings=\"{&quot;step_next_label&quot;:&quot;Next&quot;,&quot;step_previous_label&quot;:&quot;Previous&quot;,&quot;button_width&quot;:&quot;100&quot;,&quot;step_type&quot;:&quot;number_text&quot;,&quot;step_icon_shape&quot;:&quot;circle&quot;}\" data-widget_type=\"form.default\">\n\t\t\t\t<div class=\"elementor-widget-container\">\n\t\t\t\t\t<form class=\"elementor-form\" method=\"post\" name=\"New Form\">\n\t\t\t<input type=\"hidden\" name=\"post_id\" value=\"5798\"\/>\n\t\t\t<input type=\"hidden\" name=\"form_id\" value=\"a7f2d78\"\/>\n\t\t\t<input type=\"hidden\" name=\"referer_title\" value=\"Viajar para o Egito | Cruzeiros Egito Pacotes | Viagem ao Egito\" \/>\n\n\t\t\t\n\t\t\t<div class=\"elementor-form-fields-wrapper elementor-labels-above\">\n\t\t\t\t\t\t\t\t<div class=\"elementor-field-type-text elementor-field-group elementor-column elementor-field-group-name elementor-col-100 elementor-field-required\">\n\t\t\t\t\t<label for=\"form-field-name\" class=\"elementor-field-label\">Nome<\/label><input size=\"1\" type=\"text\" name=\"form_fields[name]\" id=\"form-field-name\" class=\"elementor-field elementor-size-md  elementor-field-textual\" required=\"required\" aria-required=\"true\">\t\t\t\t<\/div>\n\t\t\t\t\t\t\t\t<div class=\"elementor-field-type-email elementor-field-group elementor-column elementor-field-group-email elementor-col-100 elementor-field-required\">\n\t\t\t\t\t<label for=\"form-field-email\" class=\"elementor-field-label\">Correio Eletr\u00f4nico<\/label><input size=\"1\" type=\"email\" name=\"form_fields[email]\" id=\"form-field-email\" class=\"elementor-field elementor-size-md  elementor-field-textual\" required=\"required\" aria-required=\"true\">\t\t\t\t<\/div>\n\t\t\t\t\t\t\t\t<div class=\"elementor-field-type-select elementor-field-group elementor-column elementor-field-group-field_ca75968 elementor-col-100 elementor-field-required\">\n\t\t\t\t\t<label for=\"form-field-field_ca75968\" class=\"elementor-field-label\">C\u00f3digo do pa\u00eds<\/label>\t\t<div class=\"elementor-field elementor-select-wrapper \">\n\t\t\t<select name=\"form_fields[field_ca75968]\" id=\"form-field-field_ca75968\" class=\"elementor-field-textual elementor-size-md\" required=\"required\" aria-required=\"true\">\n\t\t\t\t<option value=\" Brasil +55\">Brasil +55 <\/option><option value=\" Portugal +351\">Portugal +351 <\/option><option value=\" Espanha +34\">Espanha +34 <\/option><option value=\" M\u00e9xico +52\">M\u00e9xico +52 <\/option><option value=\" Peru +51\">Peru +51 <\/option><option value=\" UK +44\">Reino Unido +44 <\/option><option value=\" Fran\u00e7a +33\">Fran\u00e7a +33 <\/option><option value=\" Alemanha +49\">Alemanha +49 <\/option><option value=\" \u00c1ustria +43\">\u00c1ustria +43 <\/option><option value=\"----------------------------------------------------------\">----------------------------------------------------------<\/option><option value=\" Alasca +1907\">Alaska +1907 <\/option><option value=\" Alasca +1907\">Alb\u00e2nia +355 <\/option><option value=\" Andorra +376\">Andorra +376 <\/option><option value=\" Argentina +54\">Argentina +54 <\/option><option value=\" Austr\u00e1lia +61\">Austr\u00e1lia +61 <\/option><option value=\" B\u00e9lgica +32\">B\u00e9lgica +32 <\/option><option value=\" Bol\u00edvia +591\">Bol\u00edvia +591 <\/option><option value=\" B\u00f3snia +387\">B\u00f3snia +387 <\/option><option value=\" Bulg\u00e1ria +359\">Bulg\u00e1ria +359 <\/option><option value=\" Canad\u00e1 +1\">Canad\u00e1 +1 <\/option><option value=\" Chile +56\">Chile +56 <\/option><option value=\" China +86\">China +86 <\/option><option value=\" Chipre +357\">Chipre +357 <\/option><option value=\" Col\u00f4mbia +57\">Col\u00f4mbia +57 <\/option><option value=\" Costa Rica +506\">Costa Rica +506 <\/option><option value=\" Cro\u00e1cia +385\">Cro\u00e1cia +385 <\/option><option value=\" Cuba +53\">Cuba +53 <\/option><option value=\" Dinamarca +45\">Dinamarca +45 <\/option><option value=\" Equador +593\">Equador +593 <\/option><option value=\" Egito +20\">Egito +20 <\/option><option value=\" El Salvador +503\">El Salvador +503 <\/option><option value=\" Eslov\u00eania +386\">Eslov\u00eania +386 <\/option><option value=\" Estados Unidos +1\">Estados Unidos +1 <\/option><option value=\" Est\u00f4nia +372\">Est\u00f4nia +372 <\/option><option value=\" Finl\u00e2ndia +358\">Finl\u00e2ndia +358 <\/option><option value=\" Gibraltar +9567\">Gibraltar +9567 <\/option><option value=\" Gr\u00e9cia +30\">Gr\u00e9cia +30 <\/option><option value=\" Groenl\u00e2ndia +299\">Groenl\u00e2ndia +299 <\/option><option value=\" Guatemala +502\">Guatemala +502 <\/option><option value=\" Haiti +509\">Haiti +509 <\/option><option value=\" Hava\u00ed +1808\">Hawaii +1808 <\/option><option value=\" Honduras +504\">Honduras +504 <\/option><option value=\" Hong Kong +852\">Hong Kong +852 <\/option><option value=\" Hungria +36\">Hungria +36 <\/option><option value=\" \u00cdndia +91\">\u00cdndia +91 <\/option><option value=\" Irlanda +353\">Irlanda +353 <\/option><option value=\" Isl\u00e2ndia +354\">Isl\u00e2ndia +354 <\/option><option value=\" Israel +972\">Israel +972 <\/option><option value=\" It\u00e1lia +39\">It\u00e1lia +39 <\/option><option value=\" Jamaica +1876\">Jamaica +1876 <\/option><option value=\" Jap\u00e3o +81\">Jap\u00e3o +81 <\/option><option value=\" Jordan +962\">Jordan +962 <\/option><option value=\" Let\u00f4nia +371\">Let\u00f4nia +371 <\/option><option value=\" Lib\u00e9ria +231\">Lib\u00e9ria +231 <\/option><option value=\" Liechtenstein +41\">Liechtenstein +41 <\/option><option value=\" Litu\u00e2nia +370\">Litu\u00e2nia +370 <\/option><option value=\" Luxemburgo +352\">Luxemburgo +352 <\/option><option value=\" Malta +356\">Malta +356 <\/option><option value=\" Marrocos +212\">Marrocos +212 <\/option><option value=\" Martinica +596\">Martinica +596 <\/option><option value=\" Mold\u00e1via +373\">Mold\u00e1via +373 <\/option><option value=\" M\u00f4naco +377\">M\u00f4naco +377 <\/option><option value=\" Mo\u00e7ambique +258\">Mo\u00e7ambique +258 <\/option><option value=\" Nicar\u00e1gua +505\">Nicar\u00e1gua +505 <\/option><option value=\" Noruega +47\">Noruega +47 <\/option><option value=\" Nova Zel\u00e2ndia +64\">Nova Zel\u00e2ndia +64 <\/option><option value=\" Holanda +31\">Holanda +31 <\/option><option value=\" Paquist\u00e3o +92\">Paquist\u00e3o +92 <\/option><option value=\" Panama +507\">Panama +507 <\/option><option value=\" Paraguai +595\">Paraguai +595 <\/option><option value=\" Pol\u00f4nia +48\">Pol\u00f4nia +48 <\/option><option value=\" Porto Rico +1787\">Porto Rico +1787 <\/option><option value=\" Rep\u00fablica Dominicana +1809\">Rep\u00fablica Dominicana +1809 <\/option><option value=\" Rep\u00fablica Tcheca +420\">Rep\u00fablica Tcheca +420 <\/option><option value=\" Rep\u00fablica Eslovaca +421\">Rep\u00fablica Eslovaca +421 <\/option><option value=\" Rom\u00eania +40\">Rom\u00eania +40 <\/option><option value=\" R\u00fassia +7\">R\u00fassia +7 <\/option><option value=\" San Marino +378\">San Marino +378 <\/option><option value=\" Singapura +65\">Singapura +65 <\/option><option value=\" \u00c1frica do Sul +27\">\u00c1frica do Sul +27 <\/option><option value=\" Su\u00e9cia +46\">Su\u00e9cia +46 <\/option><option value=\" Su\u00ed\u00e7a +41\">Su\u00ed\u00e7a +41 <\/option><option value=\" Tail\u00e2ndia +66\">Tail\u00e2ndia +66 <\/option><option value=\" Taiwan +886\">Taiwan +886 <\/option><option value=\" Tun\u00edsia +216\">Tun\u00edsia +216 <\/option><option value=\" Turquia +90\">Turquia +90 <\/option><option value=\" Ucr\u00e2nia +380\">Ucr\u00e2nia +380 <\/option><option value=\" Uruguai +598\">Uruguai +598 <\/option><option value=\" Venezuela +58\">Venezuela +58 <\/option><option value=\" Iugosl\u00e1via +381\">Iugosl\u00e1via +381 <\/option>\t\t\t<\/select>\n\t\t<\/div>\n\t\t\t\t\t\t<\/div>\n\t\t\t\t\t\t\t\t<div class=\"elementor-field-type-tel elementor-field-group elementor-column elementor-field-group-field_c83d051 elementor-col-100 elementor-field-required\">\n\t\t\t\t\t<label for=\"form-field-field_c83d051\" class=\"elementor-field-label\">Telefone<\/label><input size=\"1\" type=\"tel\" name=\"form_fields[field_c83d051]\" id=\"form-field-field_c83d051\" class=\"elementor-field elementor-size-md  elementor-field-textual\" required=\"required\" aria-required=\"true\" pattern=\"[0-9()#&amp;+*-=.]+\" title=\"Only numbers and phone characters (#, -, *, etc) are accepted.\">\t\t\t\t<\/div>\n\t\t\t\t\t\t\t\t<div class=\"elementor-field-type-textarea elementor-field-group elementor-column elementor-field-group-message elementor-col-100\">\n\t\t\t\t\t<label for=\"form-field-message\" class=\"elementor-field-label\">Mensagem<\/label><textarea class=\"elementor-field-textual elementor-field  elementor-size-md\" name=\"form_fields[message]\" id=\"form-field-message\" rows=\"4\"><\/textarea>\t\t\t\t<\/div>\n\t\t\t\t\t\t\t\t<div class=\"elementor-field-type-acceptance elementor-field-group elementor-column elementor-field-group-field_2995545 elementor-col-100 elementor-field-required\">\n\t\t\t\t\t<label for=\"form-field-field_2995545\" class=\"elementor-field-label\">Privacidad<\/label><div class=\"elementor-field-subgroup\"><span class=\"elementor-field-option\"><input type=\"checkbox\" name=\"form_fields[field_2995545]\" id=\"form-field-field_2995545\" class=\"elementor-field elementor-size-md  elementor-acceptance-field\" required=\"required\" aria-required=\"true\"> <label for=\"form-field-field_2995545\">  Eu li e aceito a  <a href=\"https:\/\/www.viajarporegipto.com\/pt-pt\/politica-de-privacidade\/\" target=\"_blank\" rel=\"noopener noreferrer\">pol\u00edtica de privacidade<\/a>\n<\/label><\/span><\/div>\t\t\t\t<\/div>\n\t\t\t\t\t\t\t\t<div class=\"elementor-field-type-recaptcha elementor-field-group elementor-column elementor-field-group-field_28b8348 elementor-col-100\">\n\t\t\t\t\t<div class=\"elementor-field\" id=\"form-field-field_28b8348\"><div class=\"elementor-g-recaptcha\" data-sitekey=\"6LceWPwUAAAAAMMNeRBRuotzKwNpnXaHVsG9HwTI\" data-type=\"v2_checkbox\" data-theme=\"light\" data-size=\"normal\"><\/div><\/div>\t\t\t\t<\/div>\n\t\t\t\t\t\t\t\t<div class=\"elementor-field-group elementor-column elementor-field-type-submit elementor-col-100 e-form__buttons\">\n\t\t\t\t\t<button type=\"submit\" class=\"elementor-button elementor-size-md\">\n\t\t\t\t\t\t<span >\n\t\t\t\t\t\t\t\t\t\t\t\t\t\t\t<span class=\" elementor-button-icon\">\n\t\t\t\t\t\t\t\t\t\t\t\t\t\t\t\t\t\t\t\t\t\t\t\t\t\t<\/span>\n\t\t\t\t\t\t\t\t\t\t\t\t\t\t\t\t\t\t\t\t\t\t<span class=\"elementor-button-text\">Enviar solicita\u00e7\u00e3o<\/span>\n\t\t\t\t\t\t\t\t\t\t\t\t\t<\/span>\n\t\t\t\t\t<\/button>\n\t\t\t\t<\/div>\n\t\t\t<\/div>\n\t\t<\/form>\n\t\t\t\t<\/div>\n\t\t\t\t<\/div>\n\t\t\t\t\t\t<\/div>\n\t\t\t\t\t<\/div>\n\t\t<\/div>\n\t\t\t\t\t\t\t\t<\/div>\n\t\t\t\t\t<\/div>\n\t\t<\/section>\n\t\t\t\t<\/div>\n\t\t<\/div>\n\t\t<\/div>\n<hr class=\"small\" \/>\n<div>\n<h3>Informa\u00e7\u00e3o<\/h3>\n<p>ViajarporEgipto.com \u00e9 um produto registrado pela ag\u00eancia Viajes por el Mundo C.I.F. 28700378N.<br \/>\nCom sede em Alcalde Alfonso Rojas, 6 &#8211; Mezanino, Escrit\u00f3rio 17. 03004 Alicante &#8211; Espanha. Licen\u00e7a de Turismo CV-m1440-A.<\/p>\n<p><strong>Viajes por el Mundo.<br \/>\nAlcalde Alfonso Rojas, 6 &#8211; Escrit\u00f3rio 17<br \/>\n03004 Alicante &#8211; Espanha<\/strong><br \/>\nTelefone: +34 965 162 742<br \/>\nCelular: +34 695 580 851 (WhatsApp)<br \/>\nE-mail:\u00a0<a href=\"mailto:info@viajarporelmundo.com\">info@viajarporelmundo.com<\/a><\/p>\n<hr class=\"small\" \/>\n<h3>INFORMA\u00c7\u00c3O SOBRE PROTE\u00c7\u00c3O DE DADOS<\/h3>\n<p style=\"text-align: left;\">Viajes por el Mundo informa que os dados pessoais que voc\u00ea nos fornece preenchendo este formul\u00e1rio ser\u00e3o tratados por Juan Adrada Lozano &#8211; Viajes por el Mundo (https:\/\/www.viajarporegipto.com) como respons\u00e1vel por este site.<\/p>\n<p style=\"text-align: left;\">O objetivo da coleta e processamento dos dados pessoais solicitados \u00e9 gerenciar a solicita\u00e7\u00e3o que voc\u00ea faz neste formul\u00e1rio de contato.<\/p>\n<p style=\"text-align: left;\">Legitima\u00e7\u00e3o: consentimento da parte interessada.<\/p>\n<p style=\"text-align: left;\">Como usu\u00e1rio e interessado, informo que os dados que voc\u00ea me fornecer estar\u00e3o localizados nos servidores do Cdmon (provedor de hospedagem de https:\/\/www.viajarporegipto.com) na Espanha. Veja a <a href=\"https:\/\/www.cdmon.com\/es\/contratos\/aviso-legal-y-politica-de-privacidad-de-datos-20180525\" target=\"_blank\" rel=\"nofollow noopener noreferrer\">pol\u00edtica de privacidade do Cdmon<\/a>.<\/p>\n<p style=\"text-align: left;\">O fato de voc\u00ea n\u00e3o inserir os dados pessoais que aparecem no formul\u00e1rio como obrigat\u00f3rios pode ter a consequ\u00eancia de que eles n\u00e3o podem atender \u00e0 sua solicita\u00e7\u00e3o.<\/p>\n<p style=\"text-align: left;\">Voc\u00ea pode exercer seus direitos de acesso, retifica\u00e7\u00e3o, limita\u00e7\u00e3o e excluir os dados em info@viajarporelmundo.com, bem como o direito de registrar uma reclama\u00e7\u00e3o com uma autoridade de controle.<\/p>\n<p style=\"text-align: left;\">Voc\u00ea pode consultar as informa\u00e7\u00f5es adicionais e detalhadas sobre prote\u00e7\u00e3o de dados em nosso site: <a href=\"https:\/\/www.viajarporegipto.com\/pt-pt\/politica-de-privacidade\/\">https:\/\/www.viajarporegipto.com\/pt-pt\/politica-de-privacidade\/<\/a>, onde nossa pol\u00edtica de privacidade \u00e9 detalhada.<\/p>\n<\/div>\n","protected":false},"excerpt":{"rendered":"<p>Voc\u00ea pode solicitar mais informa\u00e7\u00f5es ou reservar alguma de nossas viagens pelos telefones +34 965 162 742 e +34 695 580 851. Ou tamb\u00e9m ligando ou escrevendo por WhatsApp, Viber ou Telegram em +34 695 580 851. Voc\u00ea tamb\u00e9m pode nos enviar seus dados preenchendo este formul\u00e1rio e entraremos em contato imediatamente. Informa\u00e7\u00e3o ViajarporEgipto.com \u00e9 um produto registrado pela ag\u00eancia &hellip;<\/p>\n","protected":false},"author":1,"featured_media":0,"parent":0,"menu_order":0,"comment_status":"closed","ping_status":"closed","template":"templates\/page-narrow.php","meta":[],"yoast_head":"<!-- This site is optimized with the Yoast SEO plugin v16.8 - https:\/\/yoast.com\/wordpress\/plugins\/seo\/ -->\n<meta name=\"description\" content=\"Entre em contato conosco se tiver alguma d\u00favida sobre nossas ofertas de desconto, se planeja viajar para o Egito ou em um cruzeiro no Nilo.\" \/>\n<meta name=\"robots\" content=\"index, follow, max-snippet:-1, max-image-preview:large, max-video-preview:-1\" \/>\n<link rel=\"canonical\" href=\"https:\/\/www.viajarporegipto.com\/pt-pt\/contato\/\" \/>\n<meta property=\"og:locale\" content=\"pt_PT\" \/>\n<meta property=\"og:type\" content=\"article\" \/>\n<meta property=\"og:title\" content=\"Formul\u00e1rio de contato para viajar pelo Egito\" \/>\n<meta property=\"og:description\" content=\"Entre em contato conosco se tiver alguma d\u00favida sobre nossas ofertas de desconto, se planeja viajar para o Egito ou em um cruzeiro no Nilo.\" \/>\n<meta property=\"og:url\" content=\"https:\/\/www.viajarporegipto.com\/pt-pt\/contato\/\" \/>\n<meta property=\"og:site_name\" content=\"Viajar para o Egito | Cruzeiros Egito Pacotes | Viagem ao Egito\" \/>\n<meta property=\"article:modified_time\" content=\"2021-03-31T08:06:35+00:00\" \/>\n<meta name=\"twitter:card\" content=\"summary_large_image\" \/>\n<meta name=\"twitter:label1\" content=\"Tempo estimado de leitura\" \/>\n\t<meta name=\"twitter:data1\" content=\"2 minutos\" \/>\n<script type=\"application\/ld+json\" class=\"yoast-schema-graph\">{\"@context\":\"https:\/\/schema.org\",\"@graph\":[{\"@type\":\"Organization\",\"@id\":\"https:\/\/www.viajarporegipto.com\/#organization\",\"name\":\"Viajes por el Mundo\",\"url\":\"https:\/\/www.viajarporegipto.com\/\",\"sameAs\":[\"https:\/\/www.youtube.com\/channel\/UCSfYTcdsPNlTaH1_piHdtsg\"],\"logo\":{\"@type\":\"ImageObject\",\"@id\":\"https:\/\/www.viajarporegipto.com\/#logo\",\"inLanguage\":\"pt-PT\",\"url\":\"https:\/\/www.viajarporegipto.com\/wp-content\/uploads\/2019\/09\/Logo-Viajes-por-el-Mundo.jpg\",\"contentUrl\":\"https:\/\/www.viajarporegipto.com\/wp-content\/uploads\/2019\/09\/Logo-Viajes-por-el-Mundo.jpg\",\"width\":316,\"height\":235,\"caption\":\"Viajes por el Mundo\"},\"image\":{\"@id\":\"https:\/\/www.viajarporegipto.com\/#logo\"}},{\"@type\":\"WebSite\",\"@id\":\"https:\/\/www.viajarporegipto.com\/#website\",\"url\":\"https:\/\/www.viajarporegipto.com\/\",\"name\":\"Viajar para o Egito | Cruzeiros Egito Pacotes | Viagem ao Egito\",\"description\":\"Os melhores ofertas cruzeiros Egito Pacotes. Viajar para o Egito e aproveite. Pre\\u00e7os no \\u00faltimo minuto em tu Viagem ao Egito.\",\"publisher\":{\"@id\":\"https:\/\/www.viajarporegipto.com\/#organization\"},\"potentialAction\":[{\"@type\":\"SearchAction\",\"target\":{\"@type\":\"EntryPoint\",\"urlTemplate\":\"https:\/\/www.viajarporegipto.com\/?s={search_term_string}\"},\"query-input\":\"required name=search_term_string\"}],\"inLanguage\":\"pt-PT\"},{\"@type\":\"WebPage\",\"@id\":\"https:\/\/www.viajarporegipto.com\/pt-pt\/contato\/#webpage\",\"url\":\"https:\/\/www.viajarporegipto.com\/pt-pt\/contato\/\",\"name\":\"Formul\\u00e1rio de contato para viajar pelo Egito\",\"isPartOf\":{\"@id\":\"https:\/\/www.viajarporegipto.com\/#website\"},\"datePublished\":\"2019-11-27T12:11:55+00:00\",\"dateModified\":\"2021-03-31T08:06:35+00:00\",\"description\":\"Entre em contato conosco se tiver alguma d\\u00favida sobre nossas ofertas de desconto, se planeja viajar para o Egito ou em um cruzeiro no Nilo.\",\"breadcrumb\":{\"@id\":\"https:\/\/www.viajarporegipto.com\/pt-pt\/contato\/#breadcrumb\"},\"inLanguage\":\"pt-PT\",\"potentialAction\":[{\"@type\":\"ReadAction\",\"target\":[\"https:\/\/www.viajarporegipto.com\/pt-pt\/contato\/\"]}]},{\"@type\":\"BreadcrumbList\",\"@id\":\"https:\/\/www.viajarporegipto.com\/pt-pt\/contato\/#breadcrumb\",\"itemListElement\":[{\"@type\":\"ListItem\",\"position\":1,\"name\":\"Portada\",\"item\":\"https:\/\/www.viajarporegipto.com\/pt-pt\/\"},{\"@type\":\"ListItem\",\"position\":2,\"name\":\"Formul\\u00e1rio de contato\"}]}]}<\/script>\n<!-- \/ Yoast SEO plugin. -->","yoast_head_json":{"description":"Entre em contato conosco se tiver alguma d\u00favida sobre nossas ofertas de desconto, se planeja viajar para o Egito ou em um cruzeiro no Nilo.","robots":{"index":"index","follow":"follow","max-snippet":"max-snippet:-1","max-image-preview":"max-image-preview:large","max-video-preview":"max-video-preview:-1"},"canonical":"https:\/\/www.viajarporegipto.com\/pt-pt\/contato\/","og_locale":"pt_PT","og_type":"article","og_title":"Formul\u00e1rio de contato para viajar pelo Egito","og_description":"Entre em contato conosco se tiver alguma d\u00favida sobre nossas ofertas de desconto, se planeja viajar para o Egito ou em um cruzeiro no Nilo.","og_url":"https:\/\/www.viajarporegipto.com\/pt-pt\/contato\/","og_site_name":"Viajar para o Egito | Cruzeiros Egito Pacotes | Viagem ao Egito","article_modified_time":"2021-03-31T08:06:35+00:00","twitter_card":"summary_large_image","twitter_misc":{"Tempo estimado de leitura":"2 minutos"},"schema":{"@context":"https:\/\/schema.org","@graph":[{"@type":"Organization","@id":"https:\/\/www.viajarporegipto.com\/#organization","name":"Viajes por el Mundo","url":"https:\/\/www.viajarporegipto.com\/","sameAs":["https:\/\/www.youtube.com\/channel\/UCSfYTcdsPNlTaH1_piHdtsg"],"logo":{"@type":"ImageObject","@id":"https:\/\/www.viajarporegipto.com\/#logo","inLanguage":"pt-PT","url":"https:\/\/www.viajarporegipto.com\/wp-content\/uploads\/2019\/09\/Logo-Viajes-por-el-Mundo.jpg","contentUrl":"https:\/\/www.viajarporegipto.com\/wp-content\/uploads\/2019\/09\/Logo-Viajes-por-el-Mundo.jpg","width":316,"height":235,"caption":"Viajes por el Mundo"},"image":{"@id":"https:\/\/www.viajarporegipto.com\/#logo"}},{"@type":"WebSite","@id":"https:\/\/www.viajarporegipto.com\/#website","url":"https:\/\/www.viajarporegipto.com\/","name":"Viajar para o Egito | Cruzeiros Egito Pacotes | Viagem ao Egito","description":"Os melhores ofertas cruzeiros Egito Pacotes. Viajar para o Egito e aproveite. Pre\u00e7os no \u00faltimo minuto em tu Viagem ao Egito.","publisher":{"@id":"https:\/\/www.viajarporegipto.com\/#organization"},"potentialAction":[{"@type":"SearchAction","target":{"@type":"EntryPoint","urlTemplate":"https:\/\/www.viajarporegipto.com\/?s={search_term_string}"},"query-input":"required name=search_term_string"}],"inLanguage":"pt-PT"},{"@type":"WebPage","@id":"https:\/\/www.viajarporegipto.com\/pt-pt\/contato\/#webpage","url":"https:\/\/www.viajarporegipto.com\/pt-pt\/contato\/","name":"Formul\u00e1rio de contato para viajar pelo Egito","isPartOf":{"@id":"https:\/\/www.viajarporegipto.com\/#website"},"datePublished":"2019-11-27T12:11:55+00:00","dateModified":"2021-03-31T08:06:35+00:00","description":"Entre em contato conosco se tiver alguma d\u00favida sobre nossas ofertas de desconto, se planeja viajar para o Egito ou em um cruzeiro no Nilo.","breadcrumb":{"@id":"https:\/\/www.viajarporegipto.com\/pt-pt\/contato\/#breadcrumb"},"inLanguage":"pt-PT","potentialAction":[{"@type":"ReadAction","target":["https:\/\/www.viajarporegipto.com\/pt-pt\/contato\/"]}]},{"@type":"BreadcrumbList","@id":"https:\/\/www.viajarporegipto.com\/pt-pt\/contato\/#breadcrumb","itemListElement":[{"@type":"ListItem","position":1,"name":"Portada","item":"https:\/\/www.viajarporegipto.com\/pt-pt\/"},{"@type":"ListItem","position":2,"name":"Formul\u00e1rio de contato"}]}]}},"_links":{"self":[{"href":"https:\/\/www.viajarporegipto.com\/pt-pt\/wp-json\/wp\/v2\/pages\/2668"}],"collection":[{"href":"https:\/\/www.viajarporegipto.com\/pt-pt\/wp-json\/wp\/v2\/pages"}],"about":[{"href":"https:\/\/www.viajarporegipto.com\/pt-pt\/wp-json\/wp\/v2\/types\/page"}],"author":[{"embeddable":true,"href":"https:\/\/www.viajarporegipto.com\/pt-pt\/wp-json\/wp\/v2\/users\/1"}],"replies":[{"embeddable":true,"href":"https:\/\/www.viajarporegipto.com\/pt-pt\/wp-json\/wp\/v2\/comments?post=2668"}],"version-history":[{"count":11,"href":"https:\/\/www.viajarporegipto.com\/pt-pt\/wp-json\/wp\/v2\/pages\/2668\/revisions"}],"predecessor-version":[{"id":5803,"href":"https:\/\/www.viajarporegipto.com\/pt-pt\/wp-json\/wp\/v2\/pages\/2668\/revisions\/5803"}],"wp:attachment":[{"href":"https:\/\/www.viajarporegipto.com\/pt-pt\/wp-json\/wp\/v2\/media?parent=2668"}],"curies":[{"name":"wp","href":"https:\/\/api.w.org\/{rel}","templated":true}]}}