{"id":2686,"date":"2019-11-27T14:00:15","date_gmt":"2019-11-27T13:00:15","guid":{"rendered":"https:\/\/www.viajarporegipto.com\/?page_id=2686"},"modified":"2021-06-11T11:55:05","modified_gmt":"2021-06-11T09:55:05","slug":"aviso-legal","status":"publish","type":"page","link":"https:\/\/www.viajarporegipto.com\/pt-pt\/aviso-legal\/","title":{"rendered":"Aviso Legal"},"content":{"rendered":"<h2>Identifica\u00e7\u00e3o e propriedade<\/h2>\n<p>Em cumprimento ao artigo 10 da Lei 34\/2002, de 11 de julho, sobre Servi\u00e7os da Sociedade da Informa\u00e7\u00e3o e Com\u00e9rcio Eletr\u00f4nico, o Titular exp\u00f5e seus dados de identifica\u00e7\u00e3o.<\/p>\n<ul>\n<li><b> Propriet\u00e1rio: <\/b> Juan Adrada Lozano.<\/li>\n<li><b> NIF: <\/b> 28700378N<\/li>\n<li><b> Endere\u00e7o: <\/b> Prefeito Alfonso de Rojas, 8, 21\u00ba \u00e0 esquerda, Alicante &#8211; Espanha.<\/li>\n<li><b> E-mail: <\/b> juanadrada@viajarporelmundo.com<\/li>\n<li><b> Site: <\/b> <a href=\"https:\/\/www.viajarporegipto.com\/\"> https:\/\/www.viajarporegipto.com <\/a><\/li>\n<\/ul>\n<h2>Objetivo<\/h2>\n<p>O objetivo do site <a href=\"https:\/\/www.viajarporegipto.com\/\"> https:\/\/www.viajarporegipto.com <\/a> \u00e9 uma ag\u00eancia de viagens.<\/p>\n<h2>Condi\u00e7\u00f5es de uso<\/h2>\n<p>A utiliza\u00e7\u00e3o do site confere-lhe o estatuto de Utilizador, e implica a plena aceita\u00e7\u00e3o de todas as cl\u00e1usulas e condi\u00e7\u00f5es de utiliza\u00e7\u00e3o inclu\u00eddas nas p\u00e1ginas:<\/p>\n<ul>\n<li><a href=\"https:\/\/www.viajarporegipto.com\/pt-pt\/aviso-legal\/\"> Aviso legal <\/a><\/li>\n<li><a href=\"https:\/\/www.viajarporegipto.com\/pt-pt\/politica-de-privacidade\/\"> Pol\u00edtica de privacidade <\/a><\/li>\n<li><a href=\"https:\/\/www.viajarporegipto.com\/pt-pt\/politica-de-cookies\/\"> Pol\u00edtica de cookies <\/a><\/li>\n<\/ul>\n<p>Se voc\u00ea n\u00e3o estiver satisfeito com todas e cada uma dessas cl\u00e1usulas e condi\u00e7\u00f5es, n\u00e3o usar\u00e1 este site.<\/p>\n<p>O acesso a este site n\u00e3o implica, de forma alguma, o in\u00edcio de uma rela\u00e7\u00e3o comercial com Juan Adrada Lozano.<\/p>\n<p>Atrav\u00e9s deste site, o Propriet\u00e1rio fornece acesso e uso de diversos conte\u00fados que o Propriet\u00e1rio ou seus colaboradores tenham publicado na Internet.<\/p>\n<p>Para o efeito, compromete-se e compromete-se a N\u00c3O utilizar nenhum dos conte\u00fados do site para fins ou efeitos ilegais, proibidos neste Aviso Legal ou pela legisla\u00e7\u00e3o em vigor, prejudiciais aos direitos e interesses de terceiros, ou que de qualquer forma possam danificar, desabilitar, sobrecarregar, deteriorar ou impedir o uso normal de conte\u00fados, equipamentos de inform\u00e1tica ou documentos, arquivos e todo tipo de conte\u00fado armazenado em qualquer equipamento de inform\u00e1tica de propriedade ou contratado por Juan Adrada Lozano, outros usu\u00e1rios ou qualquer usu\u00e1rio da Internet.<\/p>\n<h2>Medidas de seguran\u00e7a<\/h2>\n<p>Os dados pessoais que fornecer ao Propriet\u00e1rio podem ser armazenados em bases de dados automatizadas ou n\u00e3o, cuja titularidade corresponde exclusivamente a Juan Adrada Lozano, que assume todas as medidas t\u00e9cnicas, organizacionais e de seguran\u00e7a que garantam a confidencialidade, integridade e qualidade das informa\u00e7\u00f5es nelas contidas de acordo com as disposi\u00e7\u00f5es dos regulamentos atuais de prote\u00e7\u00e3o de dados.<\/p>\n<p>No entanto, voc\u00ea deve estar ciente de que as medidas de seguran\u00e7a dos sistemas de computador na Internet n\u00e3o s\u00e3o totalmente confi\u00e1veis \u200b\u200be que, portanto, o Propriet\u00e1rio n\u00e3o pode garantir a aus\u00eancia de v\u00edrus ou outros elementos que possam causar altera\u00e7\u00f5es nos sistemas de computador (software e hardware) do Utilizador ou nos seus documentos e ficheiros eletr\u00f3nicos neles contidos, embora o Titular coloque todos os meios necess\u00e1rios e tome as medidas de seguran\u00e7a adequadas para evitar a presen\u00e7a destes elementos nocivos.<\/p>\n<h2>Processamento de dados pessoais<\/h2>\n<p>Voc\u00ea pode consultar todas as informa\u00e7\u00f5es sobre o processamento de dados pessoais que o Propriet\u00e1rio coleta na p\u00e1gina <a href=\"https:\/\/www.viajarporegipto.com\/pt-pt\/politica-de-privacidade\/\"> Pol\u00edtica de Privacidade <\/a>.<\/p>\n<h2>Conte\u00fado<\/h2>\n<p>O Propriet\u00e1rio obteve as informa\u00e7\u00f5es, conte\u00fados multim\u00eddia e materiais inclu\u00eddos no site de fontes que considera confi\u00e1veis, mas, embora tenha tomado todas as medidas cab\u00edveis para garantir que as informa\u00e7\u00f5es contidas sejam corretas, o Propriet\u00e1rio n\u00e3o garante que sejam precisas. , completo ou atualizado. Juan Adrada Lozano declina expressamente qualquer responsabilidade por erros ou omiss\u00f5es nas informa\u00e7\u00f5es contidas nas p\u00e1ginas deste site.<\/p>\n<p>\u00c9 proibido transmitir ou enviar atrav\u00e9s do site qualquer conte\u00fado ilegal ou il\u00edcito, v\u00edrus de computador ou mensagens que, em geral, afetem ou violem os direitos do Propriet\u00e1rio ou de terceiros.<\/p>\n<p>Os conte\u00fados de <a href=\"https:\/\/www.viajarporegipto.com\/\"> https:\/\/www.viajarporegipto.com <\/a> s\u00e3o apenas para fins informativos e em nenhuma circunst\u00e2ncia devem ser usados \u200b\u200bou considerados como um oferta de venda, pedido de oferta de compra ou recomenda\u00e7\u00e3o para a realiza\u00e7\u00e3o de qualquer outra opera\u00e7\u00e3o, salvo indica\u00e7\u00e3o expressa em contr\u00e1rio.<\/p>\n<p>Juan Adrada Lozano reserva-se o direito de modificar, suspender, cancelar ou restringir o conte\u00fado de <a href=\"https:\/\/www.viajarporegipto.com\/\"> https:\/\/www.viajarporegipto.com <\/a>, os links ou informa\u00e7\u00f5es obtidas por meio do site, sem a necessidade de pr\u00e9vio aviso.<\/p>\n<p>Juan Adrada Lozano n\u00e3o se responsabiliza por quaisquer danos que possam advir da utiliza\u00e7\u00e3o das informa\u00e7\u00f5es do Site ou das redes sociais do Propriet\u00e1rio.<\/p>\n<h2>Pol\u00edtica de cookies<\/h2>\n<p>Na p\u00e1gina <a href=\"https:\/\/www.viajarporegipto.com\/pt-pt\/politica-de-cookies\/\"> Pol\u00edtica de Cookies <\/a> voc\u00ea pode consultar todas as informa\u00e7\u00f5es relacionadas \u00e0 pol\u00edtica de coleta e tratamento de cookies.<\/p>\n<h2>Links para outros sites<\/h2>\n<p>O Propriet\u00e1rio pode fornecer a voc\u00ea acesso a sites de terceiros por meio de links com o \u00fanico prop\u00f3sito de inform\u00e1-lo sobre a exist\u00eancia de outras fontes de informa\u00e7\u00e3o na Internet onde voc\u00ea pode expandir as informa\u00e7\u00f5es oferecidas no site.<\/p>\n<p>Estes links para outros sites n\u00e3o sup\u00f5em em nenhum caso uma sugest\u00e3o ou recomenda\u00e7\u00e3o para que voc\u00ea visite as p\u00e1ginas da web de destino, que est\u00e3o fora do controle do Propriet\u00e1rio, portanto, Juan Adrada Lozano n\u00e3o \u00e9 respons\u00e1vel pelo conte\u00fado dos sites vinculados ou pelo resultado voc\u00ea obt\u00e9m seguindo os links.<\/p>\n<p>Da mesma forma, Juan Adrada Lozano n\u00e3o se responsabiliza pelos links localizados nos sites vinculados aos quais ele fornece acesso.<\/p>\n<p>O estabelecimento do link n\u00e3o implica em nenhum caso a exist\u00eancia de rela\u00e7\u00f5es entre Juan Adrada Lozano e o propriet\u00e1rio do site onde se estabelece o link, nem a aceita\u00e7\u00e3o ou aprova\u00e7\u00e3o pelo Propriet\u00e1rio dos seus conte\u00fados ou servi\u00e7os.<\/p>\n<p>Se voc\u00ea acessar um site externo a partir de um link encontrado em <a href=\"https:\/\/www.viajarporegipto.com\/\"> https:\/\/www.viajarporegipto.com <\/a>, voc\u00ea deve ler a pr\u00f3pria pol\u00edtica de privacidade do outro site que pode ser diferente daquele deste site.<\/p>\n<h2>Propriedade intelectual e industrial<\/h2>\n<p>Todos os direitos reservados.<\/p>\n<p>Todo o acesso a este site est\u00e1 sujeito \u00e0s seguintes condi\u00e7\u00f5es: a reprodu\u00e7\u00e3o, armazenamento permanente e divulga\u00e7\u00e3o dos conte\u00fados ou qualquer outro uso que tenha uma finalidade p\u00fablica ou comercial \u00e9 expressamente proibido sem o pr\u00e9vio consentimento expresso por escrito de Juan Adrada Lozano.<\/p>\n<h2>Limita\u00e7\u00e3o de responsabilidade<\/h2>\n<p>Juan Adrada Lozano declina qualquer responsabilidade em caso de interrup\u00e7\u00e3o ou mau funcionamento dos Servi\u00e7os ou conte\u00fados oferecidos na Internet, seja qual for a sua causa. Da mesma forma, o Propriet\u00e1rio n\u00e3o \u00e9 respons\u00e1vel por interrup\u00e7\u00f5es na rede, perdas de neg\u00f3cios como resultado de tais quedas, interrup\u00e7\u00f5es tempor\u00e1rias de energia ou qualquer outro tipo de dano indireto que possa ser causado por causas al\u00e9m do controle do Propriet\u00e1rio.<\/p>\n<p>Antes de tomar decis\u00f5es e \/ ou a\u00e7\u00f5es com base nas informa\u00e7\u00f5es inclu\u00eddas no site, o propriet\u00e1rio recomenda que voc\u00ea verifique e compare as informa\u00e7\u00f5es recebidas com outras fontes.<\/p>\n<h2>Jurisdi\u00e7\u00e3o<\/h2>\n<p>Este Aviso Legal \u00e9 totalmente regido pela lei espanhola.<\/p>\n<h2>Contato<\/h2>\n<p>Caso voc\u00ea tenha alguma d\u00favida sobre estas Condi\u00e7\u00f5es Legais ou queira fazer algum coment\u00e1rio sobre este site, pode enviar um e-mail para o endere\u00e7o juanadrada@viajarporelmundo.com.<\/p>\n","protected":false},"excerpt":{"rendered":"<p>Identifica\u00e7\u00e3o e propriedade Em cumprimento ao artigo 10 da Lei 34\/2002, de 11 de julho, sobre Servi\u00e7os da Sociedade da Informa\u00e7\u00e3o e Com\u00e9rcio Eletr\u00f4nico, o Titular exp\u00f5e seus dados de identifica\u00e7\u00e3o. Propriet\u00e1rio: Juan Adrada Lozano. NIF: 28700378N Endere\u00e7o: Prefeito Alfonso de Rojas, 8, 21\u00ba \u00e0 esquerda, Alicante &#8211; Espanha. E-mail: juanadrada@viajarporelmundo.com Site: https:\/\/www.viajarporegipto.com Objetivo O objetivo do site https:\/\/www.viajarporegipto.com \u00e9 &hellip;<\/p>\n","protected":false},"author":1,"featured_media":0,"parent":0,"menu_order":0,"comment_status":"closed","ping_status":"closed","template":"","meta":[],"yoast_head":"<!-- This site is optimized with the Yoast SEO plugin v16.8 - https:\/\/yoast.com\/wordpress\/plugins\/seo\/ -->\n<meta name=\"robots\" content=\"index, follow, max-snippet:-1, max-image-preview:large, max-video-preview:-1\" \/>\n<link rel=\"canonical\" href=\"https:\/\/www.viajarporegipto.com\/pt-pt\/aviso-legal\/\" \/>\n<meta property=\"og:locale\" content=\"pt_PT\" \/>\n<meta property=\"og:type\" content=\"article\" \/>\n<meta property=\"og:title\" content=\"Aviso Legal\" \/>\n<meta property=\"og:description\" content=\"Identifica\u00e7\u00e3o e propriedade Em cumprimento ao artigo 10 da Lei 34\/2002, de 11 de julho, sobre Servi\u00e7os da Sociedade da Informa\u00e7\u00e3o e Com\u00e9rcio Eletr\u00f4nico, o Titular exp\u00f5e seus dados de identifica\u00e7\u00e3o. Propriet\u00e1rio: Juan Adrada Lozano. NIF: 28700378N Endere\u00e7o: Prefeito Alfonso de Rojas, 8, 21\u00ba \u00e0 esquerda, Alicante &#8211; Espanha. E-mail: juanadrada@viajarporelmundo.com Site: https:\/\/www.viajarporegipto.com Objetivo O objetivo do site https:\/\/www.viajarporegipto.com \u00e9 &hellip;\" \/>\n<meta property=\"og:url\" content=\"https:\/\/www.viajarporegipto.com\/pt-pt\/aviso-legal\/\" \/>\n<meta property=\"og:site_name\" content=\"Viajar para o Egito | Cruzeiros Egito Pacotes | Viagem ao Egito\" \/>\n<meta property=\"article:modified_time\" content=\"2021-06-11T09:55:05+00:00\" \/>\n<meta name=\"twitter:card\" content=\"summary_large_image\" \/>\n<meta name=\"twitter:label1\" content=\"Tempo estimado de leitura\" \/>\n\t<meta name=\"twitter:data1\" content=\"5 minutos\" \/>\n<script type=\"application\/ld+json\" class=\"yoast-schema-graph\">{\"@context\":\"https:\/\/schema.org\",\"@graph\":[{\"@type\":\"Organization\",\"@id\":\"https:\/\/www.viajarporegipto.com\/#organization\",\"name\":\"Viajes por el Mundo\",\"url\":\"https:\/\/www.viajarporegipto.com\/\",\"sameAs\":[\"https:\/\/www.youtube.com\/channel\/UCSfYTcdsPNlTaH1_piHdtsg\"],\"logo\":{\"@type\":\"ImageObject\",\"@id\":\"https:\/\/www.viajarporegipto.com\/#logo\",\"inLanguage\":\"pt-PT\",\"url\":\"https:\/\/www.viajarporegipto.com\/wp-content\/uploads\/2019\/09\/Logo-Viajes-por-el-Mundo.jpg\",\"contentUrl\":\"https:\/\/www.viajarporegipto.com\/wp-content\/uploads\/2019\/09\/Logo-Viajes-por-el-Mundo.jpg\",\"width\":316,\"height\":235,\"caption\":\"Viajes por el Mundo\"},\"image\":{\"@id\":\"https:\/\/www.viajarporegipto.com\/#logo\"}},{\"@type\":\"WebSite\",\"@id\":\"https:\/\/www.viajarporegipto.com\/#website\",\"url\":\"https:\/\/www.viajarporegipto.com\/\",\"name\":\"Viajar para o Egito | Cruzeiros Egito Pacotes | Viagem ao Egito\",\"description\":\"Os melhores ofertas cruzeiros Egito Pacotes. Viajar para o Egito e aproveite. Pre\\u00e7os no \\u00faltimo minuto em tu Viagem ao Egito.\",\"publisher\":{\"@id\":\"https:\/\/www.viajarporegipto.com\/#organization\"},\"potentialAction\":[{\"@type\":\"SearchAction\",\"target\":{\"@type\":\"EntryPoint\",\"urlTemplate\":\"https:\/\/www.viajarporegipto.com\/?s={search_term_string}\"},\"query-input\":\"required name=search_term_string\"}],\"inLanguage\":\"pt-PT\"},{\"@type\":\"WebPage\",\"@id\":\"https:\/\/www.viajarporegipto.com\/pt-pt\/aviso-legal\/#webpage\",\"url\":\"https:\/\/www.viajarporegipto.com\/pt-pt\/aviso-legal\/\",\"name\":\"Aviso Legal\",\"isPartOf\":{\"@id\":\"https:\/\/www.viajarporegipto.com\/#website\"},\"datePublished\":\"2019-11-27T13:00:15+00:00\",\"dateModified\":\"2021-06-11T09:55:05+00:00\",\"breadcrumb\":{\"@id\":\"https:\/\/www.viajarporegipto.com\/pt-pt\/aviso-legal\/#breadcrumb\"},\"inLanguage\":\"pt-PT\",\"potentialAction\":[{\"@type\":\"ReadAction\",\"target\":[\"https:\/\/www.viajarporegipto.com\/pt-pt\/aviso-legal\/\"]}]},{\"@type\":\"BreadcrumbList\",\"@id\":\"https:\/\/www.viajarporegipto.com\/pt-pt\/aviso-legal\/#breadcrumb\",\"itemListElement\":[{\"@type\":\"ListItem\",\"position\":1,\"name\":\"Portada\",\"item\":\"https:\/\/www.viajarporegipto.com\/pt-pt\/\"},{\"@type\":\"ListItem\",\"position\":2,\"name\":\"Aviso Legal\"}]}]}<\/script>\n<!-- \/ Yoast SEO plugin. -->","yoast_head_json":{"robots":{"index":"index","follow":"follow","max-snippet":"max-snippet:-1","max-image-preview":"max-image-preview:large","max-video-preview":"max-video-preview:-1"},"canonical":"https:\/\/www.viajarporegipto.com\/pt-pt\/aviso-legal\/","og_locale":"pt_PT","og_type":"article","og_title":"Aviso Legal","og_description":"Identifica\u00e7\u00e3o e propriedade Em cumprimento ao artigo 10 da Lei 34\/2002, de 11 de julho, sobre Servi\u00e7os da Sociedade da Informa\u00e7\u00e3o e Com\u00e9rcio Eletr\u00f4nico, o Titular exp\u00f5e seus dados de identifica\u00e7\u00e3o. Propriet\u00e1rio: Juan Adrada Lozano. NIF: 28700378N Endere\u00e7o: Prefeito Alfonso de Rojas, 8, 21\u00ba \u00e0 esquerda, Alicante &#8211; Espanha. E-mail: juanadrada@viajarporelmundo.com Site: https:\/\/www.viajarporegipto.com Objetivo O objetivo do site https:\/\/www.viajarporegipto.com \u00e9 &hellip;","og_url":"https:\/\/www.viajarporegipto.com\/pt-pt\/aviso-legal\/","og_site_name":"Viajar para o Egito | Cruzeiros Egito Pacotes | Viagem ao Egito","article_modified_time":"2021-06-11T09:55:05+00:00","twitter_card":"summary_large_image","twitter_misc":{"Tempo estimado de leitura":"5 minutos"},"schema":{"@context":"https:\/\/schema.org","@graph":[{"@type":"Organization","@id":"https:\/\/www.viajarporegipto.com\/#organization","name":"Viajes por el Mundo","url":"https:\/\/www.viajarporegipto.com\/","sameAs":["https:\/\/www.youtube.com\/channel\/UCSfYTcdsPNlTaH1_piHdtsg"],"logo":{"@type":"ImageObject","@id":"https:\/\/www.viajarporegipto.com\/#logo","inLanguage":"pt-PT","url":"https:\/\/www.viajarporegipto.com\/wp-content\/uploads\/2019\/09\/Logo-Viajes-por-el-Mundo.jpg","contentUrl":"https:\/\/www.viajarporegipto.com\/wp-content\/uploads\/2019\/09\/Logo-Viajes-por-el-Mundo.jpg","width":316,"height":235,"caption":"Viajes por el Mundo"},"image":{"@id":"https:\/\/www.viajarporegipto.com\/#logo"}},{"@type":"WebSite","@id":"https:\/\/www.viajarporegipto.com\/#website","url":"https:\/\/www.viajarporegipto.com\/","name":"Viajar para o Egito | Cruzeiros Egito Pacotes | Viagem ao Egito","description":"Os melhores ofertas cruzeiros Egito Pacotes. Viajar para o Egito e aproveite. Pre\u00e7os no \u00faltimo minuto em tu Viagem ao Egito.","publisher":{"@id":"https:\/\/www.viajarporegipto.com\/#organization"},"potentialAction":[{"@type":"SearchAction","target":{"@type":"EntryPoint","urlTemplate":"https:\/\/www.viajarporegipto.com\/?s={search_term_string}"},"query-input":"required name=search_term_string"}],"inLanguage":"pt-PT"},{"@type":"WebPage","@id":"https:\/\/www.viajarporegipto.com\/pt-pt\/aviso-legal\/#webpage","url":"https:\/\/www.viajarporegipto.com\/pt-pt\/aviso-legal\/","name":"Aviso Legal","isPartOf":{"@id":"https:\/\/www.viajarporegipto.com\/#website"},"datePublished":"2019-11-27T13:00:15+00:00","dateModified":"2021-06-11T09:55:05+00:00","breadcrumb":{"@id":"https:\/\/www.viajarporegipto.com\/pt-pt\/aviso-legal\/#breadcrumb"},"inLanguage":"pt-PT","potentialAction":[{"@type":"ReadAction","target":["https:\/\/www.viajarporegipto.com\/pt-pt\/aviso-legal\/"]}]},{"@type":"BreadcrumbList","@id":"https:\/\/www.viajarporegipto.com\/pt-pt\/aviso-legal\/#breadcrumb","itemListElement":[{"@type":"ListItem","position":1,"name":"Portada","item":"https:\/\/www.viajarporegipto.com\/pt-pt\/"},{"@type":"ListItem","position":2,"name":"Aviso Legal"}]}]}},"_links":{"self":[{"href":"https:\/\/www.viajarporegipto.com\/pt-pt\/wp-json\/wp\/v2\/pages\/2686"}],"collection":[{"href":"https:\/\/www.viajarporegipto.com\/pt-pt\/wp-json\/wp\/v2\/pages"}],"about":[{"href":"https:\/\/www.viajarporegipto.com\/pt-pt\/wp-json\/wp\/v2\/types\/page"}],"author":[{"embeddable":true,"href":"https:\/\/www.viajarporegipto.com\/pt-pt\/wp-json\/wp\/v2\/users\/1"}],"replies":[{"embeddable":true,"href":"https:\/\/www.viajarporegipto.com\/pt-pt\/wp-json\/wp\/v2\/comments?post=2686"}],"version-history":[{"count":10,"href":"https:\/\/www.viajarporegipto.com\/pt-pt\/wp-json\/wp\/v2\/pages\/2686\/revisions"}],"predecessor-version":[{"id":8530,"href":"https:\/\/www.viajarporegipto.com\/pt-pt\/wp-json\/wp\/v2\/pages\/2686\/revisions\/8530"}],"wp:attachment":[{"href":"https:\/\/www.viajarporegipto.com\/pt-pt\/wp-json\/wp\/v2\/media?parent=2686"}],"curies":[{"name":"wp","href":"https:\/\/api.w.org\/{rel}","templated":true}]}}