{"id":2691,"date":"2019-11-27T14:02:29","date_gmt":"2019-11-27T13:02:29","guid":{"rendered":"https:\/\/www.viajarporegipto.com\/?page_id=2691"},"modified":"2021-07-09T13:14:22","modified_gmt":"2021-07-09T11:14:22","slug":"condicoes-gerais","status":"publish","type":"page","link":"https:\/\/www.viajarporegipto.com\/pt-pt\/condicoes-gerais\/","title":{"rendered":"Condi\u00e7\u00f5es gerais de viajarporegipto.com"},"content":{"rendered":"<p>O site <a href=\"https:\/\/www.viajarporegipto.com\"><strong>viajesporegipto.com<\/strong><\/a> \u00e9 um produto registrado por <strong>Juan Adrada Lozano &#8211; Viajes por el Mundo,<\/strong> C.I.F. 28700378N. Com endere\u00e7o em Alcalde Alfonso Rojas, 8 &#8211; 21\u00ba Izda. 03004 Alicante. CV-Mm1440-A Licen\u00e7a de Turismo. O uso pelo usu\u00e1rio dos servi\u00e7os contidos no site<a href=\"https:\/\/www.viajarporegipto.com\"><strong> viajesporegipto.com<\/strong><\/a> implica a aceita\u00e7\u00e3o expressa das seguintes condi\u00e7\u00f5es gerais:<\/p>\n<p><strong>1.-OBJETIVO.<\/strong><\/p>\n<p>Juan Adrada Lozano &#8211; Viajes por el Mundo presta seus servi\u00e7os como intermedi\u00e1rio entre os Operadores de Turismo e o cliente final, para a promo\u00e7\u00e3o e venda dos seguintes tipos de servi\u00e7os e produtos tur\u00edsticos:<\/p>\n<p>\u2022 Passagens de avi\u00e3o<br \/>\n\u2022 Alojamento<br \/>\n\u2022 Aluguel de carros<br \/>\n\u2022 Pacotes tur\u00edsticos<br \/>\n\u2022 Ofertas de f\u00e9rias<br \/>\n\u2022 Seguro de viagem<\/p>\n<p><strong>2.-CONDI\u00c7\u00d5ES DE PROMO\u00c7\u00c3O E VENDA DE SERVI\u00c7OS E PRODUTOS.<\/strong><\/p>\n<p>2.1 Para contratar esses servi\u00e7os ou produtos, n\u00e3o \u00e9 necess\u00e1rio se registrar como usu\u00e1rio deste site.<\/p>\n<p>2.2 As condi\u00e7\u00f5es de contrata\u00e7\u00e3o de cada um dos servi\u00e7os ou produtos (pre\u00e7os, disponibilidade, condi\u00e7\u00f5es de modifica\u00e7\u00e3o ou cancelamento, etc.) s\u00e3o as estabelecidas pelos Operadores de Turismo.<\/p>\n<p>2.3 O procedimento de contrata\u00e7\u00e3o \u00e9 estabelecido por Juan Adrada Lozano &#8211; Viajes por el Mundo em cada caso e pode ser consultado pelo usu\u00e1rio na p\u00e1gina principal da Web.<\/p>\n<p>2.4 M\u00e9todo de pagamento: o usu\u00e1rio concorda em pagar pelos servi\u00e7os ou produtos contratados, por meio de um dos seguintes m\u00e9todos de pagamento habilitados por Juan Adrada Lozano &#8211; Viajes por el Mundo:<\/p>\n<p>2.4.1 Pagamento por transfer\u00eancia banc\u00e1ria para o n\u00famero da conta que ser\u00e1 fornecido por Juan Adrada Lozano &#8211; Viajes por el Mundo ao usu\u00e1rio, ou por cart\u00e3o de cr\u00e9dito, dentro do prazo estabelecido a partir da solicita\u00e7\u00e3o dos servi\u00e7os.<\/p>\n<p><strong>3.-ACEITA\u00c7\u00c3O.<\/strong><\/p>\n<p>O mero uso do site implica a aceita\u00e7\u00e3o sem reserva pelo usu\u00e1rio dessas condi\u00e7\u00f5es gerais e a confirma\u00e7\u00e3o na compra de um servi\u00e7o ou produto, do compromisso do usu\u00e1rio de pagar os valores devidos por qualquer um dos meios estabelecidos pelo efeito de Juan Adrada Lozano &#8211; Viajes por el Mundo.<\/p>\n<p><strong>4.-RESPONSABILIDADE DE JUAN ADRADA LOZANO &#8211; VIAJES POR EL MUNDO.<\/strong><\/p>\n<p>4.1 Intermedia\u00e7\u00e3o. Juan Adrada Lozano &#8211; Viajes por el Mundo atua exclusivamente como intermedi\u00e1rio entre os Operadores de Turismo e o usu\u00e1rio, limitando sua responsabilidade ao usu\u00e1rio final \u00e0quela estabelecida por lei para as Ag\u00eancias de Varejo.<\/p>\n<p>4.2 Comunica\u00e7\u00f5es. Juan Adrada Lozano &#8211; A Viajes por el Mundo n\u00e3o se responsabiliza pelas falhas que possam ocorrer nas comunica\u00e7\u00f5es, incluindo exclus\u00e3o, transmiss\u00e3o incompleta ou atrasos na indica\u00e7\u00e3o, n\u00e3o se comprometendo a que a rede de transmiss\u00e3o esteja operacional o tempo todo.<\/p>\n<p>4.3 Dados pessoais. Juan Adrada Lozano &#8211; Viajes por el Mundo adotou todas as medidas de seguran\u00e7a legalmente exigidas para a prote\u00e7\u00e3o de dados pessoais fornecidos pelo CLIENTE. No entanto, Juan Adrada Lozano &#8211; Viajes por el Mundo n\u00e3o pode garantir a invulnerabilidade absoluta de seus sistemas de seguran\u00e7a, nem a seguran\u00e7a ou inviolabilidade de tais dados em sua transmiss\u00e3o pela rede. Da mesma forma, Juan Adrada Lozano &#8211; Viajes por el Mundo n\u00e3o garante a veracidade ou validade dos dados fornecidos pelo CLIENTE.<\/p>\n<p>4.4 Infalibilidade. Juan Adrada Lozano &#8211; Viajes por el Mundo n\u00e3o controla nem garante a infalibilidade do servi\u00e7o ou a aus\u00eancia de v\u00edrus de computador nos servi\u00e7os prestados por terceiros atrav\u00e9s de sua rede de portais que podem causar altera\u00e7\u00f5es no sistema de seu computador (software e hardware) ou em os documentos e arquivos eletr\u00f4nicos armazenados no sistema do seu computador.<\/p>\n<p>4.5 Utility. Os dispositivos de liga\u00e7\u00e3o que Juan Adrada Lozano &#8211; Viajes por el Mundo disponibiliza aos CLIENTES t\u00eam o \u00fanico objetivo de facilitar a busca de informa\u00e7\u00f5es dispon\u00edveis na Internet. Juan Adrada Lozano &#8211; Viajes por el Mundo n\u00e3o garante que o servi\u00e7o seja adequado para a execu\u00e7\u00e3o de qualquer servi\u00e7o al\u00e9m do contratado ou que permita o acesso a todos os sites da Internet. Juan Adrada Lozano &#8211; Viajes por el Mundo n\u00e3o oferece nem comercializa os produtos e servi\u00e7os dispon\u00edveis nos sites vinculados, nem assume qualquer responsabilidade por tais produtos ou servi\u00e7os.<\/p>\n<p>4.6 Limita\u00e7\u00e3o de responsabilidade. Em qualquer caso, a responsabilidade de Juan Adrada Lozano &#8211; Viajes por el Mundo ser\u00e1 limitada ao pre\u00e7o final pago pelo usu\u00e1rio em virtude dos servi\u00e7os e \/ ou produtos contratados, excluindo expressamente toda a responsabilidade por danos diretos ou indiretos, danos conseq\u00fcentes e \/ ou lucro cessante.<\/p>\n<p><strong>5.-PROPRIEDADE INTELECTUAL E INDUSTRIAL.<\/strong><\/p>\n<p>O usu\u00e1rio reconhece que todas as imagens, desenhos, desenhos, conte\u00fados, logotipos, marcas registradas e qualquer outro produto que possa ser protegido pela legisla\u00e7\u00e3o aplic\u00e1vel em Propriedade Intelectual, Patentes e Marcas Registradas a que ele tem acesso atrav\u00e9s do uso da p\u00e1gina Web, s\u00e3o de propriedade de Juan Adrada Lozano &#8211; Viajes por el Mundo ou de terceiros propriet\u00e1rios dos mesmos. O usu\u00e1rio concorda em usar o portal respeitando esses direitos.<\/p>\n<p>O uso da p\u00e1gina da Web, bem como a contrata\u00e7\u00e3o de servi\u00e7os e \/ ou produtos atrav\u00e9s dela, pelo usu\u00e1rio, n\u00e3o implica, em nenhum caso, a cess\u00e3o de direitos por Juan Adrada Lozano &#8211; Viajes por el Mundo na \u00e1rea de Propriedade. Intelectual, patentes e marcas comerciais. Juan Adrada Lozano &#8211; Viajes por el Mundo pro\u00edbe o uso do servi\u00e7o de qualquer maneira que direta ou indiretamente imponha a viola\u00e7\u00e3o da legisla\u00e7\u00e3o aplic\u00e1vel sobre Propriedade Intelectual, Patentes e Marcas, sendo essa a\u00e7\u00e3o, bem como suas consequ\u00eancias, do responsabilidade exclusiva do usu\u00e1rio, que manter\u00e1, em qualquer caso, Juan Adrada Lozano &#8211; Viajes por el Mundo.<\/p>\n<p><strong>6.-MODIFICA\u00c7\u00c3O DAS PRESENTES CONDI\u00c7\u00d5ES GERAIS.<\/strong><\/p>\n<p>Juan Adrada Lozano &#8211; Viajes por el Mundo pode, a qualquer momento, modificar essas condi\u00e7\u00f5es gerais ou introduzir novas condi\u00e7\u00f5es de uso, basta comunic\u00e1-lo na P\u00e1gina Principal do portal com 15 (quinze) dias de anteced\u00eancia. Tais modifica\u00e7\u00f5es ser\u00e3o aplic\u00e1veis \u200b\u200bapenas a partir da sua entrada em vigor.<\/p>\n<p><strong>7.-INTERRUP\u00c7\u00c3O DE SERVI\u00c7O.<\/strong><\/p>\n<p>Juan Adrada Lozano &#8211; Viajes por el Mundo pode parar de fornecer qualquer um dos servi\u00e7os oferecidos pela p\u00e1gina da Web, basta comunic\u00e1-lo na p\u00e1gina principal do portal com 15 (quinze) dias de anteced\u00eancia.<\/p>\n<p><strong>8.-INSCRI\u00c7\u00c3O DE VISITAS.<\/strong><\/p>\n<p>Juan Adrada Lozano &#8211; Viajes por el Mundo se comunica com o usu\u00e1rio que, ao acessar o servidor Juan Adrada Lozano &#8211; Viajes por el Mundo, um IP. que registrar\u00e1, al\u00e9m do seu acesso ao servidor, as p\u00e1ginas visitadas pertencentes \u00e0 Rede Ya.com. O I.P. Com esses dados, eles ser\u00e3o armazenados em um arquivo LOG que ser\u00e1 processado por Juan Adrada Lozano &#8211; Viajes por el Mundo com o objetivo de determinar o n\u00famero de p\u00e1ginas visualizadas na Rede Ya.com, bem como para a produ\u00e7\u00e3o de estat\u00edsticas.<\/p>\n<p><strong>9.-F\u00d3RUM APLIC\u00c1VEL E LEGISLA\u00c7\u00c3O.<\/strong><\/p>\n<p>As partes, com ren\u00fancia expressa de sua pr\u00f3pria jurisdi\u00e7\u00e3o, aceitam, como legisla\u00e7\u00e3o regente deste contrato, o espanhol e submetem \u00e0 resolu\u00e7\u00e3o de quaisquer disputas que possam surgir dele aos Tribunais e Tribunais de Alicante.<\/p>\n","protected":false},"excerpt":{"rendered":"<p>O site viajesporegipto.com \u00e9 um produto registrado por Juan Adrada Lozano &#8211; Viajes por el Mundo, C.I.F. 28700378N. Com endere\u00e7o em Alcalde Alfonso Rojas, 8 &#8211; 21\u00ba Izda. 03004 Alicante. CV-Mm1440-A Licen\u00e7a de Turismo. O uso pelo usu\u00e1rio dos servi\u00e7os contidos no site viajesporegipto.com implica a aceita\u00e7\u00e3o expressa das seguintes condi\u00e7\u00f5es gerais: 1.-OBJETIVO. Juan Adrada Lozano &#8211; Viajes por el &hellip;<\/p>\n","protected":false},"author":1,"featured_media":0,"parent":0,"menu_order":0,"comment_status":"closed","ping_status":"closed","template":"","meta":[],"yoast_head":"<!-- This site is optimized with the Yoast SEO plugin v16.8 - https:\/\/yoast.com\/wordpress\/plugins\/seo\/ -->\n<meta name=\"description\" content=\"Condi\u00e7\u00f5es gerais da contrata\u00e7\u00e3o de viagens ao Egito e cruzeiros de luxo no Nilo Leia estas disposi\u00e7\u00f5es e conhe\u00e7a nossa responsabilidade.\" \/>\n<meta name=\"robots\" content=\"index, follow, max-snippet:-1, max-image-preview:large, max-video-preview:-1\" \/>\n<link rel=\"canonical\" href=\"https:\/\/www.viajarporegipto.com\/pt-pt\/condicoes-gerais\/\" \/>\n<meta property=\"og:locale\" content=\"pt_PT\" \/>\n<meta property=\"og:type\" content=\"article\" \/>\n<meta property=\"og:title\" content=\"Condi\u00e7\u00f5es gerais de viajarporegipto.com\" \/>\n<meta property=\"og:description\" content=\"Condi\u00e7\u00f5es gerais da contrata\u00e7\u00e3o de viagens ao Egito e cruzeiros de luxo no Nilo Leia estas disposi\u00e7\u00f5es e conhe\u00e7a nossa responsabilidade.\" \/>\n<meta property=\"og:url\" content=\"https:\/\/www.viajarporegipto.com\/pt-pt\/condicoes-gerais\/\" \/>\n<meta property=\"og:site_name\" content=\"Viajar para o Egito | Cruzeiros Egito Pacotes | Viagem ao Egito\" \/>\n<meta property=\"article:modified_time\" content=\"2021-07-09T11:14:22+00:00\" \/>\n<meta name=\"twitter:card\" content=\"summary_large_image\" \/>\n<meta name=\"twitter:label1\" content=\"Tempo estimado de leitura\" \/>\n\t<meta name=\"twitter:data1\" content=\"5 minutos\" \/>\n<script type=\"application\/ld+json\" class=\"yoast-schema-graph\">{\"@context\":\"https:\/\/schema.org\",\"@graph\":[{\"@type\":\"Organization\",\"@id\":\"https:\/\/www.viajarporegipto.com\/#organization\",\"name\":\"Viajes por el Mundo\",\"url\":\"https:\/\/www.viajarporegipto.com\/\",\"sameAs\":[\"https:\/\/www.youtube.com\/channel\/UCSfYTcdsPNlTaH1_piHdtsg\"],\"logo\":{\"@type\":\"ImageObject\",\"@id\":\"https:\/\/www.viajarporegipto.com\/#logo\",\"inLanguage\":\"pt-PT\",\"url\":\"https:\/\/www.viajarporegipto.com\/wp-content\/uploads\/2019\/09\/Logo-Viajes-por-el-Mundo.jpg\",\"contentUrl\":\"https:\/\/www.viajarporegipto.com\/wp-content\/uploads\/2019\/09\/Logo-Viajes-por-el-Mundo.jpg\",\"width\":316,\"height\":235,\"caption\":\"Viajes por el Mundo\"},\"image\":{\"@id\":\"https:\/\/www.viajarporegipto.com\/#logo\"}},{\"@type\":\"WebSite\",\"@id\":\"https:\/\/www.viajarporegipto.com\/#website\",\"url\":\"https:\/\/www.viajarporegipto.com\/\",\"name\":\"Viajar para o Egito | Cruzeiros Egito Pacotes | Viagem ao Egito\",\"description\":\"Os melhores ofertas cruzeiros Egito Pacotes. Viajar para o Egito e aproveite. Pre\\u00e7os no \\u00faltimo minuto em tu Viagem ao Egito.\",\"publisher\":{\"@id\":\"https:\/\/www.viajarporegipto.com\/#organization\"},\"potentialAction\":[{\"@type\":\"SearchAction\",\"target\":{\"@type\":\"EntryPoint\",\"urlTemplate\":\"https:\/\/www.viajarporegipto.com\/?s={search_term_string}\"},\"query-input\":\"required name=search_term_string\"}],\"inLanguage\":\"pt-PT\"},{\"@type\":\"WebPage\",\"@id\":\"https:\/\/www.viajarporegipto.com\/pt-pt\/condicoes-gerais\/#webpage\",\"url\":\"https:\/\/www.viajarporegipto.com\/pt-pt\/condicoes-gerais\/\",\"name\":\"Condi\\u00e7\\u00f5es gerais de viajarporegipto.com\",\"isPartOf\":{\"@id\":\"https:\/\/www.viajarporegipto.com\/#website\"},\"datePublished\":\"2019-11-27T13:02:29+00:00\",\"dateModified\":\"2021-07-09T11:14:22+00:00\",\"description\":\"Condi\\u00e7\\u00f5es gerais da contrata\\u00e7\\u00e3o de viagens ao Egito e cruzeiros de luxo no Nilo Leia estas disposi\\u00e7\\u00f5es e conhe\\u00e7a nossa responsabilidade.\",\"breadcrumb\":{\"@id\":\"https:\/\/www.viajarporegipto.com\/pt-pt\/condicoes-gerais\/#breadcrumb\"},\"inLanguage\":\"pt-PT\",\"potentialAction\":[{\"@type\":\"ReadAction\",\"target\":[\"https:\/\/www.viajarporegipto.com\/pt-pt\/condicoes-gerais\/\"]}]},{\"@type\":\"BreadcrumbList\",\"@id\":\"https:\/\/www.viajarporegipto.com\/pt-pt\/condicoes-gerais\/#breadcrumb\",\"itemListElement\":[{\"@type\":\"ListItem\",\"position\":1,\"name\":\"Portada\",\"item\":\"https:\/\/www.viajarporegipto.com\/pt-pt\/\"},{\"@type\":\"ListItem\",\"position\":2,\"name\":\"Condi\\u00e7\\u00f5es gerais de viajarporegipto.com\"}]}]}<\/script>\n<!-- \/ Yoast SEO plugin. -->","yoast_head_json":{"description":"Condi\u00e7\u00f5es gerais da contrata\u00e7\u00e3o de viagens ao Egito e cruzeiros de luxo no Nilo Leia estas disposi\u00e7\u00f5es e conhe\u00e7a nossa responsabilidade.","robots":{"index":"index","follow":"follow","max-snippet":"max-snippet:-1","max-image-preview":"max-image-preview:large","max-video-preview":"max-video-preview:-1"},"canonical":"https:\/\/www.viajarporegipto.com\/pt-pt\/condicoes-gerais\/","og_locale":"pt_PT","og_type":"article","og_title":"Condi\u00e7\u00f5es gerais de viajarporegipto.com","og_description":"Condi\u00e7\u00f5es gerais da contrata\u00e7\u00e3o de viagens ao Egito e cruzeiros de luxo no Nilo Leia estas disposi\u00e7\u00f5es e conhe\u00e7a nossa responsabilidade.","og_url":"https:\/\/www.viajarporegipto.com\/pt-pt\/condicoes-gerais\/","og_site_name":"Viajar para o Egito | Cruzeiros Egito Pacotes | Viagem ao Egito","article_modified_time":"2021-07-09T11:14:22+00:00","twitter_card":"summary_large_image","twitter_misc":{"Tempo estimado de leitura":"5 minutos"},"schema":{"@context":"https:\/\/schema.org","@graph":[{"@type":"Organization","@id":"https:\/\/www.viajarporegipto.com\/#organization","name":"Viajes por el Mundo","url":"https:\/\/www.viajarporegipto.com\/","sameAs":["https:\/\/www.youtube.com\/channel\/UCSfYTcdsPNlTaH1_piHdtsg"],"logo":{"@type":"ImageObject","@id":"https:\/\/www.viajarporegipto.com\/#logo","inLanguage":"pt-PT","url":"https:\/\/www.viajarporegipto.com\/wp-content\/uploads\/2019\/09\/Logo-Viajes-por-el-Mundo.jpg","contentUrl":"https:\/\/www.viajarporegipto.com\/wp-content\/uploads\/2019\/09\/Logo-Viajes-por-el-Mundo.jpg","width":316,"height":235,"caption":"Viajes por el Mundo"},"image":{"@id":"https:\/\/www.viajarporegipto.com\/#logo"}},{"@type":"WebSite","@id":"https:\/\/www.viajarporegipto.com\/#website","url":"https:\/\/www.viajarporegipto.com\/","name":"Viajar para o Egito | Cruzeiros Egito Pacotes | Viagem ao Egito","description":"Os melhores ofertas cruzeiros Egito Pacotes. Viajar para o Egito e aproveite. Pre\u00e7os no \u00faltimo minuto em tu Viagem ao Egito.","publisher":{"@id":"https:\/\/www.viajarporegipto.com\/#organization"},"potentialAction":[{"@type":"SearchAction","target":{"@type":"EntryPoint","urlTemplate":"https:\/\/www.viajarporegipto.com\/?s={search_term_string}"},"query-input":"required name=search_term_string"}],"inLanguage":"pt-PT"},{"@type":"WebPage","@id":"https:\/\/www.viajarporegipto.com\/pt-pt\/condicoes-gerais\/#webpage","url":"https:\/\/www.viajarporegipto.com\/pt-pt\/condicoes-gerais\/","name":"Condi\u00e7\u00f5es gerais de viajarporegipto.com","isPartOf":{"@id":"https:\/\/www.viajarporegipto.com\/#website"},"datePublished":"2019-11-27T13:02:29+00:00","dateModified":"2021-07-09T11:14:22+00:00","description":"Condi\u00e7\u00f5es gerais da contrata\u00e7\u00e3o de viagens ao Egito e cruzeiros de luxo no Nilo Leia estas disposi\u00e7\u00f5es e conhe\u00e7a nossa responsabilidade.","breadcrumb":{"@id":"https:\/\/www.viajarporegipto.com\/pt-pt\/condicoes-gerais\/#breadcrumb"},"inLanguage":"pt-PT","potentialAction":[{"@type":"ReadAction","target":["https:\/\/www.viajarporegipto.com\/pt-pt\/condicoes-gerais\/"]}]},{"@type":"BreadcrumbList","@id":"https:\/\/www.viajarporegipto.com\/pt-pt\/condicoes-gerais\/#breadcrumb","itemListElement":[{"@type":"ListItem","position":1,"name":"Portada","item":"https:\/\/www.viajarporegipto.com\/pt-pt\/"},{"@type":"ListItem","position":2,"name":"Condi\u00e7\u00f5es gerais de viajarporegipto.com"}]}]}},"_links":{"self":[{"href":"https:\/\/www.viajarporegipto.com\/pt-pt\/wp-json\/wp\/v2\/pages\/2691"}],"collection":[{"href":"https:\/\/www.viajarporegipto.com\/pt-pt\/wp-json\/wp\/v2\/pages"}],"about":[{"href":"https:\/\/www.viajarporegipto.com\/pt-pt\/wp-json\/wp\/v2\/types\/page"}],"author":[{"embeddable":true,"href":"https:\/\/www.viajarporegipto.com\/pt-pt\/wp-json\/wp\/v2\/users\/1"}],"replies":[{"embeddable":true,"href":"https:\/\/www.viajarporegipto.com\/pt-pt\/wp-json\/wp\/v2\/comments?post=2691"}],"version-history":[{"count":16,"href":"https:\/\/www.viajarporegipto.com\/pt-pt\/wp-json\/wp\/v2\/pages\/2691\/revisions"}],"predecessor-version":[{"id":8576,"href":"https:\/\/www.viajarporegipto.com\/pt-pt\/wp-json\/wp\/v2\/pages\/2691\/revisions\/8576"}],"wp:attachment":[{"href":"https:\/\/www.viajarporegipto.com\/pt-pt\/wp-json\/wp\/v2\/media?parent=2691"}],"curies":[{"name":"wp","href":"https:\/\/api.w.org\/{rel}","templated":true}]}}