{"id":2797,"date":"2019-11-28T18:09:40","date_gmt":"2019-11-28T17:09:40","guid":{"rendered":"https:\/\/www.viajarporegipto.com\/?page_id=2797"},"modified":"2021-08-05T09:22:08","modified_gmt":"2021-08-05T07:22:08","slug":"viajar-para-o-egito","status":"publish","type":"page","link":"https:\/\/www.viajarporegipto.com\/pt-pt\/viajar-para-o-egito\/","title":{"rendered":"Viagem Egito pacote"},"content":{"rendered":"<h2>Se voc\u00ea estiver viajando para o Egito<\/h2>\n<p>Certamente, voc\u00ea precisa ser avisado se estiver preparando uma viagem ao pa\u00eds dos fara\u00f3s; nesse caso, qualquer ag\u00eancia de viagens tradicional oferecer\u00e1 todas as informa\u00e7\u00f5es necess\u00e1rias. Mas <strong>se voc\u00ea estiver viajando para o Egito e souber navegar sozinho<\/strong>, nesta p\u00e1gina encontrar\u00e1 <strong>todas as ofertas e cat\u00e1logos<\/strong> das Ag\u00eancias de Atacado que est\u00e3o dispon\u00edveis em qualquer Ag\u00eancia de Viagens da sua cidade e tamb\u00e9m na Internet.<\/p>\n<p>Como \u00e9 l\u00f3gico, voc\u00ea pode contratar seu se oferece para viajar para o Egito em uma ag\u00eancia de viagens tradicional ou em alguma outra p\u00e1gina da Web, <strong>mas aqui voc\u00ea tem uma vantagem<\/strong>:<\/p>\n<p>Escolha a viagem que voc\u00ea escolhe; <strong>automaticamente oferecemos um desconto de 6% no pre\u00e7o de varejo<\/strong>, para que viajar para o Egito ser\u00e1 ainda mais econ\u00f4mico.<\/p>\n<p><strong>Al\u00e9m de acumular qualquer outro desconto extra oferecido pelas ag\u00eancias atacadistas<\/strong> ao viajar para o Egito: reservas antecipadas, 2 x 1, descontos em o <strong>viagem egito pacote<\/strong>, pens\u00e3o completa para meia pens\u00e3o , compartilhamento gratuito de crian\u00e7as, dias extras de estadia, excurs\u00f5es gratuitas, detalhes para os noivos &#8230; sem comprovantes, s<strong>em sorteios<\/strong>, sem compras adicionais.<\/p>\n<h2>Viagens ao Egito com crian\u00e7as<\/h2>\n<p><img loading=\"lazy\" class=\"alignright wp-image-2565 size-full\" title=\"Menina alimentando um camelo\" src=\"https:\/\/www.viajarporegipto.com\/wp-content\/uploads\/2019\/09\/camello-chica-viajes-egipto-ninos.jpg\" alt=\"Viagem Egito pacote\" width=\"450\" height=\"300\" srcset=\"https:\/\/www.viajarporegipto.com\/wp-content\/uploads\/2019\/09\/camello-chica-viajes-egipto-ninos.jpg 450w, https:\/\/www.viajarporegipto.com\/wp-content\/uploads\/2019\/09\/camello-chica-viajes-egipto-ninos-300x200.jpg 300w\" sizes=\"(max-width: 450px) 100vw, 450px\" \/><\/p>\n<p>Viajar com crian\u00e7as geralmente \u00e9 um problema quando os destinos apresentam algum tipo de risco, como caminhadas de longa dist\u00e2ncia, escalar montanhas com dificuldade, atividades de mergulho, destinos n\u00e3o preparados para receber turismo e com poucos meios de assist\u00eancia \u00e0 sa\u00fade, ou simplesmente com riscos de seguran\u00e7a por serem pa\u00edses politicamente inst\u00e1veis. Mas nenhum desses casos ocorre em <strong>um pa\u00eds t\u00e3o preparado para receber turismo<\/strong> quanto o Egito.<\/p>\n<p>Voc\u00ea pode relaxar e ficar calmo, o <strong>Egito e seus circuitos s\u00e3o um destino tur\u00edstico seguro<\/strong>, onde voc\u00ea pode ir com seus filhos e oferecer-lhes umas f\u00e9rias que eles n\u00e3o esquecer\u00e3o. A experi\u00eancia de viajar em fam\u00edlia e conhecer juntos uma heran\u00e7a t\u00e3o rica ser\u00e1 muito enriquecedora para todos. Viagens com crian\u00e7as s\u00e3o muito comuns, temos muita experi\u00eancia em o <em>viagem egito pacote<\/em>.<\/p>\n<h3>\u00c9 seguro viagem egito pacote?<\/h3>\n<p>\u00c9 uma <strong>pergunta que costumamos fazer<\/strong> quando planejamos visitar este pa\u00eds. As not\u00edcias que geralmente aparecem nas not\u00edcias nunca s\u00e3o tranquilizadoras, mas a verdade \u00e9 que elas exageram e n\u00e3o podemos extrapolar incidentes isolados para torn\u00e1-los habituais, nada est\u00e1 mais longe da realidade. Em nossa longa experi\u00eancia na organiza\u00e7\u00e3o de viagens, <strong>nunca tivemos nenhum incidente<\/strong>; pelo contr\u00e1rio, <strong>os eg\u00edpcios s\u00e3o geralmente amig\u00e1veis e hospitaleiros<\/strong>, e n\u00e3o hesitam em convid\u00e1-lo para suas casas para um ch\u00e1.<\/p>\n<p>A sensa\u00e7\u00e3o de seguran\u00e7a \u00e9 palp\u00e1vel assim que voc\u00ea sai do aeroporto, <strong>voc\u00ea raramente v\u00ea tanta vigil\u00e2ncia e controle em um aeroporto<\/strong>. O mesmo pode ser visto em monumentos e locais tur\u00edsticos. Mesmo a bordo de cruzeiros, veremos soldados armados protegendo a entrada dos navios. Podemos afirmar que todas as \u00e1reas tur\u00edsticas do Egito s\u00e3o seguras.<\/p>\n<p><iframe loading=\"lazy\" title=\"Viaje en globo templos Orilla Occidental Luxor\" width=\"1240\" height=\"698\" src=\"https:\/\/www.youtube.com\/embed\/UoZOlbjTwFk?feature=oembed\" frameborder=\"0\" allow=\"accelerometer; autoplay; clipboard-write; encrypted-media; gyroscope; picture-in-picture\" allowfullscreen><\/iframe><\/p>\n<div class=\"su-spacer\" style=\"height:20px\"><\/div>\n\t\t<div data-elementor-type=\"page\" data-elementor-id=\"8665\" class=\"elementor elementor-8665\" data-elementor-settings=\"[]\">\n\t\t\t\t\t\t<div class=\"elementor-inner\">\n\t\t\t\t\t\t\t<div class=\"elementor-section-wrap\">\n\t\t\t\t\t\t\t<section class=\"elementor-section elementor-top-section elementor-element elementor-element-4ce6e64e elementor-section-boxed elementor-section-height-default elementor-section-height-default\" data-id=\"4ce6e64e\" data-element_type=\"section\" data-settings=\"{&quot;background_background&quot;:&quot;classic&quot;}\">\n\t\t\t\t\t\t<div class=\"elementor-container elementor-column-gap-default\">\n\t\t\t\t\t\t\t<div class=\"elementor-row\">\n\t\t\t\t\t<div class=\"elementor-column elementor-col-100 elementor-top-column elementor-element elementor-element-529d878a\" data-id=\"529d878a\" data-element_type=\"column\">\n\t\t\t<div class=\"elementor-column-wrap elementor-element-populated\">\n\t\t\t\t\t\t\t<div class=\"elementor-widget-wrap\">\n\t\t\t\t\t\t<div class=\"elementor-element elementor-element-515fd6e9 elementor-widget elementor-widget-heading\" data-id=\"515fd6e9\" data-element_type=\"widget\" data-widget_type=\"heading.default\">\n\t\t\t\t<div class=\"elementor-widget-container\">\n\t\t\t<h2 class=\"elementor-heading-title elementor-size-default\">Assine nossa newsletter!<\/h2>\t\t<\/div>\n\t\t\t\t<\/div>\n\t\t\t\t<div class=\"elementor-element elementor-element-476cbb19 elementor-widget elementor-widget-text-editor\" data-id=\"476cbb19\" data-element_type=\"widget\" data-widget_type=\"text-editor.default\">\n\t\t\t\t<div class=\"elementor-widget-container\">\n\t\t\t\t\t<div class=\"elementor-text-editor elementor-clearfix\"><p style=\"text-align: center;\">Voc\u00ea receber\u00e1 as not\u00edcias mais interessantes sobre o Egito Antigo e sobre nossas viagens confortavelmente em seu e-mail<\/p><\/div>\n\t\t\t\t<\/div>\n\t\t\t\t<\/div>\n\t\t\t\t<div class=\"elementor-element elementor-element-c45fb8b elementor-button-align-end elementor-widget elementor-widget-form\" data-id=\"c45fb8b\" data-element_type=\"widget\" data-settings=\"{&quot;button_width&quot;:&quot;50&quot;,&quot;step_next_label&quot;:&quot;Next&quot;,&quot;step_previous_label&quot;:&quot;Previous&quot;,&quot;step_type&quot;:&quot;number_text&quot;,&quot;step_icon_shape&quot;:&quot;circle&quot;}\" data-widget_type=\"form.default\">\n\t\t\t\t<div class=\"elementor-widget-container\">\n\t\t\t\t\t<form class=\"elementor-form\" method=\"post\" name=\"Suscripci\u00f3n horizontal ES\">\n\t\t\t<input type=\"hidden\" name=\"post_id\" value=\"8665\"\/>\n\t\t\t<input type=\"hidden\" name=\"form_id\" value=\"c45fb8b\"\/>\n\t\t\t<input type=\"hidden\" name=\"referer_title\" value=\"Viajar para o Egito | Cruzeiros Egito Pacotes | Viagem ao Egito\" \/>\n\n\t\t\t\n\t\t\t<div class=\"elementor-form-fields-wrapper elementor-labels-\">\n\t\t\t\t\t\t\t\t<div class=\"elementor-field-type-text elementor-field-group elementor-column elementor-field-group-name elementor-col-50 elementor-field-required\">\n\t\t\t\t\t<label for=\"form-field-name\" class=\"elementor-field-label elementor-screen-only\">Nombre<\/label><input size=\"1\" type=\"text\" name=\"form_fields[name]\" id=\"form-field-name\" class=\"elementor-field elementor-size-xs  elementor-field-textual\" placeholder=\"\ud83d\udc64 Teu nome\" required=\"required\" aria-required=\"true\">\t\t\t\t<\/div>\n\t\t\t\t\t\t\t\t<div class=\"elementor-field-type-email elementor-field-group elementor-column elementor-field-group-email elementor-col-50 elementor-field-required\">\n\t\t\t\t\t<label for=\"form-field-email\" class=\"elementor-field-label elementor-screen-only\">Email<\/label><input size=\"1\" type=\"email\" name=\"form_fields[email]\" id=\"form-field-email\" class=\"elementor-field elementor-size-xs  elementor-field-textual\" placeholder=\"\ud83d\udce7 Teu Email\" required=\"required\" aria-required=\"true\">\t\t\t\t<\/div>\n\t\t\t\t\t\t\t\t<div class=\"elementor-field-type-acceptance elementor-field-group elementor-column elementor-field-group-field_f722f4b elementor-col-50 elementor-field-required\">\n\t\t\t\t\t<label for=\"form-field-field_f722f4b\" class=\"elementor-field-label elementor-screen-only\">Aceptaci\u00f3n<\/label><div class=\"elementor-field-subgroup\"><span class=\"elementor-field-option\"><input type=\"checkbox\" name=\"form_fields[field_f722f4b]\" id=\"form-field-field_f722f4b\" class=\"elementor-field elementor-size-xs  elementor-acceptance-field\" required=\"required\" aria-required=\"true\"> <label for=\"form-field-field_f722f4b\">Eu li e aceito o\u00a0<a class=\"privacidad\" style=\"color: #ff9900;\" href=\"https:\/\/www.viajarporegipto.com\/pt-pt\/politica-de-privacidade\/\" target=\"_blank\" rel=\"noopener noreferrer\">pol\u00edtica de Privacidade<\/a>  (requerido)<\/label><\/span><\/div>\t\t\t\t<\/div>\n\t\t\t\t\t\t\t\t<div class=\"elementor-field-group elementor-column elementor-field-type-submit elementor-col-50 e-form__buttons\">\n\t\t\t\t\t<button type=\"submit\" class=\"elementor-button elementor-size-md\">\n\t\t\t\t\t\t<span >\n\t\t\t\t\t\t\t\t\t\t\t\t\t\t\t<span class=\"elementor-align-icon-left elementor-button-icon\">\n\t\t\t\t\t\t\t\t\t<i aria-hidden=\"true\" class=\"far fa-share-square\"><\/i>\t\t\t\t\t\t\t\t\t\t\t\t\t\t\t\t\t<\/span>\n\t\t\t\t\t\t\t\t\t\t\t\t\t\t\t\t\t\t\t\t\t\t<span class=\"elementor-button-text\">SUBSCREVER<\/span>\n\t\t\t\t\t\t\t\t\t\t\t\t\t<\/span>\n\t\t\t\t\t<\/button>\n\t\t\t\t<\/div>\n\t\t\t<\/div>\n\t\t<\/form>\n\t\t\t\t<\/div>\n\t\t\t\t<\/div>\n\t\t\t\t\t\t<\/div>\n\t\t\t\t\t<\/div>\n\t\t<\/div>\n\t\t\t\t\t\t\t\t<\/div>\n\t\t\t\t\t<\/div>\n\t\t<\/section>\n\t\t\t\t\t\t<\/div>\n\t\t\t\t\t\t<\/div>\n\t\t\t\t\t<\/div>\n\t\t\n","protected":false},"excerpt":{"rendered":"<p>Se voc\u00ea estiver viajando para o Egito Certamente, voc\u00ea precisa ser avisado se estiver preparando uma viagem ao pa\u00eds dos fara\u00f3s; nesse caso, qualquer ag\u00eancia de viagens tradicional oferecer\u00e1 todas as informa\u00e7\u00f5es necess\u00e1rias. Mas se voc\u00ea estiver viajando para o Egito e souber navegar sozinho, nesta p\u00e1gina encontrar\u00e1 todas as ofertas e cat\u00e1logos das Ag\u00eancias de Atacado que est\u00e3o dispon\u00edveis &hellip;<\/p>\n","protected":false},"author":1,"featured_media":0,"parent":0,"menu_order":0,"comment_status":"closed","ping_status":"closed","template":"","meta":[],"yoast_head":"<!-- This site is optimized with the Yoast SEO plugin v16.8 - https:\/\/yoast.com\/wordpress\/plugins\/seo\/ -->\n<meta name=\"description\" content=\"Hot\u00e9is, cruzeiros e outras viagens est\u00e3o perfeitamente preparados para que voc\u00ea possa desfrutar viagem egito pacote, e viajar com crian\u00e7as n\u00e3o \u00e9 problema.\" \/>\n<meta name=\"robots\" content=\"index, follow, max-snippet:-1, max-image-preview:large, max-video-preview:-1\" \/>\n<link rel=\"canonical\" href=\"https:\/\/www.viajarporegipto.com\/pt-pt\/viajar-para-o-egito\/\" \/>\n<meta property=\"og:locale\" content=\"pt_PT\" \/>\n<meta property=\"og:type\" content=\"article\" \/>\n<meta property=\"og:title\" content=\"Viagem Egito pacote\" \/>\n<meta property=\"og:description\" content=\"Hot\u00e9is, cruzeiros e outras viagens est\u00e3o perfeitamente preparados para que voc\u00ea possa desfrutar viagem egito pacote, e viajar com crian\u00e7as n\u00e3o \u00e9 problema.\" \/>\n<meta property=\"og:url\" content=\"https:\/\/www.viajarporegipto.com\/pt-pt\/viajar-para-o-egito\/\" \/>\n<meta property=\"og:site_name\" content=\"Viajar para o Egito | Cruzeiros Egito Pacotes | Viagem ao Egito\" \/>\n<meta property=\"article:modified_time\" content=\"2021-08-05T07:22:08+00:00\" \/>\n<meta property=\"og:image\" content=\"https:\/\/www.viajarporegipto.com\/wp-content\/uploads\/2019\/09\/camello-chica-viajes-egipto-ninos.jpg\" \/>\n<meta name=\"twitter:card\" content=\"summary_large_image\" \/>\n<meta name=\"twitter:label1\" content=\"Tempo estimado de leitura\" \/>\n\t<meta name=\"twitter:data1\" content=\"3 minutos\" \/>\n<script type=\"application\/ld+json\" class=\"yoast-schema-graph\">{\"@context\":\"https:\/\/schema.org\",\"@graph\":[{\"@type\":\"Organization\",\"@id\":\"https:\/\/www.viajarporegipto.com\/#organization\",\"name\":\"Viajes por el Mundo\",\"url\":\"https:\/\/www.viajarporegipto.com\/\",\"sameAs\":[\"https:\/\/www.youtube.com\/channel\/UCSfYTcdsPNlTaH1_piHdtsg\"],\"logo\":{\"@type\":\"ImageObject\",\"@id\":\"https:\/\/www.viajarporegipto.com\/#logo\",\"inLanguage\":\"pt-PT\",\"url\":\"https:\/\/www.viajarporegipto.com\/wp-content\/uploads\/2019\/09\/Logo-Viajes-por-el-Mundo.jpg\",\"contentUrl\":\"https:\/\/www.viajarporegipto.com\/wp-content\/uploads\/2019\/09\/Logo-Viajes-por-el-Mundo.jpg\",\"width\":316,\"height\":235,\"caption\":\"Viajes por el Mundo\"},\"image\":{\"@id\":\"https:\/\/www.viajarporegipto.com\/#logo\"}},{\"@type\":\"WebSite\",\"@id\":\"https:\/\/www.viajarporegipto.com\/#website\",\"url\":\"https:\/\/www.viajarporegipto.com\/\",\"name\":\"Viajar para o Egito | Cruzeiros Egito Pacotes | Viagem ao Egito\",\"description\":\"Os melhores ofertas cruzeiros Egito Pacotes. Viajar para o Egito e aproveite. Pre\\u00e7os no \\u00faltimo minuto em tu Viagem ao Egito.\",\"publisher\":{\"@id\":\"https:\/\/www.viajarporegipto.com\/#organization\"},\"potentialAction\":[{\"@type\":\"SearchAction\",\"target\":{\"@type\":\"EntryPoint\",\"urlTemplate\":\"https:\/\/www.viajarporegipto.com\/?s={search_term_string}\"},\"query-input\":\"required name=search_term_string\"}],\"inLanguage\":\"pt-PT\"},{\"@type\":\"ImageObject\",\"@id\":\"https:\/\/www.viajarporegipto.com\/pt-pt\/viajar-para-o-egito\/#primaryimage\",\"inLanguage\":\"pt-PT\",\"url\":\"https:\/\/www.viajarporegipto.com\/wp-content\/uploads\/2019\/09\/camello-chica-viajes-egipto-ninos.jpg\",\"contentUrl\":\"https:\/\/www.viajarporegipto.com\/wp-content\/uploads\/2019\/09\/camello-chica-viajes-egipto-ninos.jpg\",\"width\":450,\"height\":300},{\"@type\":\"WebPage\",\"@id\":\"https:\/\/www.viajarporegipto.com\/pt-pt\/viajar-para-o-egito\/#webpage\",\"url\":\"https:\/\/www.viajarporegipto.com\/pt-pt\/viajar-para-o-egito\/\",\"name\":\"Viagem Egito pacote\",\"isPartOf\":{\"@id\":\"https:\/\/www.viajarporegipto.com\/#website\"},\"primaryImageOfPage\":{\"@id\":\"https:\/\/www.viajarporegipto.com\/pt-pt\/viajar-para-o-egito\/#primaryimage\"},\"datePublished\":\"2019-11-28T17:09:40+00:00\",\"dateModified\":\"2021-08-05T07:22:08+00:00\",\"description\":\"Hot\\u00e9is, cruzeiros e outras viagens est\\u00e3o perfeitamente preparados para que voc\\u00ea possa desfrutar viagem egito pacote, e viajar com crian\\u00e7as n\\u00e3o \\u00e9 problema.\",\"breadcrumb\":{\"@id\":\"https:\/\/www.viajarporegipto.com\/pt-pt\/viajar-para-o-egito\/#breadcrumb\"},\"inLanguage\":\"pt-PT\",\"potentialAction\":[{\"@type\":\"ReadAction\",\"target\":[\"https:\/\/www.viajarporegipto.com\/pt-pt\/viajar-para-o-egito\/\"]}]},{\"@type\":\"BreadcrumbList\",\"@id\":\"https:\/\/www.viajarporegipto.com\/pt-pt\/viajar-para-o-egito\/#breadcrumb\",\"itemListElement\":[{\"@type\":\"ListItem\",\"position\":1,\"name\":\"Portada\",\"item\":\"https:\/\/www.viajarporegipto.com\/pt-pt\/\"},{\"@type\":\"ListItem\",\"position\":2,\"name\":\"Viagem Egito pacote\"}]}]}<\/script>\n<!-- \/ Yoast SEO plugin. -->","yoast_head_json":{"description":"Hot\u00e9is, cruzeiros e outras viagens est\u00e3o perfeitamente preparados para que voc\u00ea possa desfrutar viagem egito pacote, e viajar com crian\u00e7as n\u00e3o \u00e9 problema.","robots":{"index":"index","follow":"follow","max-snippet":"max-snippet:-1","max-image-preview":"max-image-preview:large","max-video-preview":"max-video-preview:-1"},"canonical":"https:\/\/www.viajarporegipto.com\/pt-pt\/viajar-para-o-egito\/","og_locale":"pt_PT","og_type":"article","og_title":"Viagem Egito pacote","og_description":"Hot\u00e9is, cruzeiros e outras viagens est\u00e3o perfeitamente preparados para que voc\u00ea possa desfrutar viagem egito pacote, e viajar com crian\u00e7as n\u00e3o \u00e9 problema.","og_url":"https:\/\/www.viajarporegipto.com\/pt-pt\/viajar-para-o-egito\/","og_site_name":"Viajar para o Egito | Cruzeiros Egito Pacotes | Viagem ao Egito","article_modified_time":"2021-08-05T07:22:08+00:00","og_image":[{"url":"https:\/\/www.viajarporegipto.com\/wp-content\/uploads\/2019\/09\/camello-chica-viajes-egipto-ninos.jpg"}],"twitter_card":"summary_large_image","twitter_misc":{"Tempo estimado de leitura":"3 minutos"},"schema":{"@context":"https:\/\/schema.org","@graph":[{"@type":"Organization","@id":"https:\/\/www.viajarporegipto.com\/#organization","name":"Viajes por el Mundo","url":"https:\/\/www.viajarporegipto.com\/","sameAs":["https:\/\/www.youtube.com\/channel\/UCSfYTcdsPNlTaH1_piHdtsg"],"logo":{"@type":"ImageObject","@id":"https:\/\/www.viajarporegipto.com\/#logo","inLanguage":"pt-PT","url":"https:\/\/www.viajarporegipto.com\/wp-content\/uploads\/2019\/09\/Logo-Viajes-por-el-Mundo.jpg","contentUrl":"https:\/\/www.viajarporegipto.com\/wp-content\/uploads\/2019\/09\/Logo-Viajes-por-el-Mundo.jpg","width":316,"height":235,"caption":"Viajes por el Mundo"},"image":{"@id":"https:\/\/www.viajarporegipto.com\/#logo"}},{"@type":"WebSite","@id":"https:\/\/www.viajarporegipto.com\/#website","url":"https:\/\/www.viajarporegipto.com\/","name":"Viajar para o Egito | Cruzeiros Egito Pacotes | Viagem ao Egito","description":"Os melhores ofertas cruzeiros Egito Pacotes. Viajar para o Egito e aproveite. Pre\u00e7os no \u00faltimo minuto em tu Viagem ao Egito.","publisher":{"@id":"https:\/\/www.viajarporegipto.com\/#organization"},"potentialAction":[{"@type":"SearchAction","target":{"@type":"EntryPoint","urlTemplate":"https:\/\/www.viajarporegipto.com\/?s={search_term_string}"},"query-input":"required name=search_term_string"}],"inLanguage":"pt-PT"},{"@type":"ImageObject","@id":"https:\/\/www.viajarporegipto.com\/pt-pt\/viajar-para-o-egito\/#primaryimage","inLanguage":"pt-PT","url":"https:\/\/www.viajarporegipto.com\/wp-content\/uploads\/2019\/09\/camello-chica-viajes-egipto-ninos.jpg","contentUrl":"https:\/\/www.viajarporegipto.com\/wp-content\/uploads\/2019\/09\/camello-chica-viajes-egipto-ninos.jpg","width":450,"height":300},{"@type":"WebPage","@id":"https:\/\/www.viajarporegipto.com\/pt-pt\/viajar-para-o-egito\/#webpage","url":"https:\/\/www.viajarporegipto.com\/pt-pt\/viajar-para-o-egito\/","name":"Viagem Egito pacote","isPartOf":{"@id":"https:\/\/www.viajarporegipto.com\/#website"},"primaryImageOfPage":{"@id":"https:\/\/www.viajarporegipto.com\/pt-pt\/viajar-para-o-egito\/#primaryimage"},"datePublished":"2019-11-28T17:09:40+00:00","dateModified":"2021-08-05T07:22:08+00:00","description":"Hot\u00e9is, cruzeiros e outras viagens est\u00e3o perfeitamente preparados para que voc\u00ea possa desfrutar viagem egito pacote, e viajar com crian\u00e7as n\u00e3o \u00e9 problema.","breadcrumb":{"@id":"https:\/\/www.viajarporegipto.com\/pt-pt\/viajar-para-o-egito\/#breadcrumb"},"inLanguage":"pt-PT","potentialAction":[{"@type":"ReadAction","target":["https:\/\/www.viajarporegipto.com\/pt-pt\/viajar-para-o-egito\/"]}]},{"@type":"BreadcrumbList","@id":"https:\/\/www.viajarporegipto.com\/pt-pt\/viajar-para-o-egito\/#breadcrumb","itemListElement":[{"@type":"ListItem","position":1,"name":"Portada","item":"https:\/\/www.viajarporegipto.com\/pt-pt\/"},{"@type":"ListItem","position":2,"name":"Viagem Egito pacote"}]}]}},"_links":{"self":[{"href":"https:\/\/www.viajarporegipto.com\/pt-pt\/wp-json\/wp\/v2\/pages\/2797"}],"collection":[{"href":"https:\/\/www.viajarporegipto.com\/pt-pt\/wp-json\/wp\/v2\/pages"}],"about":[{"href":"https:\/\/www.viajarporegipto.com\/pt-pt\/wp-json\/wp\/v2\/types\/page"}],"author":[{"embeddable":true,"href":"https:\/\/www.viajarporegipto.com\/pt-pt\/wp-json\/wp\/v2\/users\/1"}],"replies":[{"embeddable":true,"href":"https:\/\/www.viajarporegipto.com\/pt-pt\/wp-json\/wp\/v2\/comments?post=2797"}],"version-history":[{"count":8,"href":"https:\/\/www.viajarporegipto.com\/pt-pt\/wp-json\/wp\/v2\/pages\/2797\/revisions"}],"predecessor-version":[{"id":8683,"href":"https:\/\/www.viajarporegipto.com\/pt-pt\/wp-json\/wp\/v2\/pages\/2797\/revisions\/8683"}],"wp:attachment":[{"href":"https:\/\/www.viajarporegipto.com\/pt-pt\/wp-json\/wp\/v2\/media?parent=2797"}],"curies":[{"name":"wp","href":"https:\/\/api.w.org\/{rel}","templated":true}]}}