{"id":2802,"date":"2019-11-28T18:12:48","date_gmt":"2019-11-28T17:12:48","guid":{"rendered":"https:\/\/www.viajarporegipto.com\/?page_id=2802"},"modified":"2021-08-05T09:15:49","modified_gmt":"2021-08-05T07:15:49","slug":"viagens-em-grupo-privado","status":"publish","type":"page","link":"https:\/\/www.viajarporegipto.com\/pt-pt\/viagens-em-grupo-privado\/","title":{"rendered":"Viagens em grupo privado"},"content":{"rendered":"<div style=\"font-size: 20px; margin-left: 50px;\">\r\n<h2>Viagens em grupo privado<\/h2>\r\n\r\n<p>Em nossa ag\u00eancia somos especialistas em organizar sa\u00eddas regulares de grupo para associa\u00e7\u00f5es, empresas, grupos de interesse especial, institui\u00e7\u00f5es educacionais, celebra\u00e7\u00f5es familiares, museus, organiza\u00e7\u00f5es culturais e de artes pl\u00e1sticas. Tamb\u00e9m somos bem conhecidos por nossas viagens de aventura, atrav\u00e9s de selvas ou desertos. N\u00f3s o ajudaremos a criar exatamente as f\u00e9rias certas para voc\u00ea e seu grupo. Nosso servi\u00e7o \u00e9 adaptado \u00e0s suas necessidades individuais. E se desejar, tamb\u00e9m podemos produzir seus folhetos, itiner\u00e1rios e material de marketing.<\/p>\r\n<p>Viajamos por todo o mundo, embora seja evidente que nossa \u00e1rea de especialidade \u00e9 o Egito, onde nossos contatos s\u00e3o inigual\u00e1veis. Podemos fornecer-lhe qualquer itiner\u00e1rio que voc\u00ea gostaria de fazer, ou trabalhar com voc\u00ea para criar algo excitante e \u00fanico juntos, de acordo com as prefer\u00eancias de seu grupo.<\/p>\r\n<p>Trabalhamos com algumas das mais prestigiadas organiza\u00e7\u00f5es culturais e sociais, tanto na Espanha como no exterior, que viajam regularmente conosco para os mais variados destinos do mundo. O custo de sua viagem pode incluir v\u00f4os, transfers e hospedagem ou absolutamente tudo, incluindo passeios tur\u00edsticos e guias.<\/p>\r\n<p><strong><img loading=\"lazy\" class=\"aligncenter wp-image-7281 size-full\" src=\"https:\/\/www.viajarporegipto.com\/wp-content\/uploads\/2021\/05\/Egipto-Fernando.jpg\" alt=\"\" width=\"900\" height=\"675\" srcset=\"https:\/\/www.viajarporegipto.com\/wp-content\/uploads\/2021\/05\/Egipto-Fernando.jpg 900w, https:\/\/www.viajarporegipto.com\/wp-content\/uploads\/2021\/05\/Egipto-Fernando-300x225.jpg 300w, https:\/\/www.viajarporegipto.com\/wp-content\/uploads\/2021\/05\/Egipto-Fernando-768x576.jpg 768w, https:\/\/www.viajarporegipto.com\/wp-content\/uploads\/2021\/05\/Egipto-Fernando-800x600.jpg 800w\" sizes=\"(max-width: 900px) 100vw, 900px\" \/>UM ESTILO \u00daNICO<\/strong><\/p>\r\n<p>As sociedades e institui\u00e7\u00f5es que viajam regularmente conosco apreciam o que nossos profissionais fazem por eles antes da viagem, durante a prepara\u00e7\u00e3o rigorosa do itiner\u00e1rio e dos servi\u00e7os. Mas onde nosso estilo \u00fanico \u00e9 verdadeiramente apreciado \u00e9 durante a expedi\u00e7\u00e3o no pa\u00eds de destino, onde nos esfor\u00e7amos para atender pessoalmente \u00e0s necessidades de cada membro do grupo. Trabalhamos para proporcionar aos nossos viajantes uma experi\u00eancia emocionante e \u00fanica, que revitaliza o entusiasmo e o relacionamento dos membros do grupo com a institui\u00e7\u00e3o que organiza o evento.<\/p>\r\n<p>Criamos itiner\u00e1rios especialmente ricos em conte\u00fado, enquanto cuidamos do entretenimento com atividades complementares, programados para aumentar a sensa\u00e7\u00e3o de compartilhar experi\u00eancias e viagens divertidas. Isto melhora muito as rela\u00e7\u00f5es humanas e a uni\u00e3o entre os participantes. Seja uma viagem para ver os grandes destinos culturais do mundo ou uma aventura mais ousada em selvas inacess\u00edveis ou desertos profundos, criaremos algo de que sua institui\u00e7\u00e3o falar\u00e1 durante anos.<\/p>\r\n<p>Somos muito flex\u00edveis quanto ao n\u00famero de participantes que podem compor o grupo, e tratamos tanto os pequenos como os grandes grupos com a mesma aten\u00e7\u00e3o aos detalhes. Se o grupo for muito grande, podemos dividi-lo em grupos guiados menores, para facilitar o desfrute das visitas com conforto. Temos sintonizadores individuais para cada viajante, que trazem as explica\u00e7\u00f5es de nossos guias para seus fones de ouvido com total clareza. Tamb\u00e9m temos o prazer de atender a qualquer faixa et\u00e1ria.<\/p>\r\n<p><img loading=\"lazy\" class=\"aligncenter wp-image-7277 size-full\" src=\"https:\/\/www.viajarporegipto.com\/wp-content\/uploads\/2021\/05\/DSC_0072.jpg\" alt=\"\" width=\"900\" height=\"600\" srcset=\"https:\/\/www.viajarporegipto.com\/wp-content\/uploads\/2021\/05\/DSC_0072.jpg 900w, https:\/\/www.viajarporegipto.com\/wp-content\/uploads\/2021\/05\/DSC_0072-300x200.jpg 300w, https:\/\/www.viajarporegipto.com\/wp-content\/uploads\/2021\/05\/DSC_0072-768x512.jpg 768w\" sizes=\"(max-width: 900px) 100vw, 900px\" \/><\/p>\r\n<p><strong>COMO OS TRANSPORTAMOS?<\/strong><\/p>\r\n<p>Nossos grupos t\u00eam sempre transporte privado, com ar condicionado e todas as comodidades, desde o aeroporto at\u00e9 o hotel e em todos os lugares intermedi\u00e1rios para todo o tour. N\u00e3o h\u00e1 como esperar que outro grupo se junte a voc\u00ea, n\u00e3o h\u00e1 necessidade de passar por uma d\u00fazia de hot\u00e9is no caminho para pegar outros passageiros, n\u00e3o h\u00e1 necessidade de se preocupar com a seguran\u00e7a de sua bagagem e de seus pertences pessoais.<\/p>\r\n<p><strong>QUANTO VAI CUSTAR?<\/strong><\/p>\r\n<p>Depende de quantos dias voc\u00ea gostaria de estar fora, que tipo de f\u00e9rias voc\u00ea gostaria, o n\u00famero de lugares gratuitos necess\u00e1rios e quantos lugares voc\u00ea gostaria de visitar. Somos muito competitivos e, considerando tudo o que geralmente inclu\u00edmos em nossas viagens, a nossa \u00e9 muito boa rela\u00e7\u00e3o custo-benef\u00edcio. Nossos itiner\u00e1rios incomuns n\u00e3o s\u00e3o correspondidos por nenhuma outra ag\u00eancia.<\/p>\r\n<p><strong>COMO POSSO SOLICITAR UMA COTA\u00c7\u00c3O?<\/strong><\/p>\r\n<p>Tudo o que voc\u00ea precisa fazer \u00e9 nos contatar e nos fornecer algumas informa\u00e7\u00f5es gerais sobre suas prefer\u00eancias e n\u00f3s faremos o resto. Voc\u00ea pode nos contatar por qualquer um dos seguintes meios:<\/p>\r\n<p>E-mail: <a href=\"mailto:juanadrada@viajarporelmundo.com\">juanadrada@viajarporelmundo.com<\/a> <br \/>Telefone: +34 965 162 742<br \/>Whatsapp, Viber, Telegram: +34 695 580 851<\/p>\r\n<p>Ou atrav\u00e9s de nossas redes sociais:<\/p>\r\n<p><a href=\"https:\/\/www.instagram.com\/egiptoprofundo\/\">https:\/\/www.instagram.com\/egiptoprofundo\/<\/a> <br \/><a href=\"https:\/\/www.facebook.com\/egiptoprofundo\/\">https:\/\/www.facebook.com\/egiptoprofundo\/<\/a> <br \/><a href=\"https:\/\/www.youtube.com\/egiptoprofundo\/\">https:\/\/www.youtube.com\/egiptoprofundo\/<\/a><\/p>\r\n<p><strong>POSSO FAZER O TOUR COM ANTECED\u00caNCIA?<\/strong><\/p>\r\n<p>\u00c9 claro! Voc\u00ea pode usar um dos lugares gratuitos para seu grupo e fazer o mesmo passeio antes do resto dos viajantes, se quiser conferir os hot\u00e9is, servi\u00e7os e lugares a visitar. O custo que voc\u00ea pagar\u00e1 por sua viagem de pesquisa ser\u00e1 deduzido do pre\u00e7o total do grupo \u00e0 partida.<\/p>\r\n<p><strong>PLANOS DE REFEI\u00c7\u00c3O<\/strong><\/p>\r\n<p>Todas as nossas cota\u00e7\u00f5es incluem caf\u00e9 da manh\u00e3 buffet nos hot\u00e9is, e muitas das refei\u00e7\u00f5es ao meio-dia, para facilitar o ritmo das visitas. Durante os cruzeiros do Nilo, as refei\u00e7\u00f5es s\u00e3o a pens\u00e3o completa. Mais almo\u00e7os ou jantares podem ser inclu\u00eddos durante a viagem, de acordo com seus desejos.<\/p>\r\n<p><strong><img loading=\"lazy\" class=\"aligncenter size-full wp-image-7283\" src=\"https:\/\/www.viajarporegipto.com\/wp-content\/uploads\/2021\/05\/Egipto-grupo.jpg\" alt=\"\" width=\"900\" height=\"675\" srcset=\"https:\/\/www.viajarporegipto.com\/wp-content\/uploads\/2021\/05\/Egipto-grupo.jpg 900w, https:\/\/www.viajarporegipto.com\/wp-content\/uploads\/2021\/05\/Egipto-grupo-300x225.jpg 300w, https:\/\/www.viajarporegipto.com\/wp-content\/uploads\/2021\/05\/Egipto-grupo-768x576.jpg 768w, https:\/\/www.viajarporegipto.com\/wp-content\/uploads\/2021\/05\/Egipto-grupo-800x600.jpg 800w\" sizes=\"(max-width: 900px) 100vw, 900px\" \/>MARKETING DE VIAGEM<\/strong><\/p>\r\n<p>Podemos ayudarle con esto si lo necesita, preparando hojas de marketing para su viaje y folletos de itinerario para sus pasajeros. Incluso podemos poner su recorrido en nuestra p\u00e1gina web y en las redes sociales, para atraer a m\u00e1s miembros a su sociedad o grupo como parte del programa. Tambi\u00e9n podemos incorporar su propia marca o logotipo en todas las publicaciones, si desea dar a su gira una imagen m\u00e1s profesional. Nos guiamos por sus deseos en cada detalle y trabajamos incansablemente para crear la imagen m\u00e1s adecuada para su expedici\u00f3n.<\/p>\r\n<p><strong>PERA\u00c7\u00d5ES ANTES E DURANTE A VIAGEM<\/strong><\/p>\r\n<p>Uma vez acordado o itiner\u00e1rio e criado o material de marketing, nossa empresa faz todo o trabalho. Cuidamos de reservas individuais para todos os participantes, faturamento de servi\u00e7os e distribui\u00e7\u00e3o de folhetos e itiner\u00e1rios. Uma vez iniciado o tour, nosso pessoal no destino se encarregar\u00e1 de tudo, fazendo a liga\u00e7\u00e3o com os servi\u00e7os terrestres, transporte, hot\u00e9is e linhas de cruzeiro, garantindo a aquisi\u00e7\u00e3o de ingressos ou licen\u00e7as especiais para visitar todos os locais programados.<\/p>\r\n<p>N\u00f3s cuidamos de quaisquer quest\u00f5es operacionais durante as atividades de cada dia. Nosso trabalho \u00e9 cuidar de seu grupo e especialmente de voc\u00ea, para que voc\u00ea possa relaxar e se concentrar em cuidar dos membros de seu grupo durante a viagem. Nossos excelentes guias especializados est\u00e3o l\u00e1 para responder a quaisquer solicita\u00e7\u00f5es que voc\u00ea possa ter durante o tour.<\/p>\r\n<p>&nbsp;<\/p>\r\n<\/div>\r\n<div class=\"su-spacer\" style=\"height:20px\"><\/div>\r\n\t\t<div data-elementor-type=\"page\" data-elementor-id=\"8665\" class=\"elementor elementor-8665\" data-elementor-settings=\"[]\">\n\t\t\t\t\t\t<div class=\"elementor-inner\">\n\t\t\t\t\t\t\t<div class=\"elementor-section-wrap\">\n\t\t\t\t\t\t\t<section class=\"elementor-section elementor-top-section elementor-element elementor-element-4ce6e64e elementor-section-boxed elementor-section-height-default elementor-section-height-default\" data-id=\"4ce6e64e\" data-element_type=\"section\" data-settings=\"{&quot;background_background&quot;:&quot;classic&quot;}\">\n\t\t\t\t\t\t<div class=\"elementor-container elementor-column-gap-default\">\n\t\t\t\t\t\t\t<div class=\"elementor-row\">\n\t\t\t\t\t<div class=\"elementor-column elementor-col-100 elementor-top-column elementor-element elementor-element-529d878a\" data-id=\"529d878a\" data-element_type=\"column\">\n\t\t\t<div class=\"elementor-column-wrap elementor-element-populated\">\n\t\t\t\t\t\t\t<div class=\"elementor-widget-wrap\">\n\t\t\t\t\t\t<div class=\"elementor-element elementor-element-515fd6e9 elementor-widget elementor-widget-heading\" data-id=\"515fd6e9\" data-element_type=\"widget\" data-widget_type=\"heading.default\">\n\t\t\t\t<div class=\"elementor-widget-container\">\n\t\t\t<h2 class=\"elementor-heading-title elementor-size-default\">Assine nossa newsletter!<\/h2>\t\t<\/div>\n\t\t\t\t<\/div>\n\t\t\t\t<div class=\"elementor-element elementor-element-476cbb19 elementor-widget elementor-widget-text-editor\" data-id=\"476cbb19\" data-element_type=\"widget\" data-widget_type=\"text-editor.default\">\n\t\t\t\t<div class=\"elementor-widget-container\">\n\t\t\t\t\t<div class=\"elementor-text-editor elementor-clearfix\"><p style=\"text-align: center;\">Voc\u00ea receber\u00e1 as not\u00edcias mais interessantes sobre o Egito Antigo e sobre nossas viagens confortavelmente em seu e-mail<\/p><\/div>\n\t\t\t\t<\/div>\n\t\t\t\t<\/div>\n\t\t\t\t<div class=\"elementor-element elementor-element-c45fb8b elementor-button-align-end elementor-widget elementor-widget-form\" data-id=\"c45fb8b\" data-element_type=\"widget\" data-settings=\"{&quot;button_width&quot;:&quot;50&quot;,&quot;step_next_label&quot;:&quot;Next&quot;,&quot;step_previous_label&quot;:&quot;Previous&quot;,&quot;step_type&quot;:&quot;number_text&quot;,&quot;step_icon_shape&quot;:&quot;circle&quot;}\" data-widget_type=\"form.default\">\n\t\t\t\t<div class=\"elementor-widget-container\">\n\t\t\t\t\t<form class=\"elementor-form\" method=\"post\" name=\"Suscripci\u00f3n horizontal ES\">\n\t\t\t<input type=\"hidden\" name=\"post_id\" value=\"8665\"\/>\n\t\t\t<input type=\"hidden\" name=\"form_id\" value=\"c45fb8b\"\/>\n\t\t\t<input type=\"hidden\" name=\"referer_title\" value=\"Viajar para o Egito | Cruzeiros Egito Pacotes | Viagem ao Egito\" \/>\n\n\t\t\t\n\t\t\t<div class=\"elementor-form-fields-wrapper elementor-labels-\">\n\t\t\t\t\t\t\t\t<div class=\"elementor-field-type-text elementor-field-group elementor-column elementor-field-group-name elementor-col-50 elementor-field-required\">\n\t\t\t\t\t<label for=\"form-field-name\" class=\"elementor-field-label elementor-screen-only\">Nombre<\/label><input size=\"1\" type=\"text\" name=\"form_fields[name]\" id=\"form-field-name\" class=\"elementor-field elementor-size-xs  elementor-field-textual\" placeholder=\"\ud83d\udc64 Teu nome\" required=\"required\" aria-required=\"true\">\t\t\t\t<\/div>\n\t\t\t\t\t\t\t\t<div class=\"elementor-field-type-email elementor-field-group elementor-column elementor-field-group-email elementor-col-50 elementor-field-required\">\n\t\t\t\t\t<label for=\"form-field-email\" class=\"elementor-field-label elementor-screen-only\">Email<\/label><input size=\"1\" type=\"email\" name=\"form_fields[email]\" id=\"form-field-email\" class=\"elementor-field elementor-size-xs  elementor-field-textual\" placeholder=\"\ud83d\udce7 Teu Email\" required=\"required\" aria-required=\"true\">\t\t\t\t<\/div>\n\t\t\t\t\t\t\t\t<div class=\"elementor-field-type-acceptance elementor-field-group elementor-column elementor-field-group-field_f722f4b elementor-col-50 elementor-field-required\">\n\t\t\t\t\t<label for=\"form-field-field_f722f4b\" class=\"elementor-field-label elementor-screen-only\">Aceptaci\u00f3n<\/label><div class=\"elementor-field-subgroup\"><span class=\"elementor-field-option\"><input type=\"checkbox\" name=\"form_fields[field_f722f4b]\" id=\"form-field-field_f722f4b\" class=\"elementor-field elementor-size-xs  elementor-acceptance-field\" required=\"required\" aria-required=\"true\"> <label for=\"form-field-field_f722f4b\">Eu li e aceito o\u00a0<a class=\"privacidad\" style=\"color: #ff9900;\" href=\"https:\/\/www.viajarporegipto.com\/pt-pt\/politica-de-privacidade\/\" target=\"_blank\" rel=\"noopener noreferrer\">pol\u00edtica de Privacidade<\/a>  (requerido)<\/label><\/span><\/div>\t\t\t\t<\/div>\n\t\t\t\t\t\t\t\t<div class=\"elementor-field-group elementor-column elementor-field-type-submit elementor-col-50 e-form__buttons\">\n\t\t\t\t\t<button type=\"submit\" class=\"elementor-button elementor-size-md\">\n\t\t\t\t\t\t<span >\n\t\t\t\t\t\t\t\t\t\t\t\t\t\t\t<span class=\"elementor-align-icon-left elementor-button-icon\">\n\t\t\t\t\t\t\t\t\t<i aria-hidden=\"true\" class=\"far fa-share-square\"><\/i>\t\t\t\t\t\t\t\t\t\t\t\t\t\t\t\t\t<\/span>\n\t\t\t\t\t\t\t\t\t\t\t\t\t\t\t\t\t\t\t\t\t\t<span class=\"elementor-button-text\">SUBSCREVER<\/span>\n\t\t\t\t\t\t\t\t\t\t\t\t\t<\/span>\n\t\t\t\t\t<\/button>\n\t\t\t\t<\/div>\n\t\t\t<\/div>\n\t\t<\/form>\n\t\t\t\t<\/div>\n\t\t\t\t<\/div>\n\t\t\t\t\t\t<\/div>\n\t\t\t\t\t<\/div>\n\t\t<\/div>\n\t\t\t\t\t\t\t\t<\/div>\n\t\t\t\t\t<\/div>\n\t\t<\/section>\n\t\t\t\t\t\t<\/div>\n\t\t\t\t\t\t<\/div>\n\t\t\t\t\t<\/div>\n\t\t","protected":false},"excerpt":{"rendered":"<p>Viagens em grupo privado Em nossa ag\u00eancia somos especialistas em organizar sa\u00eddas regulares de grupo para associa\u00e7\u00f5es, empresas, grupos de interesse especial, institui\u00e7\u00f5es educacionais, celebra\u00e7\u00f5es familiares, museus, organiza\u00e7\u00f5es culturais e de artes pl\u00e1sticas. Tamb\u00e9m somos bem conhecidos por nossas viagens de aventura, atrav\u00e9s de selvas ou desertos. N\u00f3s o ajudaremos a criar exatamente as f\u00e9rias certas para voc\u00ea e seu &hellip;<\/p>\n","protected":false},"author":1,"featured_media":0,"parent":0,"menu_order":0,"comment_status":"closed","ping_status":"closed","template":"","meta":[],"yoast_head":"<!-- This site is optimized with the Yoast SEO plugin v16.8 - https:\/\/yoast.com\/wordpress\/plugins\/seo\/ -->\n<meta name=\"description\" content=\"Programe seu pr\u00f3prio grupo de viagem, fam\u00edlia, para uma empresa ou associa\u00e7\u00e3o, com nossos viagens em grupos privado ao Egito. Tamb\u00e9m para outros destinos.\" \/>\n<meta name=\"robots\" content=\"index, follow, max-snippet:-1, max-image-preview:large, max-video-preview:-1\" \/>\n<link rel=\"canonical\" href=\"https:\/\/www.viajarporegipto.com\/pt-pt\/viagens-em-grupo-privado\/\" \/>\n<meta property=\"og:locale\" content=\"pt_PT\" \/>\n<meta property=\"og:type\" content=\"article\" \/>\n<meta property=\"og:title\" content=\"Viagens em grupo privado\" \/>\n<meta property=\"og:description\" content=\"Programe seu pr\u00f3prio grupo de viagem, fam\u00edlia, para uma empresa ou associa\u00e7\u00e3o, com nossos viagens em grupos privado ao Egito. Tamb\u00e9m para outros destinos.\" \/>\n<meta property=\"og:url\" content=\"https:\/\/www.viajarporegipto.com\/pt-pt\/viagens-em-grupo-privado\/\" \/>\n<meta property=\"og:site_name\" content=\"Viajar para o Egito | Cruzeiros Egito Pacotes | Viagem ao Egito\" \/>\n<meta property=\"article:modified_time\" content=\"2021-08-05T07:15:49+00:00\" \/>\n<meta property=\"og:image\" content=\"https:\/\/www.viajarporegipto.com\/wp-content\/uploads\/2021\/05\/Egipto-Fernando.jpg\" \/>\n<meta name=\"twitter:card\" content=\"summary_large_image\" \/>\n<meta name=\"twitter:label1\" content=\"Tempo estimado de leitura\" \/>\n\t<meta name=\"twitter:data1\" content=\"5 minutos\" \/>\n<script type=\"application\/ld+json\" class=\"yoast-schema-graph\">{\"@context\":\"https:\/\/schema.org\",\"@graph\":[{\"@type\":\"Organization\",\"@id\":\"https:\/\/www.viajarporegipto.com\/#organization\",\"name\":\"Viajes por el Mundo\",\"url\":\"https:\/\/www.viajarporegipto.com\/\",\"sameAs\":[\"https:\/\/www.youtube.com\/channel\/UCSfYTcdsPNlTaH1_piHdtsg\"],\"logo\":{\"@type\":\"ImageObject\",\"@id\":\"https:\/\/www.viajarporegipto.com\/#logo\",\"inLanguage\":\"pt-PT\",\"url\":\"https:\/\/www.viajarporegipto.com\/wp-content\/uploads\/2019\/09\/Logo-Viajes-por-el-Mundo.jpg\",\"contentUrl\":\"https:\/\/www.viajarporegipto.com\/wp-content\/uploads\/2019\/09\/Logo-Viajes-por-el-Mundo.jpg\",\"width\":316,\"height\":235,\"caption\":\"Viajes por el Mundo\"},\"image\":{\"@id\":\"https:\/\/www.viajarporegipto.com\/#logo\"}},{\"@type\":\"WebSite\",\"@id\":\"https:\/\/www.viajarporegipto.com\/#website\",\"url\":\"https:\/\/www.viajarporegipto.com\/\",\"name\":\"Viajar para o Egito | Cruzeiros Egito Pacotes | Viagem ao Egito\",\"description\":\"Os melhores ofertas cruzeiros Egito Pacotes. Viajar para o Egito e aproveite. Pre\\u00e7os no \\u00faltimo minuto em tu Viagem ao Egito.\",\"publisher\":{\"@id\":\"https:\/\/www.viajarporegipto.com\/#organization\"},\"potentialAction\":[{\"@type\":\"SearchAction\",\"target\":{\"@type\":\"EntryPoint\",\"urlTemplate\":\"https:\/\/www.viajarporegipto.com\/?s={search_term_string}\"},\"query-input\":\"required name=search_term_string\"}],\"inLanguage\":\"pt-PT\"},{\"@type\":\"ImageObject\",\"@id\":\"https:\/\/www.viajarporegipto.com\/pt-pt\/viagens-em-grupo-privado\/#primaryimage\",\"inLanguage\":\"pt-PT\",\"url\":\"https:\/\/www.viajarporegipto.com\/wp-content\/uploads\/2021\/05\/Egipto-Fernando.jpg\",\"contentUrl\":\"https:\/\/www.viajarporegipto.com\/wp-content\/uploads\/2021\/05\/Egipto-Fernando.jpg\",\"width\":900,\"height\":675},{\"@type\":\"WebPage\",\"@id\":\"https:\/\/www.viajarporegipto.com\/pt-pt\/viagens-em-grupo-privado\/#webpage\",\"url\":\"https:\/\/www.viajarporegipto.com\/pt-pt\/viagens-em-grupo-privado\/\",\"name\":\"Viagens em grupo privado\",\"isPartOf\":{\"@id\":\"https:\/\/www.viajarporegipto.com\/#website\"},\"primaryImageOfPage\":{\"@id\":\"https:\/\/www.viajarporegipto.com\/pt-pt\/viagens-em-grupo-privado\/#primaryimage\"},\"datePublished\":\"2019-11-28T17:12:48+00:00\",\"dateModified\":\"2021-08-05T07:15:49+00:00\",\"description\":\"Programe seu pr\\u00f3prio grupo de viagem, fam\\u00edlia, para uma empresa ou associa\\u00e7\\u00e3o, com nossos viagens em grupos privado ao Egito. Tamb\\u00e9m para outros destinos.\",\"breadcrumb\":{\"@id\":\"https:\/\/www.viajarporegipto.com\/pt-pt\/viagens-em-grupo-privado\/#breadcrumb\"},\"inLanguage\":\"pt-PT\",\"potentialAction\":[{\"@type\":\"ReadAction\",\"target\":[\"https:\/\/www.viajarporegipto.com\/pt-pt\/viagens-em-grupo-privado\/\"]}]},{\"@type\":\"BreadcrumbList\",\"@id\":\"https:\/\/www.viajarporegipto.com\/pt-pt\/viagens-em-grupo-privado\/#breadcrumb\",\"itemListElement\":[{\"@type\":\"ListItem\",\"position\":1,\"name\":\"Portada\",\"item\":\"https:\/\/www.viajarporegipto.com\/pt-pt\/\"},{\"@type\":\"ListItem\",\"position\":2,\"name\":\"Viagens em grupo privado\"}]}]}<\/script>\n<!-- \/ Yoast SEO plugin. -->","yoast_head_json":{"description":"Programe seu pr\u00f3prio grupo de viagem, fam\u00edlia, para uma empresa ou associa\u00e7\u00e3o, com nossos viagens em grupos privado ao Egito. Tamb\u00e9m para outros destinos.","robots":{"index":"index","follow":"follow","max-snippet":"max-snippet:-1","max-image-preview":"max-image-preview:large","max-video-preview":"max-video-preview:-1"},"canonical":"https:\/\/www.viajarporegipto.com\/pt-pt\/viagens-em-grupo-privado\/","og_locale":"pt_PT","og_type":"article","og_title":"Viagens em grupo privado","og_description":"Programe seu pr\u00f3prio grupo de viagem, fam\u00edlia, para uma empresa ou associa\u00e7\u00e3o, com nossos viagens em grupos privado ao Egito. Tamb\u00e9m para outros destinos.","og_url":"https:\/\/www.viajarporegipto.com\/pt-pt\/viagens-em-grupo-privado\/","og_site_name":"Viajar para o Egito | Cruzeiros Egito Pacotes | Viagem ao Egito","article_modified_time":"2021-08-05T07:15:49+00:00","og_image":[{"url":"https:\/\/www.viajarporegipto.com\/wp-content\/uploads\/2021\/05\/Egipto-Fernando.jpg"}],"twitter_card":"summary_large_image","twitter_misc":{"Tempo estimado de leitura":"5 minutos"},"schema":{"@context":"https:\/\/schema.org","@graph":[{"@type":"Organization","@id":"https:\/\/www.viajarporegipto.com\/#organization","name":"Viajes por el Mundo","url":"https:\/\/www.viajarporegipto.com\/","sameAs":["https:\/\/www.youtube.com\/channel\/UCSfYTcdsPNlTaH1_piHdtsg"],"logo":{"@type":"ImageObject","@id":"https:\/\/www.viajarporegipto.com\/#logo","inLanguage":"pt-PT","url":"https:\/\/www.viajarporegipto.com\/wp-content\/uploads\/2019\/09\/Logo-Viajes-por-el-Mundo.jpg","contentUrl":"https:\/\/www.viajarporegipto.com\/wp-content\/uploads\/2019\/09\/Logo-Viajes-por-el-Mundo.jpg","width":316,"height":235,"caption":"Viajes por el Mundo"},"image":{"@id":"https:\/\/www.viajarporegipto.com\/#logo"}},{"@type":"WebSite","@id":"https:\/\/www.viajarporegipto.com\/#website","url":"https:\/\/www.viajarporegipto.com\/","name":"Viajar para o Egito | Cruzeiros Egito Pacotes | Viagem ao Egito","description":"Os melhores ofertas cruzeiros Egito Pacotes. Viajar para o Egito e aproveite. Pre\u00e7os no \u00faltimo minuto em tu Viagem ao Egito.","publisher":{"@id":"https:\/\/www.viajarporegipto.com\/#organization"},"potentialAction":[{"@type":"SearchAction","target":{"@type":"EntryPoint","urlTemplate":"https:\/\/www.viajarporegipto.com\/?s={search_term_string}"},"query-input":"required name=search_term_string"}],"inLanguage":"pt-PT"},{"@type":"ImageObject","@id":"https:\/\/www.viajarporegipto.com\/pt-pt\/viagens-em-grupo-privado\/#primaryimage","inLanguage":"pt-PT","url":"https:\/\/www.viajarporegipto.com\/wp-content\/uploads\/2021\/05\/Egipto-Fernando.jpg","contentUrl":"https:\/\/www.viajarporegipto.com\/wp-content\/uploads\/2021\/05\/Egipto-Fernando.jpg","width":900,"height":675},{"@type":"WebPage","@id":"https:\/\/www.viajarporegipto.com\/pt-pt\/viagens-em-grupo-privado\/#webpage","url":"https:\/\/www.viajarporegipto.com\/pt-pt\/viagens-em-grupo-privado\/","name":"Viagens em grupo privado","isPartOf":{"@id":"https:\/\/www.viajarporegipto.com\/#website"},"primaryImageOfPage":{"@id":"https:\/\/www.viajarporegipto.com\/pt-pt\/viagens-em-grupo-privado\/#primaryimage"},"datePublished":"2019-11-28T17:12:48+00:00","dateModified":"2021-08-05T07:15:49+00:00","description":"Programe seu pr\u00f3prio grupo de viagem, fam\u00edlia, para uma empresa ou associa\u00e7\u00e3o, com nossos viagens em grupos privado ao Egito. Tamb\u00e9m para outros destinos.","breadcrumb":{"@id":"https:\/\/www.viajarporegipto.com\/pt-pt\/viagens-em-grupo-privado\/#breadcrumb"},"inLanguage":"pt-PT","potentialAction":[{"@type":"ReadAction","target":["https:\/\/www.viajarporegipto.com\/pt-pt\/viagens-em-grupo-privado\/"]}]},{"@type":"BreadcrumbList","@id":"https:\/\/www.viajarporegipto.com\/pt-pt\/viagens-em-grupo-privado\/#breadcrumb","itemListElement":[{"@type":"ListItem","position":1,"name":"Portada","item":"https:\/\/www.viajarporegipto.com\/pt-pt\/"},{"@type":"ListItem","position":2,"name":"Viagens em grupo privado"}]}]}},"_links":{"self":[{"href":"https:\/\/www.viajarporegipto.com\/pt-pt\/wp-json\/wp\/v2\/pages\/2802"}],"collection":[{"href":"https:\/\/www.viajarporegipto.com\/pt-pt\/wp-json\/wp\/v2\/pages"}],"about":[{"href":"https:\/\/www.viajarporegipto.com\/pt-pt\/wp-json\/wp\/v2\/types\/page"}],"author":[{"embeddable":true,"href":"https:\/\/www.viajarporegipto.com\/pt-pt\/wp-json\/wp\/v2\/users\/1"}],"replies":[{"embeddable":true,"href":"https:\/\/www.viajarporegipto.com\/pt-pt\/wp-json\/wp\/v2\/comments?post=2802"}],"version-history":[{"count":14,"href":"https:\/\/www.viajarporegipto.com\/pt-pt\/wp-json\/wp\/v2\/pages\/2802\/revisions"}],"predecessor-version":[{"id":8679,"href":"https:\/\/www.viajarporegipto.com\/pt-pt\/wp-json\/wp\/v2\/pages\/2802\/revisions\/8679"}],"wp:attachment":[{"href":"https:\/\/www.viajarporegipto.com\/pt-pt\/wp-json\/wp\/v2\/media?parent=2802"}],"curies":[{"name":"wp","href":"https:\/\/api.w.org\/{rel}","templated":true}]}}