{"id":2827,"date":"2019-11-29T09:04:41","date_gmt":"2019-11-29T08:04:41","guid":{"rendered":"https:\/\/www.viajarporegipto.com\/?page_id=2827"},"modified":"2021-03-23T17:49:02","modified_gmt":"2021-03-23T16:49:02","slug":"pacote-de-viagem-egito","status":"publish","type":"page","link":"https:\/\/www.viajarporegipto.com\/pt-pt\/pacote-de-viagem-egito\/","title":{"rendered":"Pacote de viagem Egito"},"content":{"rendered":"<h3>Oferecemos uma oferta que voc\u00ea n\u00e3o pode recusar: 6% de desconto em todas as suas f\u00e9rias no Egito pelo resto da sua vida.<\/h3>\n<p><strong><img loading=\"lazy\" class=\"alignright wp-image-2563 size-full\" title=\"Passeio de camelo nas margens do Nilo.\" src=\"https:\/\/www.viajarporegipto.com\/wp-content\/uploads\/2019\/09\/vacaciones-a-egipto-paseo-en-camello.jpg\" alt=\"Pacote de viagem Egito\" width=\"450\" height=\"338\" srcset=\"https:\/\/www.viajarporegipto.com\/wp-content\/uploads\/2019\/09\/vacaciones-a-egipto-paseo-en-camello.jpg 450w, https:\/\/www.viajarporegipto.com\/wp-content\/uploads\/2019\/09\/vacaciones-a-egipto-paseo-en-camello-300x225.jpg 300w\" sizes=\"(max-width: 450px) 100vw, 450px\" \/><\/strong><\/p>\n<p><strong>E tamb\u00e9m acumula qualquer outro desconto extra oferecido pelas Ag\u00eancias de Atacado.<\/strong><\/p>\n<p>Economize at\u00e9 6% em suas reservas para <strong>pacote de viagem a Egito<\/strong>.<strong> Sem vouchers, sorteios ou compras adicionais<\/strong>. Sem ter que usar um cart\u00e3o de cr\u00e9dito espec\u00edfico ao reservar sua viagem.<\/p>\n<p>N\u00e3o cobramos os custos de gerenciamento das f\u00e9rias para o Egito que voc\u00ea escolheu e, al\u00e9m disso, enviamos as <strong>passagens de avi\u00e3o e toda a documenta\u00e7\u00e3o de viagem para sua casa GRATUITAMENTE<\/strong>.<\/p>\n<p>Em nossas <strong>f\u00e9rias no Egito<\/strong>, descobriremos que \u00e9 provavelmente <strong>um dos destinos mais incr\u00edveis do mundo<\/strong>.<\/p>\n<p>O calor de seu povo, a beleza de suas paisagens e a grandiosidade de seus monumentos tornam as f\u00e9rias no Egito uma das <strong>op\u00e7\u00f5es favoritas<\/strong> dos turistas europeus.<\/p>\n<p>As <strong>excelentes condi\u00e7\u00f5es de seguran\u00e7a<\/strong> que o pa\u00eds vive atualmente permitem que milh\u00f5es de visitantes que est\u00e3o descobrindo o Egito visitem suas principais atra\u00e7\u00f5es, sendo surpreendidos pelo legado de sua cultura.<\/p>\n<h3>Lugares que visitaremos com o pacote de viagem Egito<\/h3>\n<ul>\n<li><strong>Cairo, capital do Egito<\/strong>, \u00e9 a maior cidade \u00e1rabe do mundo: uma visita guiada a esta cidade cheia de hist\u00f3ria, onde encontraremos as pir\u00e2mides de Giz\u00e9, a Grande Esfinge e o templo do vale do rei Kephren.<\/li>\n<li><strong>Luxor<\/strong>: chegaremos ao impressionante templo de Karnak, o maior complexo de templos do mundo. Tamb\u00e9m veremos a Necr\u00f3pole de Tebas: O Vale dos Reis, onde entraremos em alguns de seus t\u00famulos policromados e nas ru\u00ednas do Templo de Amen\u00f3fis III. Inclu\u00eddo no<em> pacote de viagem a Egito<\/em>.<\/li>\n<li><strong>Hurghada<\/strong>: uma cidade para relaxar ou praticar esportes aqu\u00e1ticos, com incr\u00edveis espa\u00e7os de mergulho marinho para descobrir. Ou podemos simplesmente desfrutar das praias do Mar Vermelho. H\u00e1 a op\u00e7\u00e3o de excurs\u00f5es no mar e passeios pelo deserto do Mar Vermelho.<\/li>\n<li><strong>Rio Nilo<\/strong>: cruzeiros de luxo de 5 estrelas que incluem visitas ao Templo de Luxor, Karnak, Vale dos Reis, Colossos de Memnon, Templo de Kom Ombo, Templo de Edfu e passeios de barco \u00e0 vela (barco tradicional para vela) em Aswan. Vamos nos aprofundar no passado antigo do Egito com a ajuda de guias locais, especialistas em hist\u00f3ria.<\/li>\n<li><strong>Alexandria<\/strong>: as visitas incluem o Serapheum e a Coluna de Pompeu, as Catacumbas Romanas de Kom el Shogafa, os Jardins do Pal\u00e1cio Montazah, a Fortaleza Qaitbay, o Anfiteatro Kom El-Dika, um passeio panor\u00e2mico pela cidade. Com a possibilidade de visitar o novo museu de Alexandria.<\/li>\n<li><strong>Barragem de Aswan<\/strong>: l\u00e1 visitaremos o majestoso Templo de Philae, um dos mais importantes e bonitos, tamb\u00e9m conhecido como &#8220;A P\u00e9rola do Nilo&#8221;.<\/li>\n<\/ul>\n<p><iframe loading=\"lazy\" title=\"Templo de Luxor. Visita nocturna\" width=\"1240\" height=\"698\" src=\"https:\/\/www.youtube.com\/embed\/ix2-q_PvkSg?feature=oembed\" frameborder=\"0\" allow=\"accelerometer; autoplay; clipboard-write; encrypted-media; gyroscope; picture-in-picture\" allowfullscreen><\/iframe><\/p>\n<form id=\"new_subscriber\" class=\"simple_form form form-vertical\" style=\"background-color: #af4f44; padding: 7px 3px 3px 3px; border-radius: 10px; border: 2px solid #7c291c;\" accept-charset=\"UTF-8\" action=\"https:\/\/viajarporelmundo.ipzmarketing.com\/f\/jg9ngie5SOQ\" method=\"post\"><input name=\"utf8\" type=\"hidden\" value=\"\u2713\" \/><\/p>\n<div class=\"custom-text-wrapper\">\n<p style=\"text-align: center; margin: 0;\"><span style=\"font-family: Gochi Hand; font-size: 38px; line-height: 38px; color: #ffffff;\">Assine nossa newsletter!<\/span><\/p>\n<p style=\"text-align: center; margin: 0;\"><span style=\"color: #000000;\">Voc\u00ea receber\u00e1 as not\u00edcias mais interessantes sobre o Egito Antigo e sobre nossas viagens confortavelmente em seu e-mail<\/span><\/p>\n<\/div>\n<div style=\"display: flex; align-items: center; justify-content: center; flex-flow: row wrap; margin: -10px 0 -10px 0;\">\n<div class=\"form-group string optional subscriber_name\" style=\"padding: 0 20px 0 0; margin-bottom: 28px;\"><label class=\"control-label string optional\" for=\"subscriber_name\"><\/label><input id=\"subscriber_name\" class=\"form-control string optional\" style=\"width: 250px;\" name=\"subscriber[name]\" type=\"text\" placeholder=\"? Teu nome\" \/><\/div>\n<div class=\"form-group email required subscriber_email\" style=\"padding: 0 20px 0 0; margin-bottom: 28px;\"><label class=\"control-label email required\" for=\"subscriber_email\"><abbr title=\"Requerido\"> <\/abbr><\/label><input id=\"subscriber_email\" class=\"form-control string email required\" style=\"width: 250px;\" name=\"subscriber[email]\" required=\"required\" type=\"email\" placeholder=\"? Teu e-mail\" aria-required=\"true\" \/><\/div>\n<div class=\"submit-wrapper\" style=\"height: 45px;\"><input class=\"btn btn-primary\" style=\"height: 45px; width: 200px;\" name=\"commit\" type=\"submit\" value=\"Subscrever\" data-disable-with=\"Procesando\" \/><\/div>\n<\/div>\n<div class=\"custom-text-wrapper\"><\/div>\n<div class=\"form-group boolean required subscriber_subscribed_with_acceptance\" style=\"display: flex; align-items: center; justify-content: center; margin-bottom: 28px;\">\n<div class=\"checkbox\" style=\"margin-bottom: -15px;\"><input name=\"subscriber[subscribed_with_acceptance]\" type=\"hidden\" value=\"0\" \/><label class=\"boolean required\" for=\"subscriber_subscribed_with_acceptance\"><input id=\"subscriber_subscribed_with_acceptance\" class=\"boolean required\" name=\"subscriber[subscribed_with_acceptance]\" required=\"required\" type=\"checkbox\" value=\"1\" aria-required=\"true\" \/><span style=\"color: #000000;\"><label class=\"boolean optional\" for=\"subscriber_subscribed_with_acceptance\"> Eu li e aceito o <span style=\"color: #ff9900;\"><a class=\"privacidad\" style=\"color: #ff9900;\" href=\"https:\/\/www.viajarporegipto.com\/pt-pt\/politica-de-privacidade\/\" target=\"_blank\" rel=\"noopener noreferrer\">pol\u00edtica de Privacidade<\/a><\/span> (requerido)<\/label><\/span><\/label><\/div>\n<div><\/div>\n<\/div>\n<p style=\"text-align: center;\">\n<input id=\"anotheremail\" style=\"position: absolute; left: -5000px;\" tabindex=\"-1\" autocomplete=\"off\" name=\"anotheremail\" type=\"text\" \/><\/p>\n<\/form>\n","protected":false},"excerpt":{"rendered":"<p>Oferecemos uma oferta que voc\u00ea n\u00e3o pode recusar: 6% de desconto em todas as suas f\u00e9rias no Egito pelo resto da sua vida. E tamb\u00e9m acumula qualquer outro desconto extra oferecido pelas Ag\u00eancias de Atacado. Economize at\u00e9 6% em suas reservas para pacote de viagem a Egito. Sem vouchers, sorteios ou compras adicionais. Sem ter que usar um cart\u00e3o de &hellip;<\/p>\n","protected":false},"author":1,"featured_media":0,"parent":0,"menu_order":0,"comment_status":"closed","ping_status":"closed","template":"","meta":[],"yoast_head":"<!-- This site is optimized with the Yoast SEO plugin v16.8 - https:\/\/yoast.com\/wordpress\/plugins\/seo\/ -->\n<meta name=\"description\" content=\"O pacote de viagem para o Egito que oferecemos tem tudo o que voc\u00ea precisa para aproveitar sua viagem. E a pre\u00e7os muito acess\u00edveis. Voc\u00ea que vai perder?\" \/>\n<meta name=\"robots\" content=\"index, follow, max-snippet:-1, max-image-preview:large, max-video-preview:-1\" \/>\n<link rel=\"canonical\" href=\"https:\/\/www.viajarporegipto.com\/pt-pt\/pacote-de-viagem-egito\/\" \/>\n<meta property=\"og:locale\" content=\"pt_PT\" \/>\n<meta property=\"og:type\" content=\"article\" \/>\n<meta property=\"og:title\" content=\"Pacote de viagem Egito\" \/>\n<meta property=\"og:description\" content=\"O pacote de viagem para o Egito que oferecemos tem tudo o que voc\u00ea precisa para aproveitar sua viagem. E a pre\u00e7os muito acess\u00edveis. Voc\u00ea que vai perder?\" \/>\n<meta property=\"og:url\" content=\"https:\/\/www.viajarporegipto.com\/pt-pt\/pacote-de-viagem-egito\/\" \/>\n<meta property=\"og:site_name\" content=\"Viajar para o Egito | Cruzeiros Egito Pacotes | Viagem ao Egito\" \/>\n<meta property=\"article:modified_time\" content=\"2021-03-23T16:49:02+00:00\" \/>\n<meta property=\"og:image\" content=\"https:\/\/www.viajarporegipto.com\/wp-content\/uploads\/2019\/09\/vacaciones-a-egipto-paseo-en-camello.jpg\" \/>\n<meta name=\"twitter:card\" content=\"summary_large_image\" \/>\n<meta name=\"twitter:label1\" content=\"Tempo estimado de leitura\" \/>\n\t<meta name=\"twitter:data1\" content=\"3 minutos\" \/>\n<script type=\"application\/ld+json\" class=\"yoast-schema-graph\">{\"@context\":\"https:\/\/schema.org\",\"@graph\":[{\"@type\":\"Organization\",\"@id\":\"https:\/\/www.viajarporegipto.com\/#organization\",\"name\":\"Viajes por el Mundo\",\"url\":\"https:\/\/www.viajarporegipto.com\/\",\"sameAs\":[\"https:\/\/www.youtube.com\/channel\/UCSfYTcdsPNlTaH1_piHdtsg\"],\"logo\":{\"@type\":\"ImageObject\",\"@id\":\"https:\/\/www.viajarporegipto.com\/#logo\",\"inLanguage\":\"pt-PT\",\"url\":\"https:\/\/www.viajarporegipto.com\/wp-content\/uploads\/2019\/09\/Logo-Viajes-por-el-Mundo.jpg\",\"contentUrl\":\"https:\/\/www.viajarporegipto.com\/wp-content\/uploads\/2019\/09\/Logo-Viajes-por-el-Mundo.jpg\",\"width\":316,\"height\":235,\"caption\":\"Viajes por el Mundo\"},\"image\":{\"@id\":\"https:\/\/www.viajarporegipto.com\/#logo\"}},{\"@type\":\"WebSite\",\"@id\":\"https:\/\/www.viajarporegipto.com\/#website\",\"url\":\"https:\/\/www.viajarporegipto.com\/\",\"name\":\"Viajar para o Egito | Cruzeiros Egito Pacotes | Viagem ao Egito\",\"description\":\"Os melhores ofertas cruzeiros Egito Pacotes. Viajar para o Egito e aproveite. Pre\\u00e7os no \\u00faltimo minuto em tu Viagem ao Egito.\",\"publisher\":{\"@id\":\"https:\/\/www.viajarporegipto.com\/#organization\"},\"potentialAction\":[{\"@type\":\"SearchAction\",\"target\":{\"@type\":\"EntryPoint\",\"urlTemplate\":\"https:\/\/www.viajarporegipto.com\/?s={search_term_string}\"},\"query-input\":\"required name=search_term_string\"}],\"inLanguage\":\"pt-PT\"},{\"@type\":\"ImageObject\",\"@id\":\"https:\/\/www.viajarporegipto.com\/pt-pt\/pacote-de-viagem-egito\/#primaryimage\",\"inLanguage\":\"pt-PT\",\"url\":\"https:\/\/www.viajarporegipto.com\/wp-content\/uploads\/2019\/09\/vacaciones-a-egipto-paseo-en-camello.jpg\",\"contentUrl\":\"https:\/\/www.viajarporegipto.com\/wp-content\/uploads\/2019\/09\/vacaciones-a-egipto-paseo-en-camello.jpg\",\"width\":450,\"height\":338},{\"@type\":\"WebPage\",\"@id\":\"https:\/\/www.viajarporegipto.com\/pt-pt\/pacote-de-viagem-egito\/#webpage\",\"url\":\"https:\/\/www.viajarporegipto.com\/pt-pt\/pacote-de-viagem-egito\/\",\"name\":\"Pacote de viagem Egito\",\"isPartOf\":{\"@id\":\"https:\/\/www.viajarporegipto.com\/#website\"},\"primaryImageOfPage\":{\"@id\":\"https:\/\/www.viajarporegipto.com\/pt-pt\/pacote-de-viagem-egito\/#primaryimage\"},\"datePublished\":\"2019-11-29T08:04:41+00:00\",\"dateModified\":\"2021-03-23T16:49:02+00:00\",\"description\":\"O pacote de viagem para o Egito que oferecemos tem tudo o que voc\\u00ea precisa para aproveitar sua viagem. E a pre\\u00e7os muito acess\\u00edveis. Voc\\u00ea que vai perder?\",\"breadcrumb\":{\"@id\":\"https:\/\/www.viajarporegipto.com\/pt-pt\/pacote-de-viagem-egito\/#breadcrumb\"},\"inLanguage\":\"pt-PT\",\"potentialAction\":[{\"@type\":\"ReadAction\",\"target\":[\"https:\/\/www.viajarporegipto.com\/pt-pt\/pacote-de-viagem-egito\/\"]}]},{\"@type\":\"BreadcrumbList\",\"@id\":\"https:\/\/www.viajarporegipto.com\/pt-pt\/pacote-de-viagem-egito\/#breadcrumb\",\"itemListElement\":[{\"@type\":\"ListItem\",\"position\":1,\"name\":\"Portada\",\"item\":\"https:\/\/www.viajarporegipto.com\/pt-pt\/\"},{\"@type\":\"ListItem\",\"position\":2,\"name\":\"Pacote de viagem Egito\"}]}]}<\/script>\n<!-- \/ Yoast SEO plugin. -->","yoast_head_json":{"description":"O pacote de viagem para o Egito que oferecemos tem tudo o que voc\u00ea precisa para aproveitar sua viagem. E a pre\u00e7os muito acess\u00edveis. Voc\u00ea que vai perder?","robots":{"index":"index","follow":"follow","max-snippet":"max-snippet:-1","max-image-preview":"max-image-preview:large","max-video-preview":"max-video-preview:-1"},"canonical":"https:\/\/www.viajarporegipto.com\/pt-pt\/pacote-de-viagem-egito\/","og_locale":"pt_PT","og_type":"article","og_title":"Pacote de viagem Egito","og_description":"O pacote de viagem para o Egito que oferecemos tem tudo o que voc\u00ea precisa para aproveitar sua viagem. E a pre\u00e7os muito acess\u00edveis. Voc\u00ea que vai perder?","og_url":"https:\/\/www.viajarporegipto.com\/pt-pt\/pacote-de-viagem-egito\/","og_site_name":"Viajar para o Egito | Cruzeiros Egito Pacotes | Viagem ao Egito","article_modified_time":"2021-03-23T16:49:02+00:00","og_image":[{"url":"https:\/\/www.viajarporegipto.com\/wp-content\/uploads\/2019\/09\/vacaciones-a-egipto-paseo-en-camello.jpg"}],"twitter_card":"summary_large_image","twitter_misc":{"Tempo estimado de leitura":"3 minutos"},"schema":{"@context":"https:\/\/schema.org","@graph":[{"@type":"Organization","@id":"https:\/\/www.viajarporegipto.com\/#organization","name":"Viajes por el Mundo","url":"https:\/\/www.viajarporegipto.com\/","sameAs":["https:\/\/www.youtube.com\/channel\/UCSfYTcdsPNlTaH1_piHdtsg"],"logo":{"@type":"ImageObject","@id":"https:\/\/www.viajarporegipto.com\/#logo","inLanguage":"pt-PT","url":"https:\/\/www.viajarporegipto.com\/wp-content\/uploads\/2019\/09\/Logo-Viajes-por-el-Mundo.jpg","contentUrl":"https:\/\/www.viajarporegipto.com\/wp-content\/uploads\/2019\/09\/Logo-Viajes-por-el-Mundo.jpg","width":316,"height":235,"caption":"Viajes por el Mundo"},"image":{"@id":"https:\/\/www.viajarporegipto.com\/#logo"}},{"@type":"WebSite","@id":"https:\/\/www.viajarporegipto.com\/#website","url":"https:\/\/www.viajarporegipto.com\/","name":"Viajar para o Egito | Cruzeiros Egito Pacotes | Viagem ao Egito","description":"Os melhores ofertas cruzeiros Egito Pacotes. Viajar para o Egito e aproveite. Pre\u00e7os no \u00faltimo minuto em tu Viagem ao Egito.","publisher":{"@id":"https:\/\/www.viajarporegipto.com\/#organization"},"potentialAction":[{"@type":"SearchAction","target":{"@type":"EntryPoint","urlTemplate":"https:\/\/www.viajarporegipto.com\/?s={search_term_string}"},"query-input":"required name=search_term_string"}],"inLanguage":"pt-PT"},{"@type":"ImageObject","@id":"https:\/\/www.viajarporegipto.com\/pt-pt\/pacote-de-viagem-egito\/#primaryimage","inLanguage":"pt-PT","url":"https:\/\/www.viajarporegipto.com\/wp-content\/uploads\/2019\/09\/vacaciones-a-egipto-paseo-en-camello.jpg","contentUrl":"https:\/\/www.viajarporegipto.com\/wp-content\/uploads\/2019\/09\/vacaciones-a-egipto-paseo-en-camello.jpg","width":450,"height":338},{"@type":"WebPage","@id":"https:\/\/www.viajarporegipto.com\/pt-pt\/pacote-de-viagem-egito\/#webpage","url":"https:\/\/www.viajarporegipto.com\/pt-pt\/pacote-de-viagem-egito\/","name":"Pacote de viagem Egito","isPartOf":{"@id":"https:\/\/www.viajarporegipto.com\/#website"},"primaryImageOfPage":{"@id":"https:\/\/www.viajarporegipto.com\/pt-pt\/pacote-de-viagem-egito\/#primaryimage"},"datePublished":"2019-11-29T08:04:41+00:00","dateModified":"2021-03-23T16:49:02+00:00","description":"O pacote de viagem para o Egito que oferecemos tem tudo o que voc\u00ea precisa para aproveitar sua viagem. E a pre\u00e7os muito acess\u00edveis. Voc\u00ea que vai perder?","breadcrumb":{"@id":"https:\/\/www.viajarporegipto.com\/pt-pt\/pacote-de-viagem-egito\/#breadcrumb"},"inLanguage":"pt-PT","potentialAction":[{"@type":"ReadAction","target":["https:\/\/www.viajarporegipto.com\/pt-pt\/pacote-de-viagem-egito\/"]}]},{"@type":"BreadcrumbList","@id":"https:\/\/www.viajarporegipto.com\/pt-pt\/pacote-de-viagem-egito\/#breadcrumb","itemListElement":[{"@type":"ListItem","position":1,"name":"Portada","item":"https:\/\/www.viajarporegipto.com\/pt-pt\/"},{"@type":"ListItem","position":2,"name":"Pacote de viagem Egito"}]}]}},"_links":{"self":[{"href":"https:\/\/www.viajarporegipto.com\/pt-pt\/wp-json\/wp\/v2\/pages\/2827"}],"collection":[{"href":"https:\/\/www.viajarporegipto.com\/pt-pt\/wp-json\/wp\/v2\/pages"}],"about":[{"href":"https:\/\/www.viajarporegipto.com\/pt-pt\/wp-json\/wp\/v2\/types\/page"}],"author":[{"embeddable":true,"href":"https:\/\/www.viajarporegipto.com\/pt-pt\/wp-json\/wp\/v2\/users\/1"}],"replies":[{"embeddable":true,"href":"https:\/\/www.viajarporegipto.com\/pt-pt\/wp-json\/wp\/v2\/comments?post=2827"}],"version-history":[{"count":10,"href":"https:\/\/www.viajarporegipto.com\/pt-pt\/wp-json\/wp\/v2\/pages\/2827\/revisions"}],"predecessor-version":[{"id":5123,"href":"https:\/\/www.viajarporegipto.com\/pt-pt\/wp-json\/wp\/v2\/pages\/2827\/revisions\/5123"}],"wp:attachment":[{"href":"https:\/\/www.viajarporegipto.com\/pt-pt\/wp-json\/wp\/v2\/media?parent=2827"}],"curies":[{"name":"wp","href":"https:\/\/api.w.org\/{rel}","templated":true}]}}