{"id":2832,"date":"2019-11-29T09:08:23","date_gmt":"2019-11-29T08:08:23","guid":{"rendered":"https:\/\/www.viajarporegipto.com\/?page_id=2832"},"modified":"2021-08-05T09:23:14","modified_gmt":"2021-08-05T07:23:14","slug":"cruzeiros-de-luxo-no-nilo","status":"publish","type":"page","link":"https:\/\/www.viajarporegipto.com\/pt-pt\/cruzeiros-de-luxo-no-nilo\/","title":{"rendered":"Cruzeiros de luxo no Nilo"},"content":{"rendered":"<h2>Ofertas de cruzeiros de luxo no Nilo<\/h2>\n<p><strong>O Egito antigo e, em geral, o mundo antigo despertam novamente grande interesse do p\u00fablico em geral de todos os pa\u00edses do mundo, que apontam cada vez mais para as ofertas de navega\u00e7\u00e3o no Nilo.<\/strong><\/p>\n<p><img loading=\"lazy\" class=\"alignright wp-image-2525\" title=\"Refei\u00e7\u00f5es de luxo em cruzeiros\" src=\"https:\/\/www.viajarporegipto.com\/wp-content\/uploads\/2019\/07\/cruero-cadena-flotel.jpg\" alt=\"Cruzeiros de luxo no Nilo\" width=\"450\" height=\"279\" srcset=\"https:\/\/www.viajarporegipto.com\/wp-content\/uploads\/2019\/07\/cruero-cadena-flotel.jpg 750w, https:\/\/www.viajarporegipto.com\/wp-content\/uploads\/2019\/07\/cruero-cadena-flotel-300x186.jpg 300w\" sizes=\"(max-width: 450px) 100vw, 450px\" \/><\/p>\n<p>Em plena globaliza\u00e7\u00e3o, na era da ci\u00eancia da computa\u00e7\u00e3o e da tecnologia de ponta, a sociedade ocidental busca <strong>na realidade cultural e espiritual das primeiras civiliza\u00e7\u00f5es<\/strong> os fundamentos do mundo de hoje, as ra\u00edzes profundas do comportamento social e hist\u00f3rico do homem. Portanto, entre as op\u00e7\u00f5es de f\u00e9rias mais procuradas est\u00e3o os circuitos do Nilo.<\/p>\n<p>Queremos contribuir para esse movimento sem precedentes, tornando mais f\u00e1cil para nossos clientes e amigos conhecer essa civiliza\u00e7\u00e3o antiga que deu origem ao mundo mediterr\u00e2neo, do qual <strong>somos herdeiros<\/strong>, atrav\u00e9s dos melhores <em><strong>cruzeiros de luxo no Nilo<\/strong><\/em>.<\/p>\n<p>Com esse objetivo, organizamos programas no Nilo com circuitos especiais no Egito, com os quais podemos ter <strong>acesso a uma vis\u00e3o profunda e ao mesmo tempo divertida<\/strong> dessa cultura e de suas incr\u00edveis realiza\u00e7\u00f5es.<\/p>\n<p>&nbsp;<\/p>\n<p>Em plena globaliza\u00e7\u00e3o, na era da inform\u00e1tica e da tecnologia de ponta, a sociedade ocidental busca a realidade cultural e espiritual das primeiras civiliza\u00e7\u00f5es das funda\u00e7\u00f5es do mundo do folhear, como ra\u00edzes profundas do comportamento hist\u00f3rico e social do homem. Portanto, entre as feiras mais procuradas est\u00e3o os circuitos Nilo.<\/p>\n<p>Queremos contribuir para esse movimento semi-anterior, tornando mais f\u00e1cil para nossos clientes e amigos conhecer a civiliza\u00e7\u00e3o que se origina no mundo mediterr\u00e2neo, onde somos herdeiros, atrav\u00e9s de duas melodias, n\u00e3o do luxuoso Nilo.<\/p>\n<p>Como objetivo, organizamos programas que n\u00e3o s\u00e3o do Nilo com circuitos especiais que n\u00e3o s\u00e3o do Egito, pois podemos ter acesso a uma vis\u00e3o profunda e a momentos divertidos nessa cultura e em suas incis\u00f5es.<\/p>\n<h2>Motonaves com as quais operamos<\/h2>\n<p>Fa\u00e7a uma viagem ao cora\u00e7\u00e3o do Egito reservando um <strong>cruzeiro no rio Nilo entre Luxor e Aswan<\/strong>, ou um cruzeiro no lago Nasser. \u00c9 a melhor maneira de ver as incr\u00edveis ru\u00ednas do Egito antigo e a vida dos aegipcios ao longo das margens do Nilo, o rio que d\u00e1 vida ao Egito h\u00e1 milhares de anos.<\/p>\n<ul>\n<li><strong>Cadeia Sonesta Nile Cruises. Luxo Superior<\/strong><\/li>\n<li><strong>Moon River cruzeiros.<\/strong><\/li>\n<li><strong>Cadeia Delta Cruises. Cadeia Flotel de luxo. Luxo<\/strong><\/li>\n<li><strong>Cadeia Presidencial do Nilo Cruzeiros. Luxo<\/strong><\/li>\n<li><strong>Floren\u00e7a Luxo<\/strong><\/li>\n<li><strong>M \/ S Beau Soleil. Luxo<\/strong><\/li>\n<\/ul>\n<p>Uma viagem ao longo do rio Nilo \u00e9 uma das melhores maneiras de <strong>descobrir o Egito Antigo e as rel\u00edquias de seu passado antigo<\/strong>. Mas voc\u00ea tamb\u00e9m desfrutar\u00e1 de uma equipe atenciosa e amig\u00e1vel, com surpresas divertidas e festas eg\u00edpcias a bordo de roupas.<\/p>\n<p><iframe loading=\"lazy\" title=\"Sala hipostila Templo D\u00e9ndera\" width=\"1240\" height=\"698\" src=\"https:\/\/www.youtube.com\/embed\/Tc0bobzsAxg?feature=oembed\" frameborder=\"0\" allow=\"accelerometer; autoplay; clipboard-write; encrypted-media; gyroscope; picture-in-picture\" allowfullscreen><\/iframe><\/p>\n<div class=\"su-spacer\" style=\"height:20px\"><\/div>\n\t\t<div data-elementor-type=\"page\" data-elementor-id=\"8665\" class=\"elementor elementor-8665\" data-elementor-settings=\"[]\">\n\t\t\t\t\t\t<div class=\"elementor-inner\">\n\t\t\t\t\t\t\t<div class=\"elementor-section-wrap\">\n\t\t\t\t\t\t\t<section class=\"elementor-section elementor-top-section elementor-element elementor-element-4ce6e64e elementor-section-boxed elementor-section-height-default elementor-section-height-default\" data-id=\"4ce6e64e\" data-element_type=\"section\" data-settings=\"{&quot;background_background&quot;:&quot;classic&quot;}\">\n\t\t\t\t\t\t<div class=\"elementor-container elementor-column-gap-default\">\n\t\t\t\t\t\t\t<div class=\"elementor-row\">\n\t\t\t\t\t<div class=\"elementor-column elementor-col-100 elementor-top-column elementor-element elementor-element-529d878a\" data-id=\"529d878a\" data-element_type=\"column\">\n\t\t\t<div class=\"elementor-column-wrap elementor-element-populated\">\n\t\t\t\t\t\t\t<div class=\"elementor-widget-wrap\">\n\t\t\t\t\t\t<div class=\"elementor-element elementor-element-515fd6e9 elementor-widget elementor-widget-heading\" data-id=\"515fd6e9\" data-element_type=\"widget\" data-widget_type=\"heading.default\">\n\t\t\t\t<div class=\"elementor-widget-container\">\n\t\t\t<h2 class=\"elementor-heading-title elementor-size-default\">Assine nossa newsletter!<\/h2>\t\t<\/div>\n\t\t\t\t<\/div>\n\t\t\t\t<div class=\"elementor-element elementor-element-476cbb19 elementor-widget elementor-widget-text-editor\" data-id=\"476cbb19\" data-element_type=\"widget\" data-widget_type=\"text-editor.default\">\n\t\t\t\t<div class=\"elementor-widget-container\">\n\t\t\t\t\t<div class=\"elementor-text-editor elementor-clearfix\"><p style=\"text-align: center;\">Voc\u00ea receber\u00e1 as not\u00edcias mais interessantes sobre o Egito Antigo e sobre nossas viagens confortavelmente em seu e-mail<\/p><\/div>\n\t\t\t\t<\/div>\n\t\t\t\t<\/div>\n\t\t\t\t<div class=\"elementor-element elementor-element-c45fb8b elementor-button-align-end elementor-widget elementor-widget-form\" data-id=\"c45fb8b\" data-element_type=\"widget\" data-settings=\"{&quot;button_width&quot;:&quot;50&quot;,&quot;step_next_label&quot;:&quot;Next&quot;,&quot;step_previous_label&quot;:&quot;Previous&quot;,&quot;step_type&quot;:&quot;number_text&quot;,&quot;step_icon_shape&quot;:&quot;circle&quot;}\" data-widget_type=\"form.default\">\n\t\t\t\t<div class=\"elementor-widget-container\">\n\t\t\t\t\t<form class=\"elementor-form\" method=\"post\" name=\"Suscripci\u00f3n horizontal ES\">\n\t\t\t<input type=\"hidden\" name=\"post_id\" value=\"8665\"\/>\n\t\t\t<input type=\"hidden\" name=\"form_id\" value=\"c45fb8b\"\/>\n\t\t\t<input type=\"hidden\" name=\"referer_title\" value=\"Viajar para o Egito | Cruzeiros Egito Pacotes | Viagem ao Egito\" \/>\n\n\t\t\t\n\t\t\t<div class=\"elementor-form-fields-wrapper elementor-labels-\">\n\t\t\t\t\t\t\t\t<div class=\"elementor-field-type-text elementor-field-group elementor-column elementor-field-group-name elementor-col-50 elementor-field-required\">\n\t\t\t\t\t<label for=\"form-field-name\" class=\"elementor-field-label elementor-screen-only\">Nombre<\/label><input size=\"1\" type=\"text\" name=\"form_fields[name]\" id=\"form-field-name\" class=\"elementor-field elementor-size-xs  elementor-field-textual\" placeholder=\"\ud83d\udc64 Teu nome\" required=\"required\" aria-required=\"true\">\t\t\t\t<\/div>\n\t\t\t\t\t\t\t\t<div class=\"elementor-field-type-email elementor-field-group elementor-column elementor-field-group-email elementor-col-50 elementor-field-required\">\n\t\t\t\t\t<label for=\"form-field-email\" class=\"elementor-field-label elementor-screen-only\">Email<\/label><input size=\"1\" type=\"email\" name=\"form_fields[email]\" id=\"form-field-email\" class=\"elementor-field elementor-size-xs  elementor-field-textual\" placeholder=\"\ud83d\udce7 Teu Email\" required=\"required\" aria-required=\"true\">\t\t\t\t<\/div>\n\t\t\t\t\t\t\t\t<div class=\"elementor-field-type-acceptance elementor-field-group elementor-column elementor-field-group-field_f722f4b elementor-col-50 elementor-field-required\">\n\t\t\t\t\t<label for=\"form-field-field_f722f4b\" class=\"elementor-field-label elementor-screen-only\">Aceptaci\u00f3n<\/label><div class=\"elementor-field-subgroup\"><span class=\"elementor-field-option\"><input type=\"checkbox\" name=\"form_fields[field_f722f4b]\" id=\"form-field-field_f722f4b\" class=\"elementor-field elementor-size-xs  elementor-acceptance-field\" required=\"required\" aria-required=\"true\"> <label for=\"form-field-field_f722f4b\">Eu li e aceito o\u00a0<a class=\"privacidad\" style=\"color: #ff9900;\" href=\"https:\/\/www.viajarporegipto.com\/pt-pt\/politica-de-privacidade\/\" target=\"_blank\" rel=\"noopener noreferrer\">pol\u00edtica de Privacidade<\/a>  (requerido)<\/label><\/span><\/div>\t\t\t\t<\/div>\n\t\t\t\t\t\t\t\t<div class=\"elementor-field-group elementor-column elementor-field-type-submit elementor-col-50 e-form__buttons\">\n\t\t\t\t\t<button type=\"submit\" class=\"elementor-button elementor-size-md\">\n\t\t\t\t\t\t<span >\n\t\t\t\t\t\t\t\t\t\t\t\t\t\t\t<span class=\"elementor-align-icon-left elementor-button-icon\">\n\t\t\t\t\t\t\t\t\t<i aria-hidden=\"true\" class=\"far fa-share-square\"><\/i>\t\t\t\t\t\t\t\t\t\t\t\t\t\t\t\t\t<\/span>\n\t\t\t\t\t\t\t\t\t\t\t\t\t\t\t\t\t\t\t\t\t\t<span class=\"elementor-button-text\">SUBSCREVER<\/span>\n\t\t\t\t\t\t\t\t\t\t\t\t\t<\/span>\n\t\t\t\t\t<\/button>\n\t\t\t\t<\/div>\n\t\t\t<\/div>\n\t\t<\/form>\n\t\t\t\t<\/div>\n\t\t\t\t<\/div>\n\t\t\t\t\t\t<\/div>\n\t\t\t\t\t<\/div>\n\t\t<\/div>\n\t\t\t\t\t\t\t\t<\/div>\n\t\t\t\t\t<\/div>\n\t\t<\/section>\n\t\t\t\t\t\t<\/div>\n\t\t\t\t\t\t<\/div>\n\t\t\t\t\t<\/div>\n\t\t\n","protected":false},"excerpt":{"rendered":"<p>Ofertas de cruzeiros de luxo no Nilo O Egito antigo e, em geral, o mundo antigo despertam novamente grande interesse do p\u00fablico em geral de todos os pa\u00edses do mundo, que apontam cada vez mais para as ofertas de navega\u00e7\u00e3o no Nilo. Em plena globaliza\u00e7\u00e3o, na era da ci\u00eancia da computa\u00e7\u00e3o e da tecnologia de ponta, a sociedade ocidental busca &hellip;<\/p>\n","protected":false},"author":1,"featured_media":0,"parent":0,"menu_order":0,"comment_status":"closed","ping_status":"closed","template":"","meta":[],"yoast_head":"<!-- This site is optimized with the Yoast SEO plugin v16.8 - https:\/\/yoast.com\/wordpress\/plugins\/seo\/ -->\n<meta name=\"description\" content=\"A melhor maneira de viajar e conhecer o Egito com seguran\u00e7a \u00e9 tra\u00e7ando o m\u00edtico Rio Nilo em um de nossos cruzeiros de luxo no Nilo.\" \/>\n<meta name=\"robots\" content=\"index, follow, max-snippet:-1, max-image-preview:large, max-video-preview:-1\" \/>\n<link rel=\"canonical\" href=\"https:\/\/www.viajarporegipto.com\/pt-pt\/cruzeiros-de-luxo-no-nilo\/\" \/>\n<meta property=\"og:locale\" content=\"pt_PT\" \/>\n<meta property=\"og:type\" content=\"article\" \/>\n<meta property=\"og:title\" content=\"Cruzeiros de luxo no Nilo\" \/>\n<meta property=\"og:description\" content=\"A melhor maneira de viajar e conhecer o Egito com seguran\u00e7a \u00e9 tra\u00e7ando o m\u00edtico Rio Nilo em um de nossos cruzeiros de luxo no Nilo.\" \/>\n<meta property=\"og:url\" content=\"https:\/\/www.viajarporegipto.com\/pt-pt\/cruzeiros-de-luxo-no-nilo\/\" \/>\n<meta property=\"og:site_name\" content=\"Viajar para o Egito | Cruzeiros Egito Pacotes | Viagem ao Egito\" \/>\n<meta property=\"article:modified_time\" content=\"2021-08-05T07:23:14+00:00\" \/>\n<meta property=\"og:image\" content=\"https:\/\/www.viajarporegipto.com\/wp-content\/uploads\/2019\/07\/cruero-cadena-flotel.jpg\" \/>\n<meta name=\"twitter:card\" content=\"summary_large_image\" \/>\n<meta name=\"twitter:label1\" content=\"Tempo estimado de leitura\" \/>\n\t<meta name=\"twitter:data1\" content=\"3 minutos\" \/>\n<script type=\"application\/ld+json\" class=\"yoast-schema-graph\">{\"@context\":\"https:\/\/schema.org\",\"@graph\":[{\"@type\":\"Organization\",\"@id\":\"https:\/\/www.viajarporegipto.com\/#organization\",\"name\":\"Viajes por el Mundo\",\"url\":\"https:\/\/www.viajarporegipto.com\/\",\"sameAs\":[\"https:\/\/www.youtube.com\/channel\/UCSfYTcdsPNlTaH1_piHdtsg\"],\"logo\":{\"@type\":\"ImageObject\",\"@id\":\"https:\/\/www.viajarporegipto.com\/#logo\",\"inLanguage\":\"pt-PT\",\"url\":\"https:\/\/www.viajarporegipto.com\/wp-content\/uploads\/2019\/09\/Logo-Viajes-por-el-Mundo.jpg\",\"contentUrl\":\"https:\/\/www.viajarporegipto.com\/wp-content\/uploads\/2019\/09\/Logo-Viajes-por-el-Mundo.jpg\",\"width\":316,\"height\":235,\"caption\":\"Viajes por el Mundo\"},\"image\":{\"@id\":\"https:\/\/www.viajarporegipto.com\/#logo\"}},{\"@type\":\"WebSite\",\"@id\":\"https:\/\/www.viajarporegipto.com\/#website\",\"url\":\"https:\/\/www.viajarporegipto.com\/\",\"name\":\"Viajar para o Egito | Cruzeiros Egito Pacotes | Viagem ao Egito\",\"description\":\"Os melhores ofertas cruzeiros Egito Pacotes. Viajar para o Egito e aproveite. Pre\\u00e7os no \\u00faltimo minuto em tu Viagem ao Egito.\",\"publisher\":{\"@id\":\"https:\/\/www.viajarporegipto.com\/#organization\"},\"potentialAction\":[{\"@type\":\"SearchAction\",\"target\":{\"@type\":\"EntryPoint\",\"urlTemplate\":\"https:\/\/www.viajarporegipto.com\/?s={search_term_string}\"},\"query-input\":\"required name=search_term_string\"}],\"inLanguage\":\"pt-PT\"},{\"@type\":\"ImageObject\",\"@id\":\"https:\/\/www.viajarporegipto.com\/pt-pt\/cruzeiros-de-luxo-no-nilo\/#primaryimage\",\"inLanguage\":\"pt-PT\",\"url\":\"https:\/\/www.viajarporegipto.com\/wp-content\/uploads\/2019\/07\/cruero-cadena-flotel.jpg\",\"contentUrl\":\"https:\/\/www.viajarporegipto.com\/wp-content\/uploads\/2019\/07\/cruero-cadena-flotel.jpg\",\"width\":750,\"height\":465},{\"@type\":\"WebPage\",\"@id\":\"https:\/\/www.viajarporegipto.com\/pt-pt\/cruzeiros-de-luxo-no-nilo\/#webpage\",\"url\":\"https:\/\/www.viajarporegipto.com\/pt-pt\/cruzeiros-de-luxo-no-nilo\/\",\"name\":\"Cruzeiros de luxo no Nilo\",\"isPartOf\":{\"@id\":\"https:\/\/www.viajarporegipto.com\/#website\"},\"primaryImageOfPage\":{\"@id\":\"https:\/\/www.viajarporegipto.com\/pt-pt\/cruzeiros-de-luxo-no-nilo\/#primaryimage\"},\"datePublished\":\"2019-11-29T08:08:23+00:00\",\"dateModified\":\"2021-08-05T07:23:14+00:00\",\"description\":\"A melhor maneira de viajar e conhecer o Egito com seguran\\u00e7a \\u00e9 tra\\u00e7ando o m\\u00edtico Rio Nilo em um de nossos cruzeiros de luxo no Nilo.\",\"breadcrumb\":{\"@id\":\"https:\/\/www.viajarporegipto.com\/pt-pt\/cruzeiros-de-luxo-no-nilo\/#breadcrumb\"},\"inLanguage\":\"pt-PT\",\"potentialAction\":[{\"@type\":\"ReadAction\",\"target\":[\"https:\/\/www.viajarporegipto.com\/pt-pt\/cruzeiros-de-luxo-no-nilo\/\"]}]},{\"@type\":\"BreadcrumbList\",\"@id\":\"https:\/\/www.viajarporegipto.com\/pt-pt\/cruzeiros-de-luxo-no-nilo\/#breadcrumb\",\"itemListElement\":[{\"@type\":\"ListItem\",\"position\":1,\"name\":\"Portada\",\"item\":\"https:\/\/www.viajarporegipto.com\/pt-pt\/\"},{\"@type\":\"ListItem\",\"position\":2,\"name\":\"Cruzeiros de luxo no Nilo\"}]}]}<\/script>\n<!-- \/ Yoast SEO plugin. -->","yoast_head_json":{"description":"A melhor maneira de viajar e conhecer o Egito com seguran\u00e7a \u00e9 tra\u00e7ando o m\u00edtico Rio Nilo em um de nossos cruzeiros de luxo no Nilo.","robots":{"index":"index","follow":"follow","max-snippet":"max-snippet:-1","max-image-preview":"max-image-preview:large","max-video-preview":"max-video-preview:-1"},"canonical":"https:\/\/www.viajarporegipto.com\/pt-pt\/cruzeiros-de-luxo-no-nilo\/","og_locale":"pt_PT","og_type":"article","og_title":"Cruzeiros de luxo no Nilo","og_description":"A melhor maneira de viajar e conhecer o Egito com seguran\u00e7a \u00e9 tra\u00e7ando o m\u00edtico Rio Nilo em um de nossos cruzeiros de luxo no Nilo.","og_url":"https:\/\/www.viajarporegipto.com\/pt-pt\/cruzeiros-de-luxo-no-nilo\/","og_site_name":"Viajar para o Egito | Cruzeiros Egito Pacotes | Viagem ao Egito","article_modified_time":"2021-08-05T07:23:14+00:00","og_image":[{"url":"https:\/\/www.viajarporegipto.com\/wp-content\/uploads\/2019\/07\/cruero-cadena-flotel.jpg"}],"twitter_card":"summary_large_image","twitter_misc":{"Tempo estimado de leitura":"3 minutos"},"schema":{"@context":"https:\/\/schema.org","@graph":[{"@type":"Organization","@id":"https:\/\/www.viajarporegipto.com\/#organization","name":"Viajes por el Mundo","url":"https:\/\/www.viajarporegipto.com\/","sameAs":["https:\/\/www.youtube.com\/channel\/UCSfYTcdsPNlTaH1_piHdtsg"],"logo":{"@type":"ImageObject","@id":"https:\/\/www.viajarporegipto.com\/#logo","inLanguage":"pt-PT","url":"https:\/\/www.viajarporegipto.com\/wp-content\/uploads\/2019\/09\/Logo-Viajes-por-el-Mundo.jpg","contentUrl":"https:\/\/www.viajarporegipto.com\/wp-content\/uploads\/2019\/09\/Logo-Viajes-por-el-Mundo.jpg","width":316,"height":235,"caption":"Viajes por el Mundo"},"image":{"@id":"https:\/\/www.viajarporegipto.com\/#logo"}},{"@type":"WebSite","@id":"https:\/\/www.viajarporegipto.com\/#website","url":"https:\/\/www.viajarporegipto.com\/","name":"Viajar para o Egito | Cruzeiros Egito Pacotes | Viagem ao Egito","description":"Os melhores ofertas cruzeiros Egito Pacotes. Viajar para o Egito e aproveite. Pre\u00e7os no \u00faltimo minuto em tu Viagem ao Egito.","publisher":{"@id":"https:\/\/www.viajarporegipto.com\/#organization"},"potentialAction":[{"@type":"SearchAction","target":{"@type":"EntryPoint","urlTemplate":"https:\/\/www.viajarporegipto.com\/?s={search_term_string}"},"query-input":"required name=search_term_string"}],"inLanguage":"pt-PT"},{"@type":"ImageObject","@id":"https:\/\/www.viajarporegipto.com\/pt-pt\/cruzeiros-de-luxo-no-nilo\/#primaryimage","inLanguage":"pt-PT","url":"https:\/\/www.viajarporegipto.com\/wp-content\/uploads\/2019\/07\/cruero-cadena-flotel.jpg","contentUrl":"https:\/\/www.viajarporegipto.com\/wp-content\/uploads\/2019\/07\/cruero-cadena-flotel.jpg","width":750,"height":465},{"@type":"WebPage","@id":"https:\/\/www.viajarporegipto.com\/pt-pt\/cruzeiros-de-luxo-no-nilo\/#webpage","url":"https:\/\/www.viajarporegipto.com\/pt-pt\/cruzeiros-de-luxo-no-nilo\/","name":"Cruzeiros de luxo no Nilo","isPartOf":{"@id":"https:\/\/www.viajarporegipto.com\/#website"},"primaryImageOfPage":{"@id":"https:\/\/www.viajarporegipto.com\/pt-pt\/cruzeiros-de-luxo-no-nilo\/#primaryimage"},"datePublished":"2019-11-29T08:08:23+00:00","dateModified":"2021-08-05T07:23:14+00:00","description":"A melhor maneira de viajar e conhecer o Egito com seguran\u00e7a \u00e9 tra\u00e7ando o m\u00edtico Rio Nilo em um de nossos cruzeiros de luxo no Nilo.","breadcrumb":{"@id":"https:\/\/www.viajarporegipto.com\/pt-pt\/cruzeiros-de-luxo-no-nilo\/#breadcrumb"},"inLanguage":"pt-PT","potentialAction":[{"@type":"ReadAction","target":["https:\/\/www.viajarporegipto.com\/pt-pt\/cruzeiros-de-luxo-no-nilo\/"]}]},{"@type":"BreadcrumbList","@id":"https:\/\/www.viajarporegipto.com\/pt-pt\/cruzeiros-de-luxo-no-nilo\/#breadcrumb","itemListElement":[{"@type":"ListItem","position":1,"name":"Portada","item":"https:\/\/www.viajarporegipto.com\/pt-pt\/"},{"@type":"ListItem","position":2,"name":"Cruzeiros de luxo no Nilo"}]}]}},"_links":{"self":[{"href":"https:\/\/www.viajarporegipto.com\/pt-pt\/wp-json\/wp\/v2\/pages\/2832"}],"collection":[{"href":"https:\/\/www.viajarporegipto.com\/pt-pt\/wp-json\/wp\/v2\/pages"}],"about":[{"href":"https:\/\/www.viajarporegipto.com\/pt-pt\/wp-json\/wp\/v2\/types\/page"}],"author":[{"embeddable":true,"href":"https:\/\/www.viajarporegipto.com\/pt-pt\/wp-json\/wp\/v2\/users\/1"}],"replies":[{"embeddable":true,"href":"https:\/\/www.viajarporegipto.com\/pt-pt\/wp-json\/wp\/v2\/comments?post=2832"}],"version-history":[{"count":8,"href":"https:\/\/www.viajarporegipto.com\/pt-pt\/wp-json\/wp\/v2\/pages\/2832\/revisions"}],"predecessor-version":[{"id":8684,"href":"https:\/\/www.viajarporegipto.com\/pt-pt\/wp-json\/wp\/v2\/pages\/2832\/revisions\/8684"}],"wp:attachment":[{"href":"https:\/\/www.viajarporegipto.com\/pt-pt\/wp-json\/wp\/v2\/media?parent=2832"}],"curies":[{"name":"wp","href":"https:\/\/api.w.org\/{rel}","templated":true}]}}