{"id":2837,"date":"2019-11-29T09:10:33","date_gmt":"2019-11-29T08:10:33","guid":{"rendered":"https:\/\/www.viajarporegipto.com\/?page_id=2837"},"modified":"2021-08-05T09:00:13","modified_gmt":"2021-08-05T07:00:13","slug":"informacao-de-interesse","status":"publish","type":"page","link":"https:\/\/www.viajarporegipto.com\/pt-pt\/informacao-de-interesse\/","title":{"rendered":"Informa\u00e7\u00e3o de interesse"},"content":{"rendered":"<h2>INFORMA\u00c7\u00d5ES GERAIS SOBRE O EGIPTO<\/h2>\n<h3>Documenta\u00e7\u00e3o<\/h3>\n<p>O passaporte com pelo menos seis meses de validade \u00e9 essencial. Nossa equipe o ajudar\u00e1 a solicitar um visto no aeroporto quando voc\u00ea chegar ao Egito. Eles devem preencher os cart\u00f5es de imigra\u00e7\u00e3o fornecidos pela equipe da companhia a\u00e9rea durante o voo antes da chegada ao destino. N\u00e3o se esque\u00e7a de recolher o seu passaporte no final da sua estadia em cada hotel e cruzeiro.<\/p>\n<h3>Moeda<\/h3>\n<p>A moeda oficial do Egito \u00e9 a libra eg\u00edpcia. O valor aproximado de um euro \u00e9 20,00 L.E, mas o pre\u00e7o varia constantemente. Os euros s\u00e3o aceitos em todos os bancos eg\u00edpcios, voc\u00ea tamb\u00e9m pode levar d\u00f3lares americanos (USD). O uso de cart\u00f5es de cr\u00e9dito \u00e9 frequente em quase todas as lojas e hot\u00e9is, bem como em alguns cruzeiros.<\/p>\n<h3>Dicas<\/h3>\n<p>Em \u00e1rabe, diz-se &#8220;Backchich&#8221; e ouviremos essa palavra o tempo todo, pois a solicitam constantemente e por qualquer motivo: abra a porta de um t\u00e1xi ou nos acompanhe a um monumento supostamente remoto e desconhecido. Dicas em hot\u00e9is e cruzeiros n\u00e3o est\u00e3o inclu\u00eddas, sendo frequentemente solicitadas.<\/p>\n<p>Para facilitar a realiza\u00e7\u00e3o de muitos servi\u00e7os adicionais que eles prestar\u00e3o ao grupo durante todos os dias da viagem, reuniremos um fundo por pessoa para obter dicas de servi\u00e7os complementares durante a viagem, que se reunir\u00e3o no momento imediato da chegada ao Egito. Este fundo incluir\u00e1 dicas para: portadores de bagagem nos aeroportos do Cairo, Luxor e Aswan; porteiros nos hot\u00e9is do Cairo e Luxor; mensageiros e gar\u00e7ons nos hot\u00e9is do Cairo e Luxor; motoristas de \u00f4nibus no Cairo, Luxor, Aswan e Abu Simbel; Guardi\u00f5es e policiais em todos os monumentos visitados; restaurantes no Cairo; Caleseros em Edfu; falucas em Assu\u00e3o; barcos na ilha de Philae; carregadores nos portos de Luxor e Aswan ao embarcar e desembarcar do cruzeiro; servi\u00e7o de quarto durante o cruzeiro; oficiais, maquinistas, gar\u00e7ons, cozinheiros, recepcionistas, m\u00fasicos e funcion\u00e1rios em geral do navio e todos aqueles que s\u00e3o necess\u00e1rios.<\/p>\n<p>A coleta desse fundo desconsidera todos os problemas, reduz o custo, acelera o tempo de espera e evita a obriga\u00e7\u00e3o cont\u00ednua de carregar dinheiro solto em pequenas contas por todas as oportunidades nas quais \u00e9 necess\u00e1rio dar as muitas dicas necess\u00e1rias. Este fundo n\u00e3o inclui a dica para os guias locais que nos acompanham todos os dias e que cada cliente calcula a seu crit\u00e9rio.<\/p>\n<h3>Religi\u00e3o<\/h3>\n<p>As duas principais religi\u00f5es do Egito s\u00e3o o cristianismo copta e o isl\u00e3, mas quase todas as religi\u00f5es de origem judaico-crist\u00e3 est\u00e3o representadas. O grupo religioso mais numeroso \u00e9 o Isl\u00e3. A religi\u00e3o isl\u00e2mica foi fundada por Muhammad em 609 em Meca.<\/p>\n<h3>Linguagem<\/h3>\n<p>O idioma oficial \u00e9 o \u00e1rabe. Existem dois, o culto e a rua. A segunda l\u00edngua \u00e9 o ingl\u00eas e praticamente todo mundo fala. \u00c9 relativamente f\u00e1cil encontrar pessoas que falam espanhol nas lojas.<\/p>\n<h3>Bagagem<\/h3>\n<p>A franquia de bagagem \u00e9 de apenas 25 quilos e qualquer excesso tem uma taxa adicional. Apenas uma bolsa ou mala pequena \u00e9 permitida dentro do avi\u00e3o. A bagagem perdida ou quebrada durante o voo \u00e9 de responsabilidade exclusiva das companhias a\u00e9reas e deve ser declarada no aeroporto no momento do desembarque. Para recuperar a bagagem perdida ou obter uma indeniza\u00e7\u00e3o da companhia de seguros, \u00e9 essencial apresentar a passagem a\u00e9rea original e o recibo da bagagem. \u00c9 altamente recomend\u00e1vel usar os cart\u00f5es de identifica\u00e7\u00e3o nas malas.<\/p>\n<h3>Roupa e cal\u00e7ado<\/h3>\n<p>Especialmente na primavera e no ver\u00e3o, voc\u00ea deve usar roupas muito confort\u00e1veis e leves, de prefer\u00eancia algod\u00e3o. Cal\u00e7as, camisetas e vestidos leves. O cal\u00e7ado deve ser forte, mas fresco, muito confort\u00e1vel. No jantar do cruzeiro, ele se veste de maneira mais formal, mas o r\u00f3tulo n\u00e3o \u00e9 necess\u00e1rio. N\u00e3o se esque\u00e7a de um su\u00e9ter ou jaqueta por noites que podem ser muito legais. O mai\u00f4 e os \u00f3culos de sol tamb\u00e9m s\u00e3o \u00fateis. Mesmo assim, \u00e9 aconselh\u00e1vel n\u00e3o exagerar carregando muita bagagem, uma vez que as cabines dos barcos a motor s\u00e3o menores que os quartos dos hot\u00e9is, e carregar muitas malas pode ser um obst\u00e1culo. Um chap\u00e9u ou bon\u00e9 \u00e9 essencial para visitas a monumentos, especialmente no sul, durante o cruzeiro.<\/p>\n<h3>Compras<\/h3>\n<p>No Egito, voc\u00ea pode comprar artesanato magn\u00edfico, entre os quais papiros decorados \u00e0 m\u00e3o com motivos eg\u00edpcios. Tenha cuidado com imita\u00e7\u00f5es, feitas de folhas de palmeira e serigrafia, e que geralmente s\u00e3o muito mais baratas.<\/p>\n<p>Claro, outra das compras mais famosas que podem ser feitas no Egito s\u00e3o suas magn\u00edficas j\u00f3ias de ouro. Isso deve ser feito em locais garantidos, para que o ouro tenha uma qualidade m\u00ednima de 18 quilates. Voc\u00ea tamb\u00e9m pode comprar alabastro a um bom pre\u00e7o, sedas, linho, vidro soprado, madeira esculpida, tapetes &#8230;<\/p>\n<h3>Material fotogr\u00e1fico<\/h3>\n<p>No Egito, voc\u00ea pode comprar qualquer material fotogr\u00e1fico que precisar, mas \u00e9 sempre prefer\u00edvel tirar do pa\u00eds de origem tudo o que voc\u00ea pensa que precisar\u00e1 e um pouco mais, j\u00e1 que no Egito \u00e9 muito mais caro. Um imposto especial \u00e9 pago pela filmagem de alguns monumentos e s\u00edtios arqueol\u00f3gicos. Dentro das tumbas e alguns templos \u00e9 proibido tirar fotografias, mas s\u00e3o excepcionais. O guia ir\u00e1 inform\u00e1-lo sobre isso.<\/p>\n<h3>Gastronomia e bebidas<\/h3>\n<p>O Egito \u00e9 um pa\u00eds com uma rica gastronomia. Ousamos recomendar os seguintes pratos: Mojoleya (sopa de legumes cozida em caldo de carne ou frango com pimenta, alho e arroz), Kebah (carne de cordeiro assada servida no espeto), Kofta (alm\u00f4ndegas de cordeiro grelhadas) e Fatta (carne cozida com arroz e p\u00e3o).<\/p>\n<p>As bebidas alco\u00f3licas s\u00e3o proibidas pelo Isl\u00e3 e s\u00e3o muito caras para os europeus. A melhor cerveja eg\u00edpcia \u00e9 Stella e uma garrafa de meio litro pode custar at\u00e9 60 libras (cerca de 3 euros). Outras bebidas alco\u00f3licas, como champanhe, podem atingir pre\u00e7os exageradamente altos. Recomendamos que voc\u00ea verifique a quantidade antes de solicitar qualquer bebida alco\u00f3lica. As bebidas nunca s\u00e3o inclu\u00eddas em restaurantes ou durante o cruzeiro.<\/p>\n<h3>Telefonemas e correio<\/h3>\n<p>No Egito, telefones celulares trazidos da Espanha podem ser usados. Antes de viajar, \u00e9 aconselh\u00e1vel solicitar informa\u00e7\u00f5es \u00e0 operadora de telefonia contratada sobre o servi\u00e7o internacional de telefonia m\u00f3vel. Nossos guias est\u00e3o sempre equipados com telefones celulares que permitem a localiza\u00e7\u00e3o de qualquer pessoa do grupo o tempo todo.<\/p>\n<p>Se voc\u00ea deseja enviar cart\u00f5es postais para a Espanha, o melhor lugar para fazer isso \u00e9 a recep\u00e7\u00e3o dos hot\u00e9is.<\/p>\n<h3>Sa\u00fade e higiene<\/h3>\n<p>Nenhuma vacina\u00e7\u00e3o \u00e9 necess\u00e1ria para viajar para o Egito, embora certas precau\u00e7\u00f5es devam ser levadas em considera\u00e7\u00e3o, especialmente com \u00e1gua, frutas com casca e vegetais crus. N\u00e3o beba \u00e1gua da torneira \u00e0 qual nosso corpo n\u00e3o est\u00e1 acostumado, apenas \u00e1gua engarrafada. N\u00e3o esque\u00e7a o kit pessoal. Tamb\u00e9m \u00e9 aconselh\u00e1vel incluir algum produto contra dist\u00farbios intestinais que, se presentes, geralmente s\u00e3o leves e desaparecem em pouco tempo. Tamb\u00e9m n\u00e3o esque\u00e7a a lo\u00e7\u00e3o contra mosquitos e a prote\u00e7\u00e3o solar.<\/p>\n<h3>Seguran\u00e7a<\/h3>\n<p>Geralmente, n\u00e3o h\u00e1 problemas exagerados de roubo ou crime comum. Todos os hot\u00e9is t\u00eam um cofre, caso desejem depositar objetos de valor. Existe uma pol\u00edcia tur\u00edstica que informa e ajuda com qualquer eventualidade.<\/p>\n<h3>T\u00e1xis<\/h3>\n<p>O transporte p\u00fablico mais recomendado no Cairo \u00e9 o t\u00e1xi. Voc\u00ea deve definir o pre\u00e7o com anteced\u00eancia e uma viagem de cerca de quinze minutos n\u00e3o deve exceder vinte ou vinte e cinco libras. Os pre\u00e7os mais caros devem chegar ao centro das pir\u00e2mides de Giz\u00e9 e geralmente custam cerca de cem libras.<\/p>\n<h3>Eletricidade<\/h3>\n<p>A corrente \u00e9 alternada, 220 V e 110 V, dependendo da modernidade da instala\u00e7\u00e3o, embora em hot\u00e9is eles geralmente sejam 220 V. Os plugues s\u00e3o do tipo europeu, ou seja, com pinos redondos.<\/p>\n<h3>Tempo<\/h3>\n<p>A costa norte tem um clima mediterr\u00e2neo com uma pluviosidade m\u00e9dia de 18 mm. O clima \u00e9 mantido ao longo do Delta do Nilo, e o Cairo e o sul do Egito est\u00e3o localizados na zona mais \u00e1rida, onde quase n\u00e3o h\u00e1 chuvas. As noites s\u00e3o frias e os dias s\u00e3o quentes. Nos \u00faltimos anos, a umidade aumentou consideravelmente no Cairo e as noites de ver\u00e3o podem ser um pouco desconfort\u00e1veis.<\/p>\n<div class=\"su-spacer\" style=\"height:20px\"><\/div>\n\t\t<div data-elementor-type=\"page\" data-elementor-id=\"8665\" class=\"elementor elementor-8665\" data-elementor-settings=\"[]\">\n\t\t\t\t\t\t<div class=\"elementor-inner\">\n\t\t\t\t\t\t\t<div class=\"elementor-section-wrap\">\n\t\t\t\t\t\t\t<section class=\"elementor-section elementor-top-section elementor-element elementor-element-4ce6e64e elementor-section-boxed elementor-section-height-default elementor-section-height-default\" data-id=\"4ce6e64e\" data-element_type=\"section\" data-settings=\"{&quot;background_background&quot;:&quot;classic&quot;}\">\n\t\t\t\t\t\t<div class=\"elementor-container elementor-column-gap-default\">\n\t\t\t\t\t\t\t<div class=\"elementor-row\">\n\t\t\t\t\t<div class=\"elementor-column elementor-col-100 elementor-top-column elementor-element elementor-element-529d878a\" data-id=\"529d878a\" data-element_type=\"column\">\n\t\t\t<div class=\"elementor-column-wrap elementor-element-populated\">\n\t\t\t\t\t\t\t<div class=\"elementor-widget-wrap\">\n\t\t\t\t\t\t<div class=\"elementor-element elementor-element-515fd6e9 elementor-widget elementor-widget-heading\" data-id=\"515fd6e9\" data-element_type=\"widget\" data-widget_type=\"heading.default\">\n\t\t\t\t<div class=\"elementor-widget-container\">\n\t\t\t<h2 class=\"elementor-heading-title elementor-size-default\">Assine nossa newsletter!<\/h2>\t\t<\/div>\n\t\t\t\t<\/div>\n\t\t\t\t<div class=\"elementor-element elementor-element-476cbb19 elementor-widget elementor-widget-text-editor\" data-id=\"476cbb19\" data-element_type=\"widget\" data-widget_type=\"text-editor.default\">\n\t\t\t\t<div class=\"elementor-widget-container\">\n\t\t\t\t\t<div class=\"elementor-text-editor elementor-clearfix\"><p style=\"text-align: center;\">Voc\u00ea receber\u00e1 as not\u00edcias mais interessantes sobre o Egito Antigo e sobre nossas viagens confortavelmente em seu e-mail<\/p><\/div>\n\t\t\t\t<\/div>\n\t\t\t\t<\/div>\n\t\t\t\t<div class=\"elementor-element elementor-element-c45fb8b elementor-button-align-end elementor-widget elementor-widget-form\" data-id=\"c45fb8b\" data-element_type=\"widget\" data-settings=\"{&quot;button_width&quot;:&quot;50&quot;,&quot;step_next_label&quot;:&quot;Next&quot;,&quot;step_previous_label&quot;:&quot;Previous&quot;,&quot;step_type&quot;:&quot;number_text&quot;,&quot;step_icon_shape&quot;:&quot;circle&quot;}\" data-widget_type=\"form.default\">\n\t\t\t\t<div class=\"elementor-widget-container\">\n\t\t\t\t\t<form class=\"elementor-form\" method=\"post\" name=\"Suscripci\u00f3n horizontal ES\">\n\t\t\t<input type=\"hidden\" name=\"post_id\" value=\"8665\"\/>\n\t\t\t<input type=\"hidden\" name=\"form_id\" value=\"c45fb8b\"\/>\n\t\t\t<input type=\"hidden\" name=\"referer_title\" value=\"Viajar para o Egito | Cruzeiros Egito Pacotes | Viagem ao Egito\" \/>\n\n\t\t\t\n\t\t\t<div class=\"elementor-form-fields-wrapper elementor-labels-\">\n\t\t\t\t\t\t\t\t<div class=\"elementor-field-type-text elementor-field-group elementor-column elementor-field-group-name elementor-col-50 elementor-field-required\">\n\t\t\t\t\t<label for=\"form-field-name\" class=\"elementor-field-label elementor-screen-only\">Nombre<\/label><input size=\"1\" type=\"text\" name=\"form_fields[name]\" id=\"form-field-name\" class=\"elementor-field elementor-size-xs  elementor-field-textual\" placeholder=\"\ud83d\udc64 Teu nome\" required=\"required\" aria-required=\"true\">\t\t\t\t<\/div>\n\t\t\t\t\t\t\t\t<div class=\"elementor-field-type-email elementor-field-group elementor-column elementor-field-group-email elementor-col-50 elementor-field-required\">\n\t\t\t\t\t<label for=\"form-field-email\" class=\"elementor-field-label elementor-screen-only\">Email<\/label><input size=\"1\" type=\"email\" name=\"form_fields[email]\" id=\"form-field-email\" class=\"elementor-field elementor-size-xs  elementor-field-textual\" placeholder=\"\ud83d\udce7 Teu Email\" required=\"required\" aria-required=\"true\">\t\t\t\t<\/div>\n\t\t\t\t\t\t\t\t<div class=\"elementor-field-type-acceptance elementor-field-group elementor-column elementor-field-group-field_f722f4b elementor-col-50 elementor-field-required\">\n\t\t\t\t\t<label for=\"form-field-field_f722f4b\" class=\"elementor-field-label elementor-screen-only\">Aceptaci\u00f3n<\/label><div class=\"elementor-field-subgroup\"><span class=\"elementor-field-option\"><input type=\"checkbox\" name=\"form_fields[field_f722f4b]\" id=\"form-field-field_f722f4b\" class=\"elementor-field elementor-size-xs  elementor-acceptance-field\" required=\"required\" aria-required=\"true\"> <label for=\"form-field-field_f722f4b\">Eu li e aceito o\u00a0<a class=\"privacidad\" style=\"color: #ff9900;\" href=\"https:\/\/www.viajarporegipto.com\/pt-pt\/politica-de-privacidade\/\" target=\"_blank\" rel=\"noopener noreferrer\">pol\u00edtica de Privacidade<\/a>  (requerido)<\/label><\/span><\/div>\t\t\t\t<\/div>\n\t\t\t\t\t\t\t\t<div class=\"elementor-field-group elementor-column elementor-field-type-submit elementor-col-50 e-form__buttons\">\n\t\t\t\t\t<button type=\"submit\" class=\"elementor-button elementor-size-md\">\n\t\t\t\t\t\t<span >\n\t\t\t\t\t\t\t\t\t\t\t\t\t\t\t<span class=\"elementor-align-icon-left elementor-button-icon\">\n\t\t\t\t\t\t\t\t\t<i aria-hidden=\"true\" class=\"far fa-share-square\"><\/i>\t\t\t\t\t\t\t\t\t\t\t\t\t\t\t\t\t<\/span>\n\t\t\t\t\t\t\t\t\t\t\t\t\t\t\t\t\t\t\t\t\t\t<span class=\"elementor-button-text\">SUBSCREVER<\/span>\n\t\t\t\t\t\t\t\t\t\t\t\t\t<\/span>\n\t\t\t\t\t<\/button>\n\t\t\t\t<\/div>\n\t\t\t<\/div>\n\t\t<\/form>\n\t\t\t\t<\/div>\n\t\t\t\t<\/div>\n\t\t\t\t\t\t<\/div>\n\t\t\t\t\t<\/div>\n\t\t<\/div>\n\t\t\t\t\t\t\t\t<\/div>\n\t\t\t\t\t<\/div>\n\t\t<\/section>\n\t\t\t\t\t\t<\/div>\n\t\t\t\t\t\t<\/div>\n\t\t\t\t\t<\/div>\n\t\t\n","protected":false},"excerpt":{"rendered":"<p>INFORMA\u00c7\u00d5ES GERAIS SOBRE O EGIPTO Documenta\u00e7\u00e3o O passaporte com pelo menos seis meses de validade \u00e9 essencial. Nossa equipe o ajudar\u00e1 a solicitar um visto no aeroporto quando voc\u00ea chegar ao Egito. Eles devem preencher os cart\u00f5es de imigra\u00e7\u00e3o fornecidos pela equipe da companhia a\u00e9rea durante o voo antes da chegada ao destino. N\u00e3o se esque\u00e7a de recolher o seu &hellip;<\/p>\n","protected":false},"author":1,"featured_media":0,"parent":0,"menu_order":0,"comment_status":"closed","ping_status":"closed","template":"","meta":[],"yoast_head":"<!-- This site is optimized with the Yoast SEO plugin v16.8 - https:\/\/yoast.com\/wordpress\/plugins\/seo\/ -->\n<meta name=\"description\" content=\"Antes de viajar, voc\u00ea precisa conhecer o b\u00e1sico para n\u00e3o ter surpresas de \u00faltima hora. Conhe\u00e7a todas as informa\u00e7\u00f5es de interesse sobre o Egito que lhe oferecemos.\" \/>\n<meta name=\"robots\" content=\"index, follow, max-snippet:-1, max-image-preview:large, max-video-preview:-1\" \/>\n<link rel=\"canonical\" href=\"https:\/\/www.viajarporegipto.com\/pt-pt\/informacao-de-interesse\/\" \/>\n<meta property=\"og:locale\" content=\"pt_PT\" \/>\n<meta property=\"og:type\" content=\"article\" \/>\n<meta property=\"og:title\" content=\"Informa\u00e7\u00f5es de interesse sobre o Egito\" \/>\n<meta property=\"og:description\" content=\"Antes de viajar, voc\u00ea precisa conhecer o b\u00e1sico para n\u00e3o ter surpresas de \u00faltima hora. Conhe\u00e7a todas as informa\u00e7\u00f5es de interesse sobre o Egito que lhe oferecemos.\" \/>\n<meta property=\"og:url\" content=\"https:\/\/www.viajarporegipto.com\/pt-pt\/informacao-de-interesse\/\" \/>\n<meta property=\"og:site_name\" content=\"Viajar para o Egito | Cruzeiros Egito Pacotes | Viagem ao Egito\" \/>\n<meta property=\"article:modified_time\" content=\"2021-08-05T07:00:13+00:00\" \/>\n<meta name=\"twitter:card\" content=\"summary_large_image\" \/>\n<meta name=\"twitter:label1\" content=\"Tempo estimado de leitura\" \/>\n\t<meta name=\"twitter:data1\" content=\"6 minutos\" \/>\n<script type=\"application\/ld+json\" class=\"yoast-schema-graph\">{\"@context\":\"https:\/\/schema.org\",\"@graph\":[{\"@type\":\"Organization\",\"@id\":\"https:\/\/www.viajarporegipto.com\/#organization\",\"name\":\"Viajes por el Mundo\",\"url\":\"https:\/\/www.viajarporegipto.com\/\",\"sameAs\":[\"https:\/\/www.youtube.com\/channel\/UCSfYTcdsPNlTaH1_piHdtsg\"],\"logo\":{\"@type\":\"ImageObject\",\"@id\":\"https:\/\/www.viajarporegipto.com\/#logo\",\"inLanguage\":\"pt-PT\",\"url\":\"https:\/\/www.viajarporegipto.com\/wp-content\/uploads\/2019\/09\/Logo-Viajes-por-el-Mundo.jpg\",\"contentUrl\":\"https:\/\/www.viajarporegipto.com\/wp-content\/uploads\/2019\/09\/Logo-Viajes-por-el-Mundo.jpg\",\"width\":316,\"height\":235,\"caption\":\"Viajes por el Mundo\"},\"image\":{\"@id\":\"https:\/\/www.viajarporegipto.com\/#logo\"}},{\"@type\":\"WebSite\",\"@id\":\"https:\/\/www.viajarporegipto.com\/#website\",\"url\":\"https:\/\/www.viajarporegipto.com\/\",\"name\":\"Viajar para o Egito | Cruzeiros Egito Pacotes | Viagem ao Egito\",\"description\":\"Os melhores ofertas cruzeiros Egito Pacotes. Viajar para o Egito e aproveite. Pre\\u00e7os no \\u00faltimo minuto em tu Viagem ao Egito.\",\"publisher\":{\"@id\":\"https:\/\/www.viajarporegipto.com\/#organization\"},\"potentialAction\":[{\"@type\":\"SearchAction\",\"target\":{\"@type\":\"EntryPoint\",\"urlTemplate\":\"https:\/\/www.viajarporegipto.com\/?s={search_term_string}\"},\"query-input\":\"required name=search_term_string\"}],\"inLanguage\":\"pt-PT\"},{\"@type\":\"WebPage\",\"@id\":\"https:\/\/www.viajarporegipto.com\/pt-pt\/informacao-de-interesse\/#webpage\",\"url\":\"https:\/\/www.viajarporegipto.com\/pt-pt\/informacao-de-interesse\/\",\"name\":\"Informa\\u00e7\\u00f5es de interesse sobre o Egito\",\"isPartOf\":{\"@id\":\"https:\/\/www.viajarporegipto.com\/#website\"},\"datePublished\":\"2019-11-29T08:10:33+00:00\",\"dateModified\":\"2021-08-05T07:00:13+00:00\",\"description\":\"Antes de viajar, voc\\u00ea precisa conhecer o b\\u00e1sico para n\\u00e3o ter surpresas de \\u00faltima hora. Conhe\\u00e7a todas as informa\\u00e7\\u00f5es de interesse sobre o Egito que lhe oferecemos.\",\"breadcrumb\":{\"@id\":\"https:\/\/www.viajarporegipto.com\/pt-pt\/informacao-de-interesse\/#breadcrumb\"},\"inLanguage\":\"pt-PT\",\"potentialAction\":[{\"@type\":\"ReadAction\",\"target\":[\"https:\/\/www.viajarporegipto.com\/pt-pt\/informacao-de-interesse\/\"]}]},{\"@type\":\"BreadcrumbList\",\"@id\":\"https:\/\/www.viajarporegipto.com\/pt-pt\/informacao-de-interesse\/#breadcrumb\",\"itemListElement\":[{\"@type\":\"ListItem\",\"position\":1,\"name\":\"Portada\",\"item\":\"https:\/\/www.viajarporegipto.com\/pt-pt\/\"},{\"@type\":\"ListItem\",\"position\":2,\"name\":\"Informa\\u00e7\\u00e3o de interesse\"}]}]}<\/script>\n<!-- \/ Yoast SEO plugin. -->","yoast_head_json":{"description":"Antes de viajar, voc\u00ea precisa conhecer o b\u00e1sico para n\u00e3o ter surpresas de \u00faltima hora. Conhe\u00e7a todas as informa\u00e7\u00f5es de interesse sobre o Egito que lhe oferecemos.","robots":{"index":"index","follow":"follow","max-snippet":"max-snippet:-1","max-image-preview":"max-image-preview:large","max-video-preview":"max-video-preview:-1"},"canonical":"https:\/\/www.viajarporegipto.com\/pt-pt\/informacao-de-interesse\/","og_locale":"pt_PT","og_type":"article","og_title":"Informa\u00e7\u00f5es de interesse sobre o Egito","og_description":"Antes de viajar, voc\u00ea precisa conhecer o b\u00e1sico para n\u00e3o ter surpresas de \u00faltima hora. Conhe\u00e7a todas as informa\u00e7\u00f5es de interesse sobre o Egito que lhe oferecemos.","og_url":"https:\/\/www.viajarporegipto.com\/pt-pt\/informacao-de-interesse\/","og_site_name":"Viajar para o Egito | Cruzeiros Egito Pacotes | Viagem ao Egito","article_modified_time":"2021-08-05T07:00:13+00:00","twitter_card":"summary_large_image","twitter_misc":{"Tempo estimado de leitura":"6 minutos"},"schema":{"@context":"https:\/\/schema.org","@graph":[{"@type":"Organization","@id":"https:\/\/www.viajarporegipto.com\/#organization","name":"Viajes por el Mundo","url":"https:\/\/www.viajarporegipto.com\/","sameAs":["https:\/\/www.youtube.com\/channel\/UCSfYTcdsPNlTaH1_piHdtsg"],"logo":{"@type":"ImageObject","@id":"https:\/\/www.viajarporegipto.com\/#logo","inLanguage":"pt-PT","url":"https:\/\/www.viajarporegipto.com\/wp-content\/uploads\/2019\/09\/Logo-Viajes-por-el-Mundo.jpg","contentUrl":"https:\/\/www.viajarporegipto.com\/wp-content\/uploads\/2019\/09\/Logo-Viajes-por-el-Mundo.jpg","width":316,"height":235,"caption":"Viajes por el Mundo"},"image":{"@id":"https:\/\/www.viajarporegipto.com\/#logo"}},{"@type":"WebSite","@id":"https:\/\/www.viajarporegipto.com\/#website","url":"https:\/\/www.viajarporegipto.com\/","name":"Viajar para o Egito | Cruzeiros Egito Pacotes | Viagem ao Egito","description":"Os melhores ofertas cruzeiros Egito Pacotes. Viajar para o Egito e aproveite. Pre\u00e7os no \u00faltimo minuto em tu Viagem ao Egito.","publisher":{"@id":"https:\/\/www.viajarporegipto.com\/#organization"},"potentialAction":[{"@type":"SearchAction","target":{"@type":"EntryPoint","urlTemplate":"https:\/\/www.viajarporegipto.com\/?s={search_term_string}"},"query-input":"required name=search_term_string"}],"inLanguage":"pt-PT"},{"@type":"WebPage","@id":"https:\/\/www.viajarporegipto.com\/pt-pt\/informacao-de-interesse\/#webpage","url":"https:\/\/www.viajarporegipto.com\/pt-pt\/informacao-de-interesse\/","name":"Informa\u00e7\u00f5es de interesse sobre o Egito","isPartOf":{"@id":"https:\/\/www.viajarporegipto.com\/#website"},"datePublished":"2019-11-29T08:10:33+00:00","dateModified":"2021-08-05T07:00:13+00:00","description":"Antes de viajar, voc\u00ea precisa conhecer o b\u00e1sico para n\u00e3o ter surpresas de \u00faltima hora. Conhe\u00e7a todas as informa\u00e7\u00f5es de interesse sobre o Egito que lhe oferecemos.","breadcrumb":{"@id":"https:\/\/www.viajarporegipto.com\/pt-pt\/informacao-de-interesse\/#breadcrumb"},"inLanguage":"pt-PT","potentialAction":[{"@type":"ReadAction","target":["https:\/\/www.viajarporegipto.com\/pt-pt\/informacao-de-interesse\/"]}]},{"@type":"BreadcrumbList","@id":"https:\/\/www.viajarporegipto.com\/pt-pt\/informacao-de-interesse\/#breadcrumb","itemListElement":[{"@type":"ListItem","position":1,"name":"Portada","item":"https:\/\/www.viajarporegipto.com\/pt-pt\/"},{"@type":"ListItem","position":2,"name":"Informa\u00e7\u00e3o de interesse"}]}]}},"_links":{"self":[{"href":"https:\/\/www.viajarporegipto.com\/pt-pt\/wp-json\/wp\/v2\/pages\/2837"}],"collection":[{"href":"https:\/\/www.viajarporegipto.com\/pt-pt\/wp-json\/wp\/v2\/pages"}],"about":[{"href":"https:\/\/www.viajarporegipto.com\/pt-pt\/wp-json\/wp\/v2\/types\/page"}],"author":[{"embeddable":true,"href":"https:\/\/www.viajarporegipto.com\/pt-pt\/wp-json\/wp\/v2\/users\/1"}],"replies":[{"embeddable":true,"href":"https:\/\/www.viajarporegipto.com\/pt-pt\/wp-json\/wp\/v2\/comments?post=2837"}],"version-history":[{"count":7,"href":"https:\/\/www.viajarporegipto.com\/pt-pt\/wp-json\/wp\/v2\/pages\/2837\/revisions"}],"predecessor-version":[{"id":8668,"href":"https:\/\/www.viajarporegipto.com\/pt-pt\/wp-json\/wp\/v2\/pages\/2837\/revisions\/8668"}],"wp:attachment":[{"href":"https:\/\/www.viajarporegipto.com\/pt-pt\/wp-json\/wp\/v2\/media?parent=2837"}],"curies":[{"name":"wp","href":"https:\/\/api.w.org\/{rel}","templated":true}]}}