{"id":2869,"date":"2019-11-29T09:44:09","date_gmt":"2019-11-29T08:44:09","guid":{"rendered":"https:\/\/www.viajarporegipto.com\/?page_id=2869"},"modified":"2020-01-16T13:12:44","modified_gmt":"2020-01-16T12:12:44","slug":"seguro-de-cancelamento","status":"publish","type":"page","link":"https:\/\/www.viajarporegipto.com\/pt-pt\/seguro-de-cancelamento\/","title":{"rendered":"Seguro de cancelamento"},"content":{"rendered":"<h3 style=\"text-align: center;\"><span style=\"color: #ff0000;\">Compre-o ao fazer sua reserva por apenas 35 Euros,<\/span><br \/>\n<span style=\"color: #ff0000;\">ligando para 965 162 742.<\/span><\/h3>\n<p><img loading=\"lazy\" class=\"aligncenter\" title=\"Companhia de seguros Mapfre\" src=\"https:\/\/www.viajarporegipto.com\/botones\/Mapfre.gif\" alt=\"Seguro de cancelamento para sua viagem ao Egito\" width=\"350\" height=\"107\" \/><\/p>\n<h5 style=\"text-align: center;\">RESUMO DAS GARANTIAS POL\u00cdTICAS N\u00ba 0102803462001<br \/>\nCONTRATADAS PARA <strong>VIAJES POR EL MUNDO<\/strong><\/h5>\n<p><strong>1. A garantia<\/strong> relacionada \u00e0s despesas de cancelamento da viagem \u00e9 a que se refere a este artigo, e est\u00e1 em vigor desde que a Companhia receba do segurado o aviso de inclus\u00e3o do segurado, e terminar\u00e1 no momento do in\u00edcio da viagem ( embarque no meio de transporte coletivo utilizado na viagem). A garantia n\u00e3o ser\u00e1 v\u00e1lida se n\u00e3o for contratada ao mesmo tempo que a viagem coberta pelo seguro.<\/p>\n<p><strong>2. A Companhia<\/strong> ser\u00e1 respons\u00e1vel pelo reembolso das despesas de cancelamento de viagem incorridas pelo Segurado e faturadas pela aplica\u00e7\u00e3o das condi\u00e7\u00f5es gerais de venda de seu fornecedor, desde que cancele a viagem antes do in\u00edcio da viagem e por uma das seguintes causas:<\/p>\n<p>a) Doen\u00e7a ou acidente corporal grave ou morte:<\/p>\n<p>&#8211; Do Segurado, ou de seus c\u00f4njuges, filhos, pais, av\u00f3s, irm\u00e3os, sogros, genros, noras e cunhados.<br \/>\n&#8211; Do respons\u00e1vel durante a viagem de cust\u00f3dia, na resid\u00eancia habitual, dos filhos menores ou diminu\u00eddos.<br \/>\n&#8211; Do substituto profissional do segurado, desde que seja essencial que o cargo ou responsabilidade seja assumido pelo Segurado.<\/p>\n<p>b) Solicita, como parte, testemunha ou j\u00fari de um Tribunal, a menos que voc\u00ea saiba antes de contratar a viagem. Uma c\u00f3pia original da chamada judicial ou administrativa ser\u00e1 enviada.<\/p>\n<p>c) Danos graves causados \u200b\u200bpor inc\u00eandio, explos\u00e3o, roubo ou for\u00e7a da Natureza, em sua resid\u00eancia habitual ou secund\u00e1ria ou em instala\u00e7\u00f5es profissionais pr\u00f3prias ou alugadas que os tornaram inabit\u00e1veis \u200b\u200bou com risco grave de justificativa grave Sua presen\u00e7a \u00e9 essencial.<\/p>\n<p>d) Demiss\u00e3o profissional do Segurado, n\u00e3o disciplinar. De qualquer forma, este contrato deve ter sido assinado antes da empresa se comunicar com o trabalhador.<\/p>\n<p>e) Cancelamento da pessoa para acompanhar o Segurado na viagem, registrado ao mesmo tempo que o Segurado e segurado pelo mesmo contrato, desde que o cancelamento se origine de uma das causas listadas acima. Se o Segurado decidir viajar sozinho, as despesas adicionais do Suplemento Individual ser\u00e3o cobertas.<\/p>\n<p>f) Incorpora\u00e7\u00e3o em novo emprego em outra empresa, com contrato de trabalho e desde que a incorpora\u00e7\u00e3o ocorra ap\u00f3s a ades\u00e3o ao seguro e sobre a qual ele n\u00e3o tinha conhecimento da data em que a associa\u00e7\u00e3o foi realizada.<\/p>\n<p>g) Convoca\u00e7\u00e3o para submiss\u00e3o a exames de Oposi\u00e7\u00f5es Oficiais, recebidos ap\u00f3s a ades\u00e3o ao seguro.<\/p>\n<p>h) Atos de pirataria a\u00e9rea, terrestre ou naval, que impossibilitam o segurado de iniciar a viagem sujeita ao seguro.<\/p>\n<p>i) Roubo de documenta\u00e7\u00e3o ou bagagem que impossibilite a viagem inicial do segurado, desde que ocorra em casa, at\u00e9 48 horas antes do in\u00edcio da viagem.<\/p>\n<p>j) Conhecimento ap\u00f3s a contrata\u00e7\u00e3o da suspens\u00e3o da obriga\u00e7\u00e3o tribut\u00e1ria de fazer uma declara\u00e7\u00e3o paralela do IRPF, cuja cota a ser liquidada excede 100.000 ptas. (601,01 \u20ac).<\/p>\n<p>k) Entrega para ado\u00e7\u00e3o de uma crian\u00e7a.<\/p>\n<p>l) A n\u00e3o concess\u00e3o de vistos por causas injustificadas.<\/p>\n<p>m) Transfer\u00eancia for\u00e7ada de trabalho por um per\u00edodo superior a tr\u00eas meses.<\/p>\n<p>n) A chamada inesperada para interven\u00e7\u00e3o cir\u00fargica.<\/p>\n<p>o) Quarentena m\u00e9dica.<\/p>\n<p>p) A declara\u00e7\u00e3o da zona catastr\u00f3fica no local de resid\u00eancia do segurado ou local de destino da viagem.<\/p>\n<p>q) Obten\u00e7\u00e3o de estada semelhante \u00e0 contratada em uma loteria p\u00fablica perante um not\u00e1rio r) Reten\u00e7\u00e3o policial do segurado por causas n\u00e3o criminais s) Doen\u00e7as ps\u00edquicas ou mentais que requerem mais de sete dias de hospitaliza\u00e7\u00e3o ou interna\u00e7\u00e3o.<\/p>\n<p><strong>3. Como doen\u00e7a<\/strong> grave, al\u00e9m do estabelecido em II DEFINI\u00c7\u00d5ES, a altera\u00e7\u00e3o da sa\u00fade determinada por um profissional m\u00e9dico e que, na opini\u00e3o da equipe m\u00e9dica da Empresa, obriga o paciente a permanecer no leito e implicar o t\u00e9rmino de qualquer doen\u00e7a atividade profissional ou privada.<\/p>\n<h4>Ser\u00e1 obriga\u00e7\u00e3o do Segurado notificar seu fornecedor de viagens ou a Companhia do cancelamento da viagem assim que tomar conhecimento do evento que a causa, ficando a Empresa indenizada pelas despesas ou multas acumuladas a partir do momento do referido conhecimento, se esta obriga\u00e7\u00e3o \u00e9 violada.<\/h4>\n<p><strong>Para solicitar uma indeniza\u00e7\u00e3o por essa garantia, o Segurado deve enviar os seguintes documentos:<\/strong><\/p>\n<p>1. C\u00f3pia do documento que justifica a ocorr\u00eancia do acidente (laudo m\u00e9dico ou atestado de \u00f3bito, laudo de inc\u00eandio, den\u00fancia \u00e0 pol\u00edcia, laudo da companhia de seguros, etc &#8230;). Este documento deve refletir necessariamente a data da ocorr\u00eancia (hospitaliza\u00e7\u00e3o, morte, perda), o diagn\u00f3stico ou tipo de dano, o hist\u00f3rico ou hist\u00f3rico m\u00e9dico e o tratamento prescrito.<\/p>\n<p>2. Fatura original e \/ ou recibos de pagamento de viagem \u00e0 ag\u00eancia e uma c\u00f3pia do voucher de viagem emitido pela ag\u00eancia.<\/p>\n<p>3. C\u00f3pia ou fotoc\u00f3pia da fatura das despesas de cancelamento do atacadista de viagens \u00e0 ag\u00eancia de varejo e c\u00f3pia das condi\u00e7\u00f5es gerais de venda do atacadista.<\/p>\n<p>4. Documento de cancelamento original emitido pela ag\u00eancia de viagens, bem como a fatura das despesas de cancelamento ou nota de pagamento.<\/p>\n<h4>Exclus\u00f5es espec\u00edficas desta garantia:<\/h4>\n<p>Al\u00e9m das Exclus\u00f5es Gerais a todas as garantias desta pol\u00edtica, descritas no artigo 21 destas Condi\u00e7\u00f5es Gerais, cancelamentos de viagens originados em:<\/p>\n<p>a) Um tratamento est\u00e9tico, uma cura, uma contra-indica\u00e7\u00e3o de viagem ou vacina\u00e7\u00e3o, a impossibilidade de seguir o tratamento m\u00e9dico preventivo recomendado em determinados destinos.<\/p>\n<p>b) epidemias.<\/p>\n<p>c) A n\u00e3o apresenta\u00e7\u00e3o, por qualquer motivo, dos documentos indispens\u00e1veis \u200b\u200bem qualquer viagem, como passaporte, visto, passagem, D.N.I. ou certificados de vacina\u00e7\u00e3o.<\/p>\n<p>d) Tratamentos odontol\u00f3gicos n\u00e3o urgentes e de reabilita\u00e7\u00e3o.<\/p>\n<p>e) Doen\u00e7as de pessoas com idade igual ou superior a setenta e cinco anos e doen\u00e7as ou acidentes pr\u00e9-existentes ao contratar a viagem ou pol\u00edtica, incluindo rebrota aguda.<\/p>\n<p>f) A livre escolha de n\u00e3o viajar.<\/p>\n<p>g) N\u00e3o sujeito a proibi\u00e7\u00f5es oficiais de qualquer tipo.<\/p>\n<p>h) Prorroga\u00e7\u00e3o do contrato de trabalho, mudan\u00e7a de permiss\u00e3o de trabalho, que n\u00e3o exceda os per\u00edodos de experi\u00eancia.<\/p>\n<p>i) Complica\u00e7\u00f5es da gravidez ou aborto.<\/p>\n<h4>MUITO IMPORTANTE: TODOS OS PEDIDOS DE REEMBOLSO RELACIONADOS COM AS GARANTIAS MENCIONADAS, DEVEM SER DIRECIONADOS DIRETAMENTE PELO PROPRIET\u00c1RIO SEGURO DA MAPFRE ASSISTANCE E N\u00c3O \u00c0 AG\u00caNCIA DE VIAGENS, OU ATACADO. TODAS AS APLICA\u00c7\u00d5ES DEVEM SER ACOMPANHADAS COM A DOCUMENTA\u00c7\u00c3O DE ACREDITA\u00c7\u00c3O E DEVEM SER ENVIADAS PARA:<\/h4>\n<h4 style=\"text-align: center;\"><strong>MAPFRE ASISTENCIA, S.A.<\/strong><br \/>\n<strong>C\/ Gobelas, 41-45<\/strong><br \/>\n<strong>28023 Madrid<\/strong><\/h4>\n<p><span style=\"color: #993366;\"><strong><em>Este resumo de garantias \u00e9 para fins informativos, n\u00e3o substituindo as Condi\u00e7\u00f5es Gerais da Pol\u00edtica que prevalecer\u00e3o em caso de discrep\u00e2ncia.<\/em><\/strong><\/span><\/p>\n","protected":false},"excerpt":{"rendered":"<p>Compre-o ao fazer sua reserva por apenas 35 Euros, ligando para 965 162 742. RESUMO DAS GARANTIAS POL\u00cdTICAS N\u00ba 0102803462001 CONTRATADAS PARA VIAJES POR EL MUNDO 1. A garantia relacionada \u00e0s despesas de cancelamento da viagem \u00e9 a que se refere a este artigo, e est\u00e1 em vigor desde que a Companhia receba do segurado o aviso de inclus\u00e3o do &hellip;<\/p>\n","protected":false},"author":1,"featured_media":0,"parent":0,"menu_order":0,"comment_status":"closed","ping_status":"closed","template":"","meta":[],"yoast_head":"<!-- This site is optimized with the Yoast SEO plugin v16.8 - https:\/\/yoast.com\/wordpress\/plugins\/seo\/ -->\n<meta name=\"description\" content=\"Por apenas 35 \u20ac, voc\u00ea pode fazer nosso seguro de cancelamento para sua viagem ao Egito ou a qualquer um de nossos destinos. Um servi\u00e7o de assist\u00eancia da Mapfre.\" \/>\n<meta name=\"robots\" content=\"index, follow, max-snippet:-1, max-image-preview:large, max-video-preview:-1\" \/>\n<link rel=\"canonical\" href=\"https:\/\/www.viajarporegipto.com\/pt-pt\/seguro-de-cancelamento\/\" \/>\n<meta property=\"og:locale\" content=\"pt_PT\" \/>\n<meta property=\"og:type\" content=\"article\" \/>\n<meta property=\"og:title\" content=\"Seguro de cancelamento para sua viagem ao Egito\" \/>\n<meta property=\"og:description\" content=\"Por apenas 35 \u20ac, voc\u00ea pode fazer nosso seguro de cancelamento para sua viagem ao Egito ou a qualquer um de nossos destinos. Um servi\u00e7o de assist\u00eancia da Mapfre.\" \/>\n<meta property=\"og:url\" content=\"https:\/\/www.viajarporegipto.com\/pt-pt\/seguro-de-cancelamento\/\" \/>\n<meta property=\"og:site_name\" content=\"Viajar para o Egito | Cruzeiros Egito Pacotes | Viagem ao Egito\" \/>\n<meta property=\"article:modified_time\" content=\"2020-01-16T12:12:44+00:00\" \/>\n<meta property=\"og:image\" content=\"https:\/\/www.viajarporegipto.com\/botones\/Mapfre.gif\" \/>\n<meta name=\"twitter:card\" content=\"summary_large_image\" \/>\n<meta name=\"twitter:label1\" content=\"Tempo estimado de leitura\" \/>\n\t<meta name=\"twitter:data1\" content=\"6 minutos\" \/>\n<script type=\"application\/ld+json\" class=\"yoast-schema-graph\">{\"@context\":\"https:\/\/schema.org\",\"@graph\":[{\"@type\":\"Organization\",\"@id\":\"https:\/\/www.viajarporegipto.com\/#organization\",\"name\":\"Viajes por el Mundo\",\"url\":\"https:\/\/www.viajarporegipto.com\/\",\"sameAs\":[\"https:\/\/www.youtube.com\/channel\/UCSfYTcdsPNlTaH1_piHdtsg\"],\"logo\":{\"@type\":\"ImageObject\",\"@id\":\"https:\/\/www.viajarporegipto.com\/#logo\",\"inLanguage\":\"pt-PT\",\"url\":\"https:\/\/www.viajarporegipto.com\/wp-content\/uploads\/2019\/09\/Logo-Viajes-por-el-Mundo.jpg\",\"contentUrl\":\"https:\/\/www.viajarporegipto.com\/wp-content\/uploads\/2019\/09\/Logo-Viajes-por-el-Mundo.jpg\",\"width\":316,\"height\":235,\"caption\":\"Viajes por el Mundo\"},\"image\":{\"@id\":\"https:\/\/www.viajarporegipto.com\/#logo\"}},{\"@type\":\"WebSite\",\"@id\":\"https:\/\/www.viajarporegipto.com\/#website\",\"url\":\"https:\/\/www.viajarporegipto.com\/\",\"name\":\"Viajar para o Egito | Cruzeiros Egito Pacotes | Viagem ao Egito\",\"description\":\"Os melhores ofertas cruzeiros Egito Pacotes. Viajar para o Egito e aproveite. Pre\\u00e7os no \\u00faltimo minuto em tu Viagem ao Egito.\",\"publisher\":{\"@id\":\"https:\/\/www.viajarporegipto.com\/#organization\"},\"potentialAction\":[{\"@type\":\"SearchAction\",\"target\":{\"@type\":\"EntryPoint\",\"urlTemplate\":\"https:\/\/www.viajarporegipto.com\/?s={search_term_string}\"},\"query-input\":\"required name=search_term_string\"}],\"inLanguage\":\"pt-PT\"},{\"@type\":\"ImageObject\",\"@id\":\"https:\/\/www.viajarporegipto.com\/pt-pt\/seguro-de-cancelamento\/#primaryimage\",\"inLanguage\":\"pt-PT\",\"url\":\"https:\/\/www.viajarporegipto.com\/botones\/Mapfre.gif\",\"contentUrl\":\"https:\/\/www.viajarporegipto.com\/botones\/Mapfre.gif\"},{\"@type\":\"WebPage\",\"@id\":\"https:\/\/www.viajarporegipto.com\/pt-pt\/seguro-de-cancelamento\/#webpage\",\"url\":\"https:\/\/www.viajarporegipto.com\/pt-pt\/seguro-de-cancelamento\/\",\"name\":\"Seguro de cancelamento para sua viagem ao Egito\",\"isPartOf\":{\"@id\":\"https:\/\/www.viajarporegipto.com\/#website\"},\"primaryImageOfPage\":{\"@id\":\"https:\/\/www.viajarporegipto.com\/pt-pt\/seguro-de-cancelamento\/#primaryimage\"},\"datePublished\":\"2019-11-29T08:44:09+00:00\",\"dateModified\":\"2020-01-16T12:12:44+00:00\",\"description\":\"Por apenas 35 \\u20ac, voc\\u00ea pode fazer nosso seguro de cancelamento para sua viagem ao Egito ou a qualquer um de nossos destinos. Um servi\\u00e7o de assist\\u00eancia da Mapfre.\",\"breadcrumb\":{\"@id\":\"https:\/\/www.viajarporegipto.com\/pt-pt\/seguro-de-cancelamento\/#breadcrumb\"},\"inLanguage\":\"pt-PT\",\"potentialAction\":[{\"@type\":\"ReadAction\",\"target\":[\"https:\/\/www.viajarporegipto.com\/pt-pt\/seguro-de-cancelamento\/\"]}]},{\"@type\":\"BreadcrumbList\",\"@id\":\"https:\/\/www.viajarporegipto.com\/pt-pt\/seguro-de-cancelamento\/#breadcrumb\",\"itemListElement\":[{\"@type\":\"ListItem\",\"position\":1,\"name\":\"Portada\",\"item\":\"https:\/\/www.viajarporegipto.com\/pt-pt\/\"},{\"@type\":\"ListItem\",\"position\":2,\"name\":\"Seguro de cancelamento\"}]}]}<\/script>\n<!-- \/ Yoast SEO plugin. -->","yoast_head_json":{"description":"Por apenas 35 \u20ac, voc\u00ea pode fazer nosso seguro de cancelamento para sua viagem ao Egito ou a qualquer um de nossos destinos. Um servi\u00e7o de assist\u00eancia da Mapfre.","robots":{"index":"index","follow":"follow","max-snippet":"max-snippet:-1","max-image-preview":"max-image-preview:large","max-video-preview":"max-video-preview:-1"},"canonical":"https:\/\/www.viajarporegipto.com\/pt-pt\/seguro-de-cancelamento\/","og_locale":"pt_PT","og_type":"article","og_title":"Seguro de cancelamento para sua viagem ao Egito","og_description":"Por apenas 35 \u20ac, voc\u00ea pode fazer nosso seguro de cancelamento para sua viagem ao Egito ou a qualquer um de nossos destinos. Um servi\u00e7o de assist\u00eancia da Mapfre.","og_url":"https:\/\/www.viajarporegipto.com\/pt-pt\/seguro-de-cancelamento\/","og_site_name":"Viajar para o Egito | Cruzeiros Egito Pacotes | Viagem ao Egito","article_modified_time":"2020-01-16T12:12:44+00:00","og_image":[{"url":"https:\/\/www.viajarporegipto.com\/botones\/Mapfre.gif"}],"twitter_card":"summary_large_image","twitter_misc":{"Tempo estimado de leitura":"6 minutos"},"schema":{"@context":"https:\/\/schema.org","@graph":[{"@type":"Organization","@id":"https:\/\/www.viajarporegipto.com\/#organization","name":"Viajes por el Mundo","url":"https:\/\/www.viajarporegipto.com\/","sameAs":["https:\/\/www.youtube.com\/channel\/UCSfYTcdsPNlTaH1_piHdtsg"],"logo":{"@type":"ImageObject","@id":"https:\/\/www.viajarporegipto.com\/#logo","inLanguage":"pt-PT","url":"https:\/\/www.viajarporegipto.com\/wp-content\/uploads\/2019\/09\/Logo-Viajes-por-el-Mundo.jpg","contentUrl":"https:\/\/www.viajarporegipto.com\/wp-content\/uploads\/2019\/09\/Logo-Viajes-por-el-Mundo.jpg","width":316,"height":235,"caption":"Viajes por el Mundo"},"image":{"@id":"https:\/\/www.viajarporegipto.com\/#logo"}},{"@type":"WebSite","@id":"https:\/\/www.viajarporegipto.com\/#website","url":"https:\/\/www.viajarporegipto.com\/","name":"Viajar para o Egito | Cruzeiros Egito Pacotes | Viagem ao Egito","description":"Os melhores ofertas cruzeiros Egito Pacotes. Viajar para o Egito e aproveite. Pre\u00e7os no \u00faltimo minuto em tu Viagem ao Egito.","publisher":{"@id":"https:\/\/www.viajarporegipto.com\/#organization"},"potentialAction":[{"@type":"SearchAction","target":{"@type":"EntryPoint","urlTemplate":"https:\/\/www.viajarporegipto.com\/?s={search_term_string}"},"query-input":"required name=search_term_string"}],"inLanguage":"pt-PT"},{"@type":"ImageObject","@id":"https:\/\/www.viajarporegipto.com\/pt-pt\/seguro-de-cancelamento\/#primaryimage","inLanguage":"pt-PT","url":"https:\/\/www.viajarporegipto.com\/botones\/Mapfre.gif","contentUrl":"https:\/\/www.viajarporegipto.com\/botones\/Mapfre.gif"},{"@type":"WebPage","@id":"https:\/\/www.viajarporegipto.com\/pt-pt\/seguro-de-cancelamento\/#webpage","url":"https:\/\/www.viajarporegipto.com\/pt-pt\/seguro-de-cancelamento\/","name":"Seguro de cancelamento para sua viagem ao Egito","isPartOf":{"@id":"https:\/\/www.viajarporegipto.com\/#website"},"primaryImageOfPage":{"@id":"https:\/\/www.viajarporegipto.com\/pt-pt\/seguro-de-cancelamento\/#primaryimage"},"datePublished":"2019-11-29T08:44:09+00:00","dateModified":"2020-01-16T12:12:44+00:00","description":"Por apenas 35 \u20ac, voc\u00ea pode fazer nosso seguro de cancelamento para sua viagem ao Egito ou a qualquer um de nossos destinos. Um servi\u00e7o de assist\u00eancia da Mapfre.","breadcrumb":{"@id":"https:\/\/www.viajarporegipto.com\/pt-pt\/seguro-de-cancelamento\/#breadcrumb"},"inLanguage":"pt-PT","potentialAction":[{"@type":"ReadAction","target":["https:\/\/www.viajarporegipto.com\/pt-pt\/seguro-de-cancelamento\/"]}]},{"@type":"BreadcrumbList","@id":"https:\/\/www.viajarporegipto.com\/pt-pt\/seguro-de-cancelamento\/#breadcrumb","itemListElement":[{"@type":"ListItem","position":1,"name":"Portada","item":"https:\/\/www.viajarporegipto.com\/pt-pt\/"},{"@type":"ListItem","position":2,"name":"Seguro de cancelamento"}]}]}},"_links":{"self":[{"href":"https:\/\/www.viajarporegipto.com\/pt-pt\/wp-json\/wp\/v2\/pages\/2869"}],"collection":[{"href":"https:\/\/www.viajarporegipto.com\/pt-pt\/wp-json\/wp\/v2\/pages"}],"about":[{"href":"https:\/\/www.viajarporegipto.com\/pt-pt\/wp-json\/wp\/v2\/types\/page"}],"author":[{"embeddable":true,"href":"https:\/\/www.viajarporegipto.com\/pt-pt\/wp-json\/wp\/v2\/users\/1"}],"replies":[{"embeddable":true,"href":"https:\/\/www.viajarporegipto.com\/pt-pt\/wp-json\/wp\/v2\/comments?post=2869"}],"version-history":[{"count":6,"href":"https:\/\/www.viajarporegipto.com\/pt-pt\/wp-json\/wp\/v2\/pages\/2869\/revisions"}],"predecessor-version":[{"id":3363,"href":"https:\/\/www.viajarporegipto.com\/pt-pt\/wp-json\/wp\/v2\/pages\/2869\/revisions\/3363"}],"wp:attachment":[{"href":"https:\/\/www.viajarporegipto.com\/pt-pt\/wp-json\/wp\/v2\/media?parent=2869"}],"curies":[{"name":"wp","href":"https:\/\/api.w.org\/{rel}","templated":true}]}}