{"id":2875,"date":"2019-11-29T09:47:35","date_gmt":"2019-11-29T08:47:35","guid":{"rendered":"https:\/\/www.viajarporegipto.com\/?page_id=2875"},"modified":"2020-05-28T12:05:52","modified_gmt":"2020-05-28T10:05:52","slug":"perguntas-mais-frequentes","status":"publish","type":"page","link":"https:\/\/www.viajarporegipto.com\/pt-pt\/perguntas-mais-frequentes\/","title":{"rendered":"Perguntas mais frequentes"},"content":{"rendered":"\t\t<div data-elementor-type=\"wp-page\" data-elementor-id=\"2875\" class=\"elementor elementor-2875 elementor-1215\" data-elementor-settings=\"[]\">\n\t\t\t\t\t\t<div class=\"elementor-inner\">\n\t\t\t\t\t\t\t<div class=\"elementor-section-wrap\">\n\t\t\t\t\t\t\t<section class=\"elementor-section elementor-top-section elementor-element elementor-element-16b74dd6 elementor-section-boxed elementor-section-height-default elementor-section-height-default\" data-id=\"16b74dd6\" data-element_type=\"section\">\n\t\t\t\t\t\t<div class=\"elementor-container elementor-column-gap-default\">\n\t\t\t\t\t\t\t<div class=\"elementor-row\">\n\t\t\t\t\t<div class=\"elementor-column elementor-col-100 elementor-top-column elementor-element elementor-element-57143e02\" data-id=\"57143e02\" data-element_type=\"column\">\n\t\t\t<div class=\"elementor-column-wrap elementor-element-populated\">\n\t\t\t\t\t\t\t<div class=\"elementor-widget-wrap\">\n\t\t\t\t\t\t<div class=\"elementor-element elementor-element-2e4b1680 elementor-widget elementor-widget-shortcode\" data-id=\"2e4b1680\" data-element_type=\"widget\" data-widget_type=\"shortcode.default\">\n\t\t\t\t<div class=\"elementor-widget-container\">\n\t\t\t\t\t<div class=\"elementor-shortcode\"><div class=\"su-accordion su-u-trim\">\n\n<div class=\"su-spoiler su-spoiler-style-fancy su-spoiler-icon-chevron-circle\" data-scroll-offset=\"0\" data-anchor-in-url=\"no\"><div class=\"su-spoiler-title\" tabindex=\"0\" role=\"button\"><span class=\"su-spoiler-icon\"><\/span>1. Preciso pagar algo para fazer uma reserva de primeira viagem combinada?<\/div><div class=\"su-spoiler-content su-u-clearfix su-u-trim\">N\u00e3o. Para fazer uma primeira reserva combinada de viagem, voc\u00ea n\u00e3o precisa pagar nada. A primeira reserva n\u00e3o compromete voc\u00ea com nada ou garante seus lugares. Um de nossos agentes entrar\u00e1 em contato para confirmar a disponibilidade de vagas, esclarecer d\u00favidas e fazer uma reserva firme e a primeira cobran\u00e7a.<\/div><\/div>\n\n<div class=\"su-spoiler su-spoiler-style-fancy su-spoiler-icon-chevron-circle su-spoiler-closed\" data-scroll-offset=\"0\" data-anchor-in-url=\"no\"><div class=\"su-spoiler-title\" tabindex=\"0\" role=\"button\"><span class=\"su-spoiler-icon\"><\/span>2. Se eu fizer a reserva com firmeza e, finalmente, descobrir que n\u00e3o h\u00e1 mais lugares, terei que pagar despesas?<\/div><div class=\"su-spoiler-content su-u-clearfix su-u-trim\">N\u00e3o. Se n\u00e3o houver vagas no pacote solicitado, ofereceremos a melhor alternativa dispon\u00edvel. Se voc\u00ea n\u00e3o estiver interessado, cancelaremos a reserva e reembolsaremos o dep\u00f3sito inicial integralmente, sem cobrar nenhuma taxa de processamento.<\/div><\/div>\n\n<div class=\"su-spoiler su-spoiler-style-fancy su-spoiler-icon-chevron-circle su-spoiler-closed\" data-scroll-offset=\"0\" data-anchor-in-url=\"no\"><div class=\"su-spoiler-title\" tabindex=\"0\" role=\"button\"><span class=\"su-spoiler-icon\"><\/span>3. Como sei se existem vagas dispon\u00edveis nas ofertas?<\/div><div class=\"su-spoiler-content su-u-clearfix su-u-trim\">Embora os mecanismos de pesquisa usados pela World Travel atualizem periodicamente as ofertas mostradas, devemos verificar essa disponibilidade com os atacadistas. Para confirmar a disponibilidade, voc\u00ea deve fazer uma primeira reserva que n\u00e3o o force a fazer nada. Se n\u00e3o houver mais lugares, ofereceremos a melhor alternativa dispon\u00edvel.<\/div><\/div>\n\n<div class=\"su-spoiler su-spoiler-style-fancy su-spoiler-icon-chevron-circle su-spoiler-closed\" data-scroll-offset=\"0\" data-anchor-in-url=\"no\"><div class=\"su-spoiler-title\" tabindex=\"0\" role=\"button\"><span class=\"su-spoiler-icon\"><\/span>4. Como sei que minha viagem foi confirmada?<\/div><div class=\"su-spoiler-content su-u-clearfix su-u-trim\">Ao confirmar o pedido do seu pacote de f\u00e9rias, voc\u00ea receber\u00e1 um e-mail. Dessa forma, voc\u00ea saber\u00e1 que confirmamos os servi\u00e7os. Em um per\u00edodo m\u00e1ximo de 24 horas (de segunda a sexta-feira), entraremos em contato novamente para inform\u00e1-lo sobre todos os detalhes.<\/div><\/div>\n\n<div class=\"su-spoiler su-spoiler-style-fancy su-spoiler-icon-chevron-circle su-spoiler-closed\" data-scroll-offset=\"0\" data-anchor-in-url=\"no\"><div class=\"su-spoiler-title\" tabindex=\"0\" role=\"button\"><span class=\"su-spoiler-icon\"><\/span>5. A oferta n\u00e3o indica o hor\u00e1rio do voo, mas n\u00e3o quero confirmar at\u00e9 conhecer esses hor\u00e1rios. Como eu fa\u00e7o?<\/div><div class=\"su-spoiler-content su-u-clearfix su-u-trim\">Quando os hor\u00e1rios dispon\u00edveis n\u00e3o s\u00e3o mostrados, \u00e9 porque geralmente existem v\u00e1rios v\u00f4os di\u00e1rios e os locais oferecidos variam continuamente em cada voo. Fa\u00e7a a primeira reserva (n\u00e3o o for\u00e7a a nada) e ligaremos para inform\u00e1-lo sobre os hor\u00e1rios dos voos dispon\u00edveis no momento.<\/div><\/div>\n\n<div class=\"su-spoiler su-spoiler-style-fancy su-spoiler-icon-chevron-circle su-spoiler-closed\" data-scroll-offset=\"0\" data-anchor-in-url=\"no\"><div class=\"su-spoiler-title\" tabindex=\"0\" role=\"button\"><span class=\"su-spoiler-icon\"><\/span>6. A oferta n\u00e3o indica o pre\u00e7o das crian\u00e7as. Como posso saber?<\/div><div class=\"su-spoiler-content su-u-clearfix su-u-trim\">As crian\u00e7as geralmente t\u00eam descontos em viagens combinadas se compartilharem um quarto com 2 adultos. No entanto, o desconto depende da companhia a\u00e9rea, do hotel, das datas etc. Fa\u00e7a sua primeira reserva e conte-nos que voc\u00ea est\u00e1 viajando com crian\u00e7as. Ligaremos o mais breve poss\u00edvel para fornecer informa\u00e7\u00f5es personalizadas sobre pre\u00e7os.<\/div><\/div>\n\n<div class=\"su-spoiler su-spoiler-style-fancy su-spoiler-icon-chevron-circle su-spoiler-closed\" data-scroll-offset=\"0\" data-anchor-in-url=\"no\"><div class=\"su-spoiler-title\" tabindex=\"0\" role=\"button\"><span class=\"su-spoiler-icon\"><\/span>7. Se viajar sozinho, como posso saber o pre\u00e7o?<\/div><div class=\"su-spoiler-content su-u-clearfix su-u-trim\">Todos os hot\u00e9is aplicam suplementos para quartos individuais, mas em muitos casos, eles n\u00e3o s\u00e3o indicados nas ofertas, por isso precisamos consult\u00e1-los. Fa\u00e7a sua primeira reserva e nos diga que voc\u00ea est\u00e1 viajando sozinho. Ligaremos para voc\u00ea para fornecer informa\u00e7\u00f5es personalizadas sobre pre\u00e7os.<\/div><\/div>\n\n<div class=\"su-spoiler su-spoiler-style-fancy su-spoiler-icon-chevron-circle su-spoiler-closed\" data-scroll-offset=\"0\" data-anchor-in-url=\"no\"><div class=\"su-spoiler-title\" tabindex=\"0\" role=\"button\"><span class=\"su-spoiler-icon\"><\/span>8. Como posso pagar pela viagem?<\/div><div class=\"su-spoiler-content su-u-clearfix su-u-trim\">O mais comum \u00e9 pagar as viagens por transfer\u00eancia banc\u00e1ria. No momento da confirma\u00e7\u00e3o da reserva, a Viajes por el Mundo cobrar\u00e1 uma porcentagem do valor total da viagem como dep\u00f3sito de reserva. O restante termina de pagar pelos mesmos meios em uma determinada data anterior \u00e0 partida, para ter tempo suficiente para pagar os fornecedores, emitir as passagens a\u00e9reas e a documenta\u00e7\u00e3o de viagem e envi\u00e1-las aos clientes.<\/div><\/div>\n\n<div class=\"su-spoiler su-spoiler-style-fancy su-spoiler-icon-chevron-circle su-spoiler-closed\" data-scroll-offset=\"0\" data-anchor-in-url=\"no\"><div class=\"su-spoiler-title\" tabindex=\"0\" role=\"button\"><span class=\"su-spoiler-icon\"><\/span>9. E n\u00e3o posso pagar com cart\u00e3o de cr\u00e9dito?<\/div><div class=\"su-spoiler-content su-u-clearfix su-u-trim\">\u00c9 poss\u00edvel efetuar pagamentos com cart\u00f5es de cr\u00e9dito VISA ou Mastercard. N\u00e3o podemos realizar opera\u00e7\u00f5es com cart\u00f5es American Express.<\/div><\/div>\n\n<div class=\"su-spoiler su-spoiler-style-fancy su-spoiler-icon-chevron-circle su-spoiler-closed\" data-scroll-offset=\"0\" data-anchor-in-url=\"no\"><div class=\"su-spoiler-title\" tabindex=\"0\" role=\"button\"><span class=\"su-spoiler-icon\"><\/span>10. Como e quando receberei a confirma\u00e7\u00e3o final da minha reserva?<\/div><div class=\"su-spoiler-content su-u-clearfix su-u-trim\">Ap\u00f3s solicitar a reserva firme e pagar o dep\u00f3sito, fazemos a reserva com o atacadista, que normalmente leva de 2 a 3 dias letivos para confirmar. Assim que o tivermos, entraremos em contato novamente para confirmar todos os servi\u00e7os e concordar com o pagamento final da viagem e o envio da documenta\u00e7\u00e3o.<\/div><\/div>\n\n<div class=\"su-spoiler su-spoiler-style-fancy su-spoiler-icon-chevron-circle su-spoiler-closed\" data-scroll-offset=\"0\" data-anchor-in-url=\"no\"><div class=\"su-spoiler-title\" tabindex=\"0\" role=\"button\"><span class=\"su-spoiler-icon\"><\/span>11. Quando e como receberei minha documenta\u00e7\u00e3o de viagem?<\/div><div class=\"su-spoiler-content su-u-clearfix su-u-trim\">Quando voc\u00ea pagar o valor total da viagem, enviaremos a documenta\u00e7\u00e3o dos servi\u00e7os por e-mail. Se tivermos de enviar documenta\u00e7\u00e3o f\u00edsica, a remessa \u00e9 feita por correio urgente e \u00e9 totalmente GRATUITO na Pen\u00ednsula Ib\u00e9rica ou nas Ilhas Baleares.<\/div><\/div>\n\n<div class=\"su-spoiler su-spoiler-style-fancy su-spoiler-icon-chevron-circle su-spoiler-closed\" data-scroll-offset=\"0\" data-anchor-in-url=\"no\"><div class=\"su-spoiler-title\" tabindex=\"0\" role=\"button\"><span class=\"su-spoiler-icon\"><\/span>12. As reservas aceitam cancelamentos?<\/div><div class=\"su-spoiler-content su-u-clearfix su-u-trim\">A qualquer momento, o usu\u00e1rio ou consumidor pode retirar-se dos servi\u00e7os solicitados ou contratados, tendo direito a um reembolso dos valores que pagou, seja o pre\u00e7o total ou um adiantamento. Dependendo das condi\u00e7\u00f5es espec\u00edficas de cancelamento dos servi\u00e7os contratados e dos prazos de cancelamento anteriores \u00e0 partida da viagem, pode haver taxas de cancelamento para v\u00e1rios conceitos, que devem ser pagos. Al\u00e9m disso, podem ocorrer custos de gerenciamento da ag\u00eancia, cuja quantidade depender\u00e1 das datas, do destino, do n\u00famero de pessoas que comp\u00f5em um grupo etc.<\/div><\/div>\n\n<div class=\"su-spoiler su-spoiler-style-fancy su-spoiler-icon-chevron-circle su-spoiler-closed\" data-scroll-offset=\"0\" data-anchor-in-url=\"no\"><div class=\"su-spoiler-title\" tabindex=\"0\" role=\"button\"><span class=\"su-spoiler-icon\"><\/span>13. Preciso me registrar para verificar os pacotes de f\u00e9rias?<\/div><div class=\"su-spoiler-content su-u-clearfix su-u-trim\">N\u00e3o. Voc\u00ea pode navegar e navegar em nosso site pelo tempo que quiser, sem se registrar. Certamente, solicitaremos que seus dados sejam capazes de fazer uma reserva ou contrato de qualquer um de nossos servi\u00e7os e enviar a documenta\u00e7\u00e3o correspondente.Voc\u00ea sabe, verifique os pre\u00e7os, d\u00ea sua opini\u00e3o sobre qualquer lugar ou compare os diferentes destinos: voc\u00ea s\u00f3 precisar\u00e1 se identificar no hora de comprar.<\/div><\/div>\n\n<div class=\"su-spoiler su-spoiler-style-fancy su-spoiler-icon-chevron-circle su-spoiler-closed\" data-scroll-offset=\"0\" data-anchor-in-url=\"no\"><div class=\"su-spoiler-title\" tabindex=\"0\" role=\"button\"><span class=\"su-spoiler-icon\"><\/span>14. O que voc\u00ea faz com meus dados pessoais?<\/div><div class=\"su-spoiler-content su-u-clearfix su-u-trim\">Durante o processo de contrata\u00e7\u00e3o de uma viagem, solicitamos que voc\u00ea nos forne\u00e7a certos dados pessoais, pois sem eles seria imposs\u00edvel emitir a documenta\u00e7\u00e3o, passagens etc. ou cobrar a quantia dos produtos que voc\u00ea compra em nossa ag\u00eancia.\n\nEsses dados est\u00e3o sujeitos a registro e tratamento em um arquivo de dados pessoais localizado na sede da Viajes por el Mundo, Alcalde Alfonso Rojas, 8 &#8211; 21\u00ba izda. 03004 Alicante.\n\nOs dados assim registrados s\u00e3o utilizados para administra\u00e7\u00e3o de servi\u00e7os e gerenciamento de incidentes, bem como para fins estat\u00edsticos e promocionais.\n\nAo nos fornecer essas informa\u00e7\u00f5es, voc\u00ea autoriza expressamente a Viajes por el Mundo a transferi-las para as entidades para as quais \u00e9 necess\u00e1rio, a fim de fornecer os servi\u00e7os e produtos que voc\u00ea solicitou.\nVoc\u00ea pode exercer seus direitos de acesso, retifica\u00e7\u00e3o, limita\u00e7\u00e3o e exclus\u00e3o dos dados em info@larutadelascivilizaciones.com, bem como o direito de registrar uma reclama\u00e7\u00e3o junto \u00e0 autoridade supervisora.\nVoc\u00ea pode consultar as informa\u00e7\u00f5es adicionais e detalhadas sobre prote\u00e7\u00e3o de dados no site: \n<a href=\"https:\/\/www.viajarporegipto.com\/pt-pt\/politica-de-privacidade\/\">Mais informa\u00e7\u00e3o<\/a>, onde nossa pol\u00edtica de privacidade \u00e9 detalhada.<\/div><\/div>\n\n<div class=\"su-spoiler su-spoiler-style-fancy su-spoiler-icon-chevron-circle su-spoiler-closed\" data-scroll-offset=\"0\" data-anchor-in-url=\"no\"><div class=\"su-spoiler-title\" tabindex=\"0\" role=\"button\"><span class=\"su-spoiler-icon\"><\/span>15. Eu moro fora da Espanha. Posso comprar no Viajes por el Mundo?\n<\/div><div class=\"su-spoiler-content su-u-clearfix su-u-trim\">Sim, voc\u00ea pode comprar. De fato, a maioria dos grupos de viagens organizados por nossa ag\u00eancia considera a possibilidade de sair de qualquer lugar do mundo. Observe tamb\u00e9m que os pacotes de f\u00e9rias na se\u00e7\u00e3o Viagens individuais ou Superbig de \u00faltima hora podem se originar da Espanha e incluir voos internacionais de Madri ou Barcelona. Se voc\u00ea contrat\u00e1-los de outro pa\u00eds, podemos reajustar o pre\u00e7o de acordo com os voos internacionais que voc\u00ea usar\u00e1, descontando os voos da Espanha que incluem o pacote.<\/div><\/div>\n\n<div class=\"su-spoiler su-spoiler-style-fancy su-spoiler-icon-chevron-circle su-spoiler-closed\" data-scroll-offset=\"0\" data-anchor-in-url=\"no\"><div class=\"su-spoiler-title\" tabindex=\"0\" role=\"button\"><span class=\"su-spoiler-icon\"><\/span>16. Eu tenho uma pergunta que n\u00e3o aparece nesse relacionamento.\n<\/div><div class=\"su-spoiler-content su-u-clearfix su-u-trim\">Se precisar que respondamos a outras perguntas que n\u00e3o forem feitas aqui, escreva para o endere\u00e7o de e-mail <a href=\"mailto:info@viajarporelmundo.com\">info@viajarporelmundo.com<\/a>, e teremos o maior prazer em resolver suas d\u00favidas.<\/div><\/div>\n\n<\/div><\/div>\n\t\t\t\t<\/div>\n\t\t\t\t<\/div>\n\t\t\t\t\t\t<\/div>\n\t\t\t\t\t<\/div>\n\t\t<\/div>\n\t\t\t\t\t\t\t\t<\/div>\n\t\t\t\t\t<\/div>\n\t\t<\/section>\n\t\t\t\t\t\t<\/div>\n\t\t\t\t\t\t<\/div>\n\t\t\t\t\t<\/div>\n\t\t","protected":false},"excerpt":{"rendered":"","protected":false},"author":1,"featured_media":0,"parent":0,"menu_order":0,"comment_status":"closed","ping_status":"closed","template":"templates\/page-narrow.php","meta":[],"yoast_head":"<!-- This site is optimized with the Yoast SEO plugin v16.8 - https:\/\/yoast.com\/wordpress\/plugins\/seo\/ -->\n<meta name=\"description\" content=\"Verifique nesta p\u00e1gina qualquer d\u00favida que possa ter. Reunimos as perguntas mais frequentes sobre o Egito que geralmente nos s\u00e3o feitas. Mas nos chame do mesmo.\" \/>\n<meta name=\"robots\" content=\"index, follow, max-snippet:-1, max-image-preview:large, max-video-preview:-1\" \/>\n<link rel=\"canonical\" href=\"https:\/\/www.viajarporegipto.com\/pt-pt\/perguntas-mais-frequentes\/\" \/>\n<meta property=\"og:locale\" content=\"pt_PT\" \/>\n<meta property=\"og:type\" content=\"article\" \/>\n<meta property=\"og:title\" content=\"Perguntas frequentes sobre o Egito\" \/>\n<meta property=\"og:description\" content=\"Verifique nesta p\u00e1gina qualquer d\u00favida que possa ter. Reunimos as perguntas mais frequentes sobre o Egito que geralmente nos s\u00e3o feitas. Mas nos chame do mesmo.\" \/>\n<meta property=\"og:url\" content=\"https:\/\/www.viajarporegipto.com\/pt-pt\/perguntas-mais-frequentes\/\" \/>\n<meta property=\"og:site_name\" content=\"Viajar para o Egito | Cruzeiros Egito Pacotes | Viagem ao Egito\" \/>\n<meta property=\"article:modified_time\" content=\"2020-05-28T10:05:52+00:00\" \/>\n<meta name=\"twitter:card\" content=\"summary_large_image\" \/>\n<meta name=\"twitter:label1\" content=\"Tempo estimado de leitura\" \/>\n\t<meta name=\"twitter:data1\" content=\"7 minutos\" \/>\n<script type=\"application\/ld+json\" class=\"yoast-schema-graph\">{\"@context\":\"https:\/\/schema.org\",\"@graph\":[{\"@type\":\"Organization\",\"@id\":\"https:\/\/www.viajarporegipto.com\/#organization\",\"name\":\"Viajes por el Mundo\",\"url\":\"https:\/\/www.viajarporegipto.com\/\",\"sameAs\":[\"https:\/\/www.youtube.com\/channel\/UCSfYTcdsPNlTaH1_piHdtsg\"],\"logo\":{\"@type\":\"ImageObject\",\"@id\":\"https:\/\/www.viajarporegipto.com\/#logo\",\"inLanguage\":\"pt-PT\",\"url\":\"https:\/\/www.viajarporegipto.com\/wp-content\/uploads\/2019\/09\/Logo-Viajes-por-el-Mundo.jpg\",\"contentUrl\":\"https:\/\/www.viajarporegipto.com\/wp-content\/uploads\/2019\/09\/Logo-Viajes-por-el-Mundo.jpg\",\"width\":316,\"height\":235,\"caption\":\"Viajes por el Mundo\"},\"image\":{\"@id\":\"https:\/\/www.viajarporegipto.com\/#logo\"}},{\"@type\":\"WebSite\",\"@id\":\"https:\/\/www.viajarporegipto.com\/#website\",\"url\":\"https:\/\/www.viajarporegipto.com\/\",\"name\":\"Viajar para o Egito | Cruzeiros Egito Pacotes | Viagem ao Egito\",\"description\":\"Os melhores ofertas cruzeiros Egito Pacotes. Viajar para o Egito e aproveite. Pre\\u00e7os no \\u00faltimo minuto em tu Viagem ao Egito.\",\"publisher\":{\"@id\":\"https:\/\/www.viajarporegipto.com\/#organization\"},\"potentialAction\":[{\"@type\":\"SearchAction\",\"target\":{\"@type\":\"EntryPoint\",\"urlTemplate\":\"https:\/\/www.viajarporegipto.com\/?s={search_term_string}\"},\"query-input\":\"required name=search_term_string\"}],\"inLanguage\":\"pt-PT\"},{\"@type\":\"WebPage\",\"@id\":\"https:\/\/www.viajarporegipto.com\/pt-pt\/perguntas-mais-frequentes\/#webpage\",\"url\":\"https:\/\/www.viajarporegipto.com\/pt-pt\/perguntas-mais-frequentes\/\",\"name\":\"Perguntas frequentes sobre o Egito\",\"isPartOf\":{\"@id\":\"https:\/\/www.viajarporegipto.com\/#website\"},\"datePublished\":\"2019-11-29T08:47:35+00:00\",\"dateModified\":\"2020-05-28T10:05:52+00:00\",\"description\":\"Verifique nesta p\\u00e1gina qualquer d\\u00favida que possa ter. Reunimos as perguntas mais frequentes sobre o Egito que geralmente nos s\\u00e3o feitas. Mas nos chame do mesmo.\",\"breadcrumb\":{\"@id\":\"https:\/\/www.viajarporegipto.com\/pt-pt\/perguntas-mais-frequentes\/#breadcrumb\"},\"inLanguage\":\"pt-PT\",\"potentialAction\":[{\"@type\":\"ReadAction\",\"target\":[\"https:\/\/www.viajarporegipto.com\/pt-pt\/perguntas-mais-frequentes\/\"]}]},{\"@type\":\"BreadcrumbList\",\"@id\":\"https:\/\/www.viajarporegipto.com\/pt-pt\/perguntas-mais-frequentes\/#breadcrumb\",\"itemListElement\":[{\"@type\":\"ListItem\",\"position\":1,\"name\":\"Portada\",\"item\":\"https:\/\/www.viajarporegipto.com\/pt-pt\/\"},{\"@type\":\"ListItem\",\"position\":2,\"name\":\"Perguntas mais frequentes\"}]}]}<\/script>\n<!-- \/ Yoast SEO plugin. -->","yoast_head_json":{"description":"Verifique nesta p\u00e1gina qualquer d\u00favida que possa ter. Reunimos as perguntas mais frequentes sobre o Egito que geralmente nos s\u00e3o feitas. Mas nos chame do mesmo.","robots":{"index":"index","follow":"follow","max-snippet":"max-snippet:-1","max-image-preview":"max-image-preview:large","max-video-preview":"max-video-preview:-1"},"canonical":"https:\/\/www.viajarporegipto.com\/pt-pt\/perguntas-mais-frequentes\/","og_locale":"pt_PT","og_type":"article","og_title":"Perguntas frequentes sobre o Egito","og_description":"Verifique nesta p\u00e1gina qualquer d\u00favida que possa ter. Reunimos as perguntas mais frequentes sobre o Egito que geralmente nos s\u00e3o feitas. Mas nos chame do mesmo.","og_url":"https:\/\/www.viajarporegipto.com\/pt-pt\/perguntas-mais-frequentes\/","og_site_name":"Viajar para o Egito | Cruzeiros Egito Pacotes | Viagem ao Egito","article_modified_time":"2020-05-28T10:05:52+00:00","twitter_card":"summary_large_image","twitter_misc":{"Tempo estimado de leitura":"7 minutos"},"schema":{"@context":"https:\/\/schema.org","@graph":[{"@type":"Organization","@id":"https:\/\/www.viajarporegipto.com\/#organization","name":"Viajes por el Mundo","url":"https:\/\/www.viajarporegipto.com\/","sameAs":["https:\/\/www.youtube.com\/channel\/UCSfYTcdsPNlTaH1_piHdtsg"],"logo":{"@type":"ImageObject","@id":"https:\/\/www.viajarporegipto.com\/#logo","inLanguage":"pt-PT","url":"https:\/\/www.viajarporegipto.com\/wp-content\/uploads\/2019\/09\/Logo-Viajes-por-el-Mundo.jpg","contentUrl":"https:\/\/www.viajarporegipto.com\/wp-content\/uploads\/2019\/09\/Logo-Viajes-por-el-Mundo.jpg","width":316,"height":235,"caption":"Viajes por el Mundo"},"image":{"@id":"https:\/\/www.viajarporegipto.com\/#logo"}},{"@type":"WebSite","@id":"https:\/\/www.viajarporegipto.com\/#website","url":"https:\/\/www.viajarporegipto.com\/","name":"Viajar para o Egito | Cruzeiros Egito Pacotes | Viagem ao Egito","description":"Os melhores ofertas cruzeiros Egito Pacotes. Viajar para o Egito e aproveite. Pre\u00e7os no \u00faltimo minuto em tu Viagem ao Egito.","publisher":{"@id":"https:\/\/www.viajarporegipto.com\/#organization"},"potentialAction":[{"@type":"SearchAction","target":{"@type":"EntryPoint","urlTemplate":"https:\/\/www.viajarporegipto.com\/?s={search_term_string}"},"query-input":"required name=search_term_string"}],"inLanguage":"pt-PT"},{"@type":"WebPage","@id":"https:\/\/www.viajarporegipto.com\/pt-pt\/perguntas-mais-frequentes\/#webpage","url":"https:\/\/www.viajarporegipto.com\/pt-pt\/perguntas-mais-frequentes\/","name":"Perguntas frequentes sobre o Egito","isPartOf":{"@id":"https:\/\/www.viajarporegipto.com\/#website"},"datePublished":"2019-11-29T08:47:35+00:00","dateModified":"2020-05-28T10:05:52+00:00","description":"Verifique nesta p\u00e1gina qualquer d\u00favida que possa ter. Reunimos as perguntas mais frequentes sobre o Egito que geralmente nos s\u00e3o feitas. Mas nos chame do mesmo.","breadcrumb":{"@id":"https:\/\/www.viajarporegipto.com\/pt-pt\/perguntas-mais-frequentes\/#breadcrumb"},"inLanguage":"pt-PT","potentialAction":[{"@type":"ReadAction","target":["https:\/\/www.viajarporegipto.com\/pt-pt\/perguntas-mais-frequentes\/"]}]},{"@type":"BreadcrumbList","@id":"https:\/\/www.viajarporegipto.com\/pt-pt\/perguntas-mais-frequentes\/#breadcrumb","itemListElement":[{"@type":"ListItem","position":1,"name":"Portada","item":"https:\/\/www.viajarporegipto.com\/pt-pt\/"},{"@type":"ListItem","position":2,"name":"Perguntas mais frequentes"}]}]}},"_links":{"self":[{"href":"https:\/\/www.viajarporegipto.com\/pt-pt\/wp-json\/wp\/v2\/pages\/2875"}],"collection":[{"href":"https:\/\/www.viajarporegipto.com\/pt-pt\/wp-json\/wp\/v2\/pages"}],"about":[{"href":"https:\/\/www.viajarporegipto.com\/pt-pt\/wp-json\/wp\/v2\/types\/page"}],"author":[{"embeddable":true,"href":"https:\/\/www.viajarporegipto.com\/pt-pt\/wp-json\/wp\/v2\/users\/1"}],"replies":[{"embeddable":true,"href":"https:\/\/www.viajarporegipto.com\/pt-pt\/wp-json\/wp\/v2\/comments?post=2875"}],"version-history":[{"count":9,"href":"https:\/\/www.viajarporegipto.com\/pt-pt\/wp-json\/wp\/v2\/pages\/2875\/revisions"}],"predecessor-version":[{"id":3523,"href":"https:\/\/www.viajarporegipto.com\/pt-pt\/wp-json\/wp\/v2\/pages\/2875\/revisions\/3523"}],"wp:attachment":[{"href":"https:\/\/www.viajarporegipto.com\/pt-pt\/wp-json\/wp\/v2\/media?parent=2875"}],"curies":[{"name":"wp","href":"https:\/\/api.w.org\/{rel}","templated":true}]}}