{"id":3087,"date":"2019-12-09T09:56:08","date_gmt":"2019-12-09T08:56:08","guid":{"rendered":"https:\/\/www.viajarporegipto.com\/?page_id=3087"},"modified":"2020-01-16T16:46:13","modified_gmt":"2020-01-16T15:46:13","slug":"turismo-espanha","status":"publish","type":"page","link":"https:\/\/www.viajarporegipto.com\/pt-pt\/links-de-interesse\/turismo-espanha\/","title":{"rendered":"Escrit\u00f3rios de Turismo na Espanha"},"content":{"rendered":"<div class=\"su-row\"><div class=\"su-column su-column-size-1-2\"><div class=\"su-column-inner su-u-clearfix su-u-trim\">\n<p><strong>ALBACETE<\/strong><br \/>\nPza. de la Catedral, s\/n<br \/>\n02001<br \/>\n967 59 61 00<br \/>\n<a href=\"http:\/\/www.albacete.es\" target=\"_blank\" rel=\"nofollow noopener noreferrer\">www.albacete.es<\/a><\/p>\n<p><strong>ALICANTE<\/strong><br \/>\nExplanada de Espa\u00f1a, 2<br \/>\n03002<br \/>\n965 20 00 00<br \/>\n<a href=\"http:\/\/www.alicante.es\" target=\"_blank\" rel=\"nofollow noopener noreferrer\">www.alicante.es<\/a><\/p>\n<p><strong>ALMER\u00edA<\/strong><br \/>\nParque Nicol\u00e1s Salmer\u00f3n, s\/n<br \/>\n04002<br \/>\n950 27 43 55<br \/>\n<a href=\"http:\/\/www.almeria-turismo.org\" target=\"_blank\" rel=\"nofollow noopener noreferrer\">www.almeria-turismo.org<\/a><\/p>\n<p><strong>\u00c1VILA<\/strong><br \/>\nPza. de la Catedral, 4<br \/>\n05001<br \/>\n941 29 93 53<br \/>\n<a href=\"http:\/\/www.avila.es\/\" target=\"_blank\" rel=\"nofollow noopener noreferrer\">www.avila.es<\/a><\/p>\n<p><strong>BADAJOZ<\/strong><br \/>\nC\/ Tom\u00e1s Romero de Castilla, 4<br \/>\n06011<br \/>\n924 21 24 95<br \/>\n<a href=\"http:\/\/www.dip-badajoz.es\" target=\"_blank\" rel=\"nofollow noopener noreferrer\">www.dip-badajoz.es<\/a><\/p>\n<p><strong>BARCELONA<\/strong><br \/>\nPza. de Catalunya, 17 &#8211; S<br \/>\n08002<br \/>\n<a href=\"http:\/\/www.barcelonaturisme.com\" target=\"_blank\" rel=\"nofollow noopener noreferrer\">www.barcelonaturisme.com<\/a><\/p>\n<p><strong>BILBAO<\/strong><br \/>\nP\u00ba del Arenal, 1<br \/>\n48005<br \/>\n944 79 57 60<br \/>\n<a href=\"http:\/\/www.bilbaoturismo.net\/BilbaoTurismo\/es\/turistas\" target=\"_blank\" rel=\"nofollow noopener noreferrer\">www.bilbaoturismo.net<\/a><\/p>\n<p><strong>BURGOS<\/strong><br \/>\nPza. Alonso Mart\u00ednez, 7 &#8211; Bajo<br \/>\n09003<br \/>\n947 20 18 46<br \/>\n<a href=\"http:\/\/www.aytoburgos.es\" target=\"_blank\" rel=\"nofollow noopener noreferrer\">www.aytoburgos.es<\/a><\/p>\n<p><strong>C\u00c1CERES<\/strong><br \/>\nPza Mayor, s\/n<br \/>\n10003<br \/>\n927 24 63 47<br \/>\n<a href=\"http:\/\/www.dip-caceres.es\" target=\"_blank\" rel=\"nofollow noopener noreferrer\">www.dip-caceres.es<\/a><\/p>\n<p><strong>C\u00c1DIZ<\/strong><br \/>\nC\/ Calder\u00f3n de la Barca, 1<br \/>\n11003<br \/>\n956 21 13 13<br \/>\n<a href=\"http:\/\/www.cadiz.org\" target=\"_blank\" rel=\"nofollow noopener noreferrer\">www.cadiz.org<\/a><\/p>\n<p><strong>CASTELL\u00d3N<\/strong><br \/>\nPza. Mar\u00eda Agustina, 5<br \/>\n12003<br \/>\n964 35 86 88<br \/>\n<a href=\"http:\/\/www.comunidad-valenciana.com\" target=\"_blank\" rel=\"nofollow noopener noreferrer\">www.comunidad-valenciana.com<\/a><\/p>\n<p><strong>CEUTA<\/strong><br \/>\nC\/ Padilla, Ceuta Center, 2\u00aa planta<br \/>\n51001<br \/>\n956 52 82 47<br \/>\n<a href=\"http:\/\/www.ceuta.es\" target=\"_blank\" rel=\"nofollow noopener noreferrer\">www.ceuta.es<\/a><\/p>\n<p><strong>CIUDAD REAL<\/strong><br \/>\nINFOTUR C\/ Alarcos, 21 &#8211; Bajo<br \/>\n13001<br \/>\n926 20 00 37<br \/>\n<a href=\"http:\/\/www.ciudad-real.com\" target=\"_blank\" rel=\"nofollow noopener noreferrer\">www.ciudad-real.com<\/a><\/p>\n<p><strong>C\u00d3RDOBA<\/strong><br \/>\nC\/ Torrijos, 10<br \/>\n14003<br \/>\n957 47 12 35<br \/>\n<a href=\"http:\/\/www.cordoba.es\" target=\"_blank\" rel=\"nofollow noopener noreferrer\">www.cordoba.es<\/a><\/p>\n<p><strong>CUENCA<\/strong><br \/>\nPza. Mayor, 1<br \/>\n16001<br \/>\n969 24 10 50<br \/>\n<a href=\"https:\/\/turismo.cuenca.es\/\" target=\"_blank\" rel=\"nofollow noopener noreferrer\">www.turismo.cuenca.es<\/a><\/p>\n<p><strong>GERONA &#8211; GIRONA<\/strong><br \/>\nRambla de la Llibertad, 1<br \/>\n17004<br \/>\n972 22 65 75<br \/>\n<a href=\"http:\/\/www.girona.net\" target=\"_blank\" rel=\"nofollow noopener noreferrer\">www.girona.net<\/a><\/p>\n<p><strong>GIJ\u00d3N<\/strong><br \/>\nC\/ Marqu\u00e9s de San Est\u00e9ban, s\/n<br \/>\n33206<br \/>\n985 34 60 46<br \/>\n<a href=\"http:\/\/www.gijon.info\" target=\"_blank\" rel=\"nofollow noopener noreferrer\">www.gijon.info<\/a><\/p>\n<p><strong>GRANADA<\/strong><br \/>\nAlhambra y Generalife<br \/>\n18009<br \/>\n958 22 09 12<br \/>\n<a href=\"http:\/\/www.granada.es\" target=\"_blank\" rel=\"nofollow noopener noreferrer\">www.granada.es<\/a><\/p>\n<p><strong>GUADALAJARA<\/strong><br \/>\nPza. de los Ca\u00eddos, 6<br \/>\n19001<br \/>\n949 21 16 26<br \/>\n<a href=\"http:\/\/www.dguadalajara.es\" target=\"_blank\" rel=\"nofollow noopener noreferrer\">www.dguadalajara.es<\/a><\/p>\n<p><strong>HUELVA<\/strong><br \/>\nAvda. de Alemania, 12<br \/>\n21001<br \/>\n959 29 93 53<br \/>\n<a href=\"http:\/\/www.turismohuelva.org\/es\/\" target=\"_blank\" rel=\"nofollow noopener noreferrer\">www.turismohuelva.org<\/a><\/p>\n<p><strong>HUESCA<\/strong><br \/>\nPza. Catedral, 1<br \/>\n22002<br \/>\n974 29 21 00<br \/>\n<a href=\"http:\/\/www.huescaturismo.com\" target=\"_blank\" rel=\"nofollow noopener noreferrer\">www.huescaturismo.com<\/a><\/p>\n<p><strong>JA\u00c9N<\/strong><br \/>\nC\/ Arquitecto Berges, 1<br \/>\n23007<br \/>\n953 22 27 37<br \/>\n<a href=\"http:\/\/www.aytojaen.es\" target=\"_blank\" rel=\"nofollow noopener noreferrer\">www.aytojaen.es<\/a><\/p>\n<p><strong>LA CORU\u00d1A<\/strong><br \/>\nC\/ D\u00e1rsena de la Marina, s\/n<br \/>\n15001<br \/>\n981 22 18 22<br \/>\n<a href=\"http:\/\/www.acoruna.es\" target=\"_blank\" rel=\"nofollow noopener noreferrer\">www.acoruna.es<\/a><\/p>\n<p><strong>LA RIOJA<\/strong><br \/>\nLOGRO\u00d1O,P\u00ba del Espol\u00f3n, Pr\u00edncipe de Vergara, 1<br \/>\n26071<br \/>\n941 26 06 65<br \/>\n<a href=\"http:\/\/www.larioja.org\/turismo\" target=\"_blank\" rel=\"nofollow noopener noreferrer\">www.larioja.org<\/a><\/p>\n<p><strong>LAS PALMAS<\/strong><br \/>\nParque Sta. Catalina, s\/n<br \/>\n35007<br \/>\n928 26 46 23<br \/>\n<a href=\"http:\/\/www.promocionlaspalmas.com\" target=\"_blank\" rel=\"nofollow noopener noreferrer\">www.promocionlaspalmas.com<\/a><\/p>\n<p><strong>LE\u00d3N<\/strong><br \/>\nPza. de Regla, 3<br \/>\n24003<br \/>\n987 23 70 82<br \/>\n<a href=\"https:\/\/www.turismocastillayleon.com\/\" target=\"_blank\" rel=\"nofollow noopener noreferrer\">www.turismocastillayleon.com<\/a><\/p>\n<p><strong>L\u00c9RIDA &#8211; LLEIDA<\/strong><br \/>\nAvda. de Madrid, 36<br \/>\n25002<br \/>\n973 27 09 97<br \/>\n<a href=\"http:\/\/www.lleida.es\" target=\"_blank\" rel=\"nofollow noopener noreferrer\">www.lleida.es<\/a><\/p>\n<p><strong>LUGO<\/strong><br \/>\nPza. Maior, 27-29 (Galer\u00edas)<br \/>\n27001<br \/>\n982 23 13 61<br \/>\n<a href=\"http:\/\/www.lugotur.com\" target=\"_blank\" rel=\"nofollow noopener noreferrer\">www.lugotur.com<\/a><\/p>\n<\/div><\/div>\n<div class=\"su-column su-column-size-1-2\"><div class=\"su-column-inner su-u-clearfix su-u-trim\">\n<p><strong>M\u00c1LAGA<\/strong><br \/>\nPasaje de Chinitas, 4<br \/>\n29015<br \/>\n952 21 34 45<br \/>\n<a href=\"http:\/\/www.malagaturismo.com\" target=\"_blank\" rel=\"nofollow noopener noreferrer\">www.malagaturismo.com<\/a><\/p>\n<p><strong>MALLORCA<\/strong><br \/>\nCarrer General Riera, 111 Edifici llar de la juventud<br \/>\n07010<br \/>\n<a href=\"https:\/\/www.palma.cat\/portal\/PALMA\/home.jsp?codResi=1&amp;language=es\" target=\"_blank\" rel=\"nofollow noopener noreferrer\">www.palma.cat<\/a><\/p>\n<p><strong>MADRID<\/strong><br \/>\nC\/ Duque de Medinaceli, 2<br \/>\n28014<br \/>\n91 429 49 51<br \/>\n<a href=\"http:\/\/www.munimadrid.es\" target=\"_blank\" rel=\"nofollow noopener noreferrer\">www.munimadrid.es<\/a><\/p>\n<p><strong>MADRID (LA CABRERA)<\/strong><br \/>\nCentro de Turismo de la Sierra Norte de Madrid &#8220;Villa San Roque&#8221;<br \/>\nAvda. del General\u00edsimo, 36<br \/>\n28751<br \/>\n91 868 86 98<br \/>\n<a href=\"http:\/\/www.sierranortemadrid.org\" target=\"_blank\" rel=\"nofollow noopener noreferrer\">www.sierranortemadrid.org<\/a><\/p>\n<p><strong>MELILLA<\/strong><br \/>\nPintor Fortuni, 21<br \/>\n952 67 54 44<br \/>\n<a href=\"http:\/\/www.melilla.es\" target=\"_blank\" rel=\"nofollow noopener noreferrer\">www.melilla.es<\/a><\/p>\n<p><strong>MENORCA<\/strong><br \/>\nPza. Explanada, 40<br \/>\n07703<br \/>\n971 36 37 90<br \/>\n<a href=\"http:\/\/www.menorca.es\/\" target=\"_blank\" rel=\"nofollow noopener noreferrer\">www.menorca.es\/<\/a><\/p>\n<p><strong>MURCIA<\/strong><br \/>\nC\/ Alejandro Seiquer, 4<br \/>\n30001<br \/>\n968 21 37 16<br \/>\n<a href=\"http:\/\/www.portamurcia.com\" target=\"_blank\" rel=\"nofollow noopener noreferrer\">www.portamurcia.com<\/a><\/p>\n<p><strong>ORENSE &#8211; OURENSE<\/strong><br \/>\nC\/ Curros Enr\u00edquez, 1<br \/>\n32003<br \/>\n988 37 20 20<br \/>\n<a href=\"http:\/\/www.turismourense.com\" target=\"_blank\" rel=\"nofollow noopener noreferrer\">www.turismourense.com<\/a><\/p>\n<p><strong>OVIEDO<\/strong><br \/>\nPza. Alfonso II El Casto, 6<br \/>\n33003<br \/>\n985 21 33 85<br \/>\n<a href=\"http:\/\/www.oviedo.es\" target=\"_blank\" rel=\"nofollow noopener noreferrer\">www.oviedo.es<\/a><\/p>\n<p><strong>PALENCIA<\/strong><br \/>\nC\/ Mayor, 105<br \/>\n34001<br \/>\n979 74 00 68<br \/>\n<a href=\"http:\/\/www.palencia.com\" target=\"_blank\" rel=\"nofollow noopener noreferrer\">www.palencia.com<\/a><\/p>\n<p><strong>PAMPLONA<\/strong><br \/>\nC\/ Hilari\u00f3n Eslava, 1<br \/>\n31005<br \/>\n948 20 65 40<br \/>\n<a href=\"https:\/\/www.pamplona.es\/turismo\/oficina-de-turismo\" target=\"_blank\" rel=\"nofollow noopener noreferrer\">www.pamplona.es<\/a><\/p>\n<p><strong>SALAMANCA<\/strong><br \/>\nR\u00faa Mayor, s\/n &#8220;Casa de las Conchas&#8221;<br \/>\n37008<br \/>\n923 26 85 71<br \/>\n<a href=\"http:\/\/www.salamanca.es\" target=\"_blank\" rel=\"nofollow noopener noreferrer\">www.salamanca.es<\/a><\/p>\n<p><strong>SAN SEBASTI\u00c1N &#8211; DONOSTIA<\/strong><br \/>\nC\/ Reina Regente, 8<br \/>\n20003<br \/>\n943 48 11 66<br \/>\n<a href=\"https:\/\/turismo.euskadi.eus\/es\/\" target=\"_blank\" rel=\"nofollow noopener noreferrer\">www.turismo.euskadi.eus<\/a><br \/>\n<strong>SANTANDER<\/strong><br \/>\nC\/ Jardines de Pereda, 1<br \/>\n39004<br \/>\n942 21 61 20<br \/>\n<a href=\"http:\/\/www.ayto-santander.es\" target=\"_blank\" rel=\"nofollow noopener noreferrer\">www.ayto-santander.es<\/a><\/p>\n<p><strong>SEGOVIA<\/strong><br \/>\nPza. Mayor, 10<br \/>\n40002<br \/>\n921 46 03 34<br \/>\n<a href=\"http:\/\/www.turismodesegovia.com\/\" target=\"_blank\" rel=\"nofollow noopener noreferrer\">www.turismodesegovia.com<\/a><\/p>\n<p><strong>SEVILLA<\/strong><br \/>\nAvda. de la Constituci\u00f3n, 21-B<br \/>\n41004<br \/>\n954 22 14 04<br \/>\n<a href=\"http:\/\/www.visitasevilla.es\/\" target=\"_blank\" rel=\"nofollow noopener noreferrer\">www.visitasevilla.es<\/a><\/p>\n<p><strong>SORIA<\/strong><br \/>\nPza. Ram\u00f3n y Cajal, s\/n<br \/>\n42003<br \/>\n975 21 20 52<br \/>\n<a href=\"http:\/\/www.turismosoria.es\/\" target=\"_blank\" rel=\"nofollow noopener noreferrer\">www.turismosoria.es<\/a><\/p>\n<p><strong>TARRAGONA<\/strong><br \/>\nC\/ Fortuny, 4<br \/>\n43001<br \/>\n977 23 34 15<br \/>\n<a href=\"https:\/\/www.tarragonaturisme.cat\/es\" target=\"_blank\" rel=\"nofollow noopener noreferrer\">www.tarragonaturisme.cat<\/a><\/p>\n<p><strong>TENERIFE<\/strong><br \/>\nPza. de Espa\u00f1a, s\/n<br \/>\n38003<br \/>\n922 23 95 92<br \/>\n<a href=\"https:\/\/www.webtenerife.com\/\" target=\"_blank\" rel=\"nofollow noopener noreferrer\">www.webtenerife.com<\/a><\/p>\n<p><strong>TERUEL<\/strong><br \/>\nC\/ Tom\u00e1s Nogues, 1<br \/>\n44001<br \/>\n978 60 22 79<br \/>\n<a href=\"http:\/\/www.turismo.teruel.es\/\" target=\"_blank\" rel=\"nofollow noopener noreferrer\">www.turismo.teruel.es<\/a><\/p>\n<p><strong>TOLEDO<\/strong><br \/>\nPuerta de Bisagra, s\/n<br \/>\n45003<br \/>\n925 22 08 43<br \/>\n<a href=\"http:\/\/www.castillalamancha.es\" target=\"_blank\" rel=\"nofollow noopener noreferrer\">www.castillalamancha.es<\/a><\/p>\n<p><strong>TOLEDO (CARRANQUE)<\/strong><br \/>\nToledo Pza. de Las Eras, 5<br \/>\n45216<br \/>\n925 54 42 40<br \/>\n<a href=\"http:\/\/www.turismocastillalamancha.es\/patrimonio\/carranque-47931\/\" target=\"_blank\" rel=\"nofollow noopener noreferrer\">www.turismocastillalamancha.es<\/a><\/p>\n<p><strong>VALENCIA<\/strong><br \/>\nC\/ Paz, 48<br \/>\n46003<br \/>\n963 98 64 22<br \/>\n<a href=\"https:\/\/www.visitvalencia.com\/\" target=\"_blank\" rel=\"nofollow noopener noreferrer\">www.visitvalencia.com<\/a><\/p>\n<p><strong>VALLADOLID<\/strong><br \/>\nC\/ Santiago, 19<br \/>\n47001<br \/>\n983 35 18 01<br \/>\n<a href=\"http:\/\/www.info.valladolid.es\/\" target=\"_blank\" rel=\"nofollow noopener noreferrer\">www.info.valladolid.es<\/a><\/p>\n<p><strong>VITORIA &#8211; GASTEIZ<\/strong><br \/>\nParque de la Florida, s\/n<br \/>\n01008<br \/>\n945 13 13 21<br \/>\n<a href=\"https:\/\/www.vitoria-gasteiz.org\/we001\/was\/we001Action.do?accionWe001=ficha&amp;accion=home\" target=\"_blank\" rel=\"nofollow noopener noreferrer\">www.vitoria-gasteiz.org<\/a><\/p>\n<p><strong>ZAMORA<\/strong><br \/>\nC\/ Santa Clara, 20<br \/>\n49015<br \/>\n980 53 18 45<br \/>\n<a href=\"https:\/\/turismo-zamora.com\/\" target=\"_blank\" rel=\"nofollow noopener noreferrer\">www.turismo-zamora.com<\/a><\/p>\n<p><strong>ZARAGOZA<\/strong><br \/>\nPza. de Nuestra Sra. del Pilar, s\/n<br \/>\n50003<br \/>\n976 20 12 00<br \/>\n<a href=\"http:\/\/www.zaragoza-ciudad.com\" target=\"_blank\" rel=\"nofollow noopener noreferrer\">www.zaragoza-ciudad.com<\/a><\/p>\n<\/div><\/div><\/div>\n","protected":false},"excerpt":{"rendered":"","protected":false},"author":1,"featured_media":0,"parent":2658,"menu_order":0,"comment_status":"closed","ping_status":"closed","template":"","meta":[],"yoast_head":"<!-- This site is optimized with the Yoast SEO plugin v16.8 - https:\/\/yoast.com\/wordpress\/plugins\/seo\/ -->\n<meta name=\"description\" content=\"Viajando na Espanha, \u00e9 conveniente se aproximar do local e pedir conselhos ou contratar visitas guiadas. Aqui n\u00f3s colocamos os escrit\u00f3rios de turismo espanh\u00f3is.\" \/>\n<meta name=\"robots\" content=\"index, follow, max-snippet:-1, max-image-preview:large, max-video-preview:-1\" \/>\n<link rel=\"canonical\" href=\"https:\/\/www.viajarporegipto.com\/pt-pt\/links-de-interesse\/turismo-espanha\/\" \/>\n<meta property=\"og:locale\" content=\"pt_PT\" \/>\n<meta property=\"og:type\" content=\"article\" \/>\n<meta property=\"og:title\" content=\"Escrit\u00f3rios de Turismo na Espanha\" \/>\n<meta property=\"og:description\" content=\"Viajando na Espanha, \u00e9 conveniente se aproximar do local e pedir conselhos ou contratar visitas guiadas. Aqui n\u00f3s colocamos os escrit\u00f3rios de turismo espanh\u00f3is.\" \/>\n<meta property=\"og:url\" content=\"https:\/\/www.viajarporegipto.com\/pt-pt\/links-de-interesse\/turismo-espanha\/\" \/>\n<meta property=\"og:site_name\" content=\"Viajar para o Egito | Cruzeiros Egito Pacotes | Viagem ao Egito\" \/>\n<meta property=\"article:modified_time\" content=\"2020-01-16T15:46:13+00:00\" \/>\n<meta name=\"twitter:card\" content=\"summary_large_image\" \/>\n<meta name=\"twitter:label1\" content=\"Tempo estimado de leitura\" \/>\n\t<meta name=\"twitter:data1\" content=\"3 minutos\" \/>\n<script type=\"application\/ld+json\" class=\"yoast-schema-graph\">{\"@context\":\"https:\/\/schema.org\",\"@graph\":[{\"@type\":\"Organization\",\"@id\":\"https:\/\/www.viajarporegipto.com\/#organization\",\"name\":\"Viajes por el Mundo\",\"url\":\"https:\/\/www.viajarporegipto.com\/\",\"sameAs\":[\"https:\/\/www.youtube.com\/channel\/UCSfYTcdsPNlTaH1_piHdtsg\"],\"logo\":{\"@type\":\"ImageObject\",\"@id\":\"https:\/\/www.viajarporegipto.com\/#logo\",\"inLanguage\":\"pt-PT\",\"url\":\"https:\/\/www.viajarporegipto.com\/wp-content\/uploads\/2019\/09\/Logo-Viajes-por-el-Mundo.jpg\",\"contentUrl\":\"https:\/\/www.viajarporegipto.com\/wp-content\/uploads\/2019\/09\/Logo-Viajes-por-el-Mundo.jpg\",\"width\":316,\"height\":235,\"caption\":\"Viajes por el Mundo\"},\"image\":{\"@id\":\"https:\/\/www.viajarporegipto.com\/#logo\"}},{\"@type\":\"WebSite\",\"@id\":\"https:\/\/www.viajarporegipto.com\/#website\",\"url\":\"https:\/\/www.viajarporegipto.com\/\",\"name\":\"Viajar para o Egito | Cruzeiros Egito Pacotes | Viagem ao Egito\",\"description\":\"Os melhores ofertas cruzeiros Egito Pacotes. Viajar para o Egito e aproveite. Pre\\u00e7os no \\u00faltimo minuto em tu Viagem ao Egito.\",\"publisher\":{\"@id\":\"https:\/\/www.viajarporegipto.com\/#organization\"},\"potentialAction\":[{\"@type\":\"SearchAction\",\"target\":{\"@type\":\"EntryPoint\",\"urlTemplate\":\"https:\/\/www.viajarporegipto.com\/?s={search_term_string}\"},\"query-input\":\"required name=search_term_string\"}],\"inLanguage\":\"pt-PT\"},{\"@type\":\"WebPage\",\"@id\":\"https:\/\/www.viajarporegipto.com\/pt-pt\/links-de-interesse\/turismo-espanha\/#webpage\",\"url\":\"https:\/\/www.viajarporegipto.com\/pt-pt\/links-de-interesse\/turismo-espanha\/\",\"name\":\"Escrit\\u00f3rios de Turismo na Espanha\",\"isPartOf\":{\"@id\":\"https:\/\/www.viajarporegipto.com\/#website\"},\"datePublished\":\"2019-12-09T08:56:08+00:00\",\"dateModified\":\"2020-01-16T15:46:13+00:00\",\"description\":\"Viajando na Espanha, \\u00e9 conveniente se aproximar do local e pedir conselhos ou contratar visitas guiadas. Aqui n\\u00f3s colocamos os escrit\\u00f3rios de turismo espanh\\u00f3is.\",\"breadcrumb\":{\"@id\":\"https:\/\/www.viajarporegipto.com\/pt-pt\/links-de-interesse\/turismo-espanha\/#breadcrumb\"},\"inLanguage\":\"pt-PT\",\"potentialAction\":[{\"@type\":\"ReadAction\",\"target\":[\"https:\/\/www.viajarporegipto.com\/pt-pt\/links-de-interesse\/turismo-espanha\/\"]}]},{\"@type\":\"BreadcrumbList\",\"@id\":\"https:\/\/www.viajarporegipto.com\/pt-pt\/links-de-interesse\/turismo-espanha\/#breadcrumb\",\"itemListElement\":[{\"@type\":\"ListItem\",\"position\":1,\"name\":\"Portada\",\"item\":\"https:\/\/www.viajarporegipto.com\/pt-pt\/\"},{\"@type\":\"ListItem\",\"position\":2,\"name\":\"Links de interesse\",\"item\":\"https:\/\/www.viajarporegipto.com\/pt-pt\/links-de-interesse\/\"},{\"@type\":\"ListItem\",\"position\":3,\"name\":\"Escrit\\u00f3rios de Turismo na Espanha\"}]}]}<\/script>\n<!-- \/ Yoast SEO plugin. -->","yoast_head_json":{"description":"Viajando na Espanha, \u00e9 conveniente se aproximar do local e pedir conselhos ou contratar visitas guiadas. Aqui n\u00f3s colocamos os escrit\u00f3rios de turismo espanh\u00f3is.","robots":{"index":"index","follow":"follow","max-snippet":"max-snippet:-1","max-image-preview":"max-image-preview:large","max-video-preview":"max-video-preview:-1"},"canonical":"https:\/\/www.viajarporegipto.com\/pt-pt\/links-de-interesse\/turismo-espanha\/","og_locale":"pt_PT","og_type":"article","og_title":"Escrit\u00f3rios de Turismo na Espanha","og_description":"Viajando na Espanha, \u00e9 conveniente se aproximar do local e pedir conselhos ou contratar visitas guiadas. Aqui n\u00f3s colocamos os escrit\u00f3rios de turismo espanh\u00f3is.","og_url":"https:\/\/www.viajarporegipto.com\/pt-pt\/links-de-interesse\/turismo-espanha\/","og_site_name":"Viajar para o Egito | Cruzeiros Egito Pacotes | Viagem ao Egito","article_modified_time":"2020-01-16T15:46:13+00:00","twitter_card":"summary_large_image","twitter_misc":{"Tempo estimado de leitura":"3 minutos"},"schema":{"@context":"https:\/\/schema.org","@graph":[{"@type":"Organization","@id":"https:\/\/www.viajarporegipto.com\/#organization","name":"Viajes por el Mundo","url":"https:\/\/www.viajarporegipto.com\/","sameAs":["https:\/\/www.youtube.com\/channel\/UCSfYTcdsPNlTaH1_piHdtsg"],"logo":{"@type":"ImageObject","@id":"https:\/\/www.viajarporegipto.com\/#logo","inLanguage":"pt-PT","url":"https:\/\/www.viajarporegipto.com\/wp-content\/uploads\/2019\/09\/Logo-Viajes-por-el-Mundo.jpg","contentUrl":"https:\/\/www.viajarporegipto.com\/wp-content\/uploads\/2019\/09\/Logo-Viajes-por-el-Mundo.jpg","width":316,"height":235,"caption":"Viajes por el Mundo"},"image":{"@id":"https:\/\/www.viajarporegipto.com\/#logo"}},{"@type":"WebSite","@id":"https:\/\/www.viajarporegipto.com\/#website","url":"https:\/\/www.viajarporegipto.com\/","name":"Viajar para o Egito | Cruzeiros Egito Pacotes | Viagem ao Egito","description":"Os melhores ofertas cruzeiros Egito Pacotes. Viajar para o Egito e aproveite. Pre\u00e7os no \u00faltimo minuto em tu Viagem ao Egito.","publisher":{"@id":"https:\/\/www.viajarporegipto.com\/#organization"},"potentialAction":[{"@type":"SearchAction","target":{"@type":"EntryPoint","urlTemplate":"https:\/\/www.viajarporegipto.com\/?s={search_term_string}"},"query-input":"required name=search_term_string"}],"inLanguage":"pt-PT"},{"@type":"WebPage","@id":"https:\/\/www.viajarporegipto.com\/pt-pt\/links-de-interesse\/turismo-espanha\/#webpage","url":"https:\/\/www.viajarporegipto.com\/pt-pt\/links-de-interesse\/turismo-espanha\/","name":"Escrit\u00f3rios de Turismo na Espanha","isPartOf":{"@id":"https:\/\/www.viajarporegipto.com\/#website"},"datePublished":"2019-12-09T08:56:08+00:00","dateModified":"2020-01-16T15:46:13+00:00","description":"Viajando na Espanha, \u00e9 conveniente se aproximar do local e pedir conselhos ou contratar visitas guiadas. Aqui n\u00f3s colocamos os escrit\u00f3rios de turismo espanh\u00f3is.","breadcrumb":{"@id":"https:\/\/www.viajarporegipto.com\/pt-pt\/links-de-interesse\/turismo-espanha\/#breadcrumb"},"inLanguage":"pt-PT","potentialAction":[{"@type":"ReadAction","target":["https:\/\/www.viajarporegipto.com\/pt-pt\/links-de-interesse\/turismo-espanha\/"]}]},{"@type":"BreadcrumbList","@id":"https:\/\/www.viajarporegipto.com\/pt-pt\/links-de-interesse\/turismo-espanha\/#breadcrumb","itemListElement":[{"@type":"ListItem","position":1,"name":"Portada","item":"https:\/\/www.viajarporegipto.com\/pt-pt\/"},{"@type":"ListItem","position":2,"name":"Links de interesse","item":"https:\/\/www.viajarporegipto.com\/pt-pt\/links-de-interesse\/"},{"@type":"ListItem","position":3,"name":"Escrit\u00f3rios de Turismo na Espanha"}]}]}},"_links":{"self":[{"href":"https:\/\/www.viajarporegipto.com\/pt-pt\/wp-json\/wp\/v2\/pages\/3087"}],"collection":[{"href":"https:\/\/www.viajarporegipto.com\/pt-pt\/wp-json\/wp\/v2\/pages"}],"about":[{"href":"https:\/\/www.viajarporegipto.com\/pt-pt\/wp-json\/wp\/v2\/types\/page"}],"author":[{"embeddable":true,"href":"https:\/\/www.viajarporegipto.com\/pt-pt\/wp-json\/wp\/v2\/users\/1"}],"replies":[{"embeddable":true,"href":"https:\/\/www.viajarporegipto.com\/pt-pt\/wp-json\/wp\/v2\/comments?post=3087"}],"version-history":[{"count":2,"href":"https:\/\/www.viajarporegipto.com\/pt-pt\/wp-json\/wp\/v2\/pages\/3087\/revisions"}],"predecessor-version":[{"id":3089,"href":"https:\/\/www.viajarporegipto.com\/pt-pt\/wp-json\/wp\/v2\/pages\/3087\/revisions\/3089"}],"up":[{"embeddable":true,"href":"https:\/\/www.viajarporegipto.com\/pt-pt\/wp-json\/wp\/v2\/pages\/2658"}],"wp:attachment":[{"href":"https:\/\/www.viajarporegipto.com\/pt-pt\/wp-json\/wp\/v2\/media?parent=3087"}],"curies":[{"name":"wp","href":"https:\/\/api.w.org\/{rel}","templated":true}]}}