{"id":3102,"date":"2019-12-09T10:07:31","date_gmt":"2019-12-09T09:07:31","guid":{"rendered":"https:\/\/www.viajarporegipto.com\/?page_id=3102"},"modified":"2020-01-16T17:02:27","modified_gmt":"2020-01-16T16:02:27","slug":"calculo-diferencas-horarias","status":"publish","type":"page","link":"https:\/\/www.viajarporegipto.com\/pt-pt\/links-de-interesse\/calculo-diferencas-horarias\/","title":{"rendered":"C\u00e1lculo das diferen\u00e7as hor\u00e1rias"},"content":{"rendered":"<p><iframe loading=\"lazy\" src=\"http:\/\/www.gestioip.net\/cgi-bin\/time_difference_calculator.cgi?lang=es\" width=\"100%\" height=\"1000\" scrolling=\"auto\" data-mce-fragment=\"1\"><span data-mce-type=\"bookmark\" style=\"display: inline-block; width: 0px; overflow: hidden; line-height: 0;\" class=\"mce_SELRES_start\">\ufeff<\/span>&nbsp;<\/p>\n<p><\/iframe><\/p>\n","protected":false},"excerpt":{"rendered":"<p>\ufeff&nbsp;<\/p>\n","protected":false},"author":1,"featured_media":0,"parent":2658,"menu_order":0,"comment_status":"closed","ping_status":"closed","template":"","meta":[],"yoast_head":"<!-- This site is optimized with the Yoast SEO plugin v16.8 - https:\/\/yoast.com\/wordpress\/plugins\/seo\/ -->\n<meta name=\"description\" content=\"Calculadora de tempo para todos os hor\u00e1rios no mundo. Verifique a hora e voc\u00ea saber\u00e1 a diferen\u00e7a hor\u00e1ria com seu pa\u00eds de origem ou interesse.\" \/>\n<meta name=\"robots\" content=\"index, follow, max-snippet:-1, max-image-preview:large, max-video-preview:-1\" \/>\n<link rel=\"canonical\" href=\"https:\/\/www.viajarporegipto.com\/pt-pt\/links-de-interesse\/calculo-diferencas-horarias\/\" \/>\n<meta property=\"og:locale\" content=\"pt_PT\" \/>\n<meta property=\"og:type\" content=\"article\" \/>\n<meta property=\"og:title\" content=\"C\u00e1lculo das diferen\u00e7as hor\u00e1rias\" \/>\n<meta property=\"og:description\" content=\"Calculadora de tempo para todos os hor\u00e1rios no mundo. Verifique a hora e voc\u00ea saber\u00e1 a diferen\u00e7a hor\u00e1ria com seu pa\u00eds de origem ou interesse.\" \/>\n<meta property=\"og:url\" content=\"https:\/\/www.viajarporegipto.com\/pt-pt\/links-de-interesse\/calculo-diferencas-horarias\/\" \/>\n<meta property=\"og:site_name\" content=\"Viajar para o Egito | Cruzeiros Egito Pacotes | Viagem ao Egito\" \/>\n<meta property=\"article:modified_time\" content=\"2020-01-16T16:02:27+00:00\" \/>\n<meta name=\"twitter:card\" content=\"summary_large_image\" \/>\n<script type=\"application\/ld+json\" class=\"yoast-schema-graph\">{\"@context\":\"https:\/\/schema.org\",\"@graph\":[{\"@type\":\"Organization\",\"@id\":\"https:\/\/www.viajarporegipto.com\/#organization\",\"name\":\"Viajes por el Mundo\",\"url\":\"https:\/\/www.viajarporegipto.com\/\",\"sameAs\":[\"https:\/\/www.youtube.com\/channel\/UCSfYTcdsPNlTaH1_piHdtsg\"],\"logo\":{\"@type\":\"ImageObject\",\"@id\":\"https:\/\/www.viajarporegipto.com\/#logo\",\"inLanguage\":\"pt-PT\",\"url\":\"https:\/\/www.viajarporegipto.com\/wp-content\/uploads\/2019\/09\/Logo-Viajes-por-el-Mundo.jpg\",\"contentUrl\":\"https:\/\/www.viajarporegipto.com\/wp-content\/uploads\/2019\/09\/Logo-Viajes-por-el-Mundo.jpg\",\"width\":316,\"height\":235,\"caption\":\"Viajes por el Mundo\"},\"image\":{\"@id\":\"https:\/\/www.viajarporegipto.com\/#logo\"}},{\"@type\":\"WebSite\",\"@id\":\"https:\/\/www.viajarporegipto.com\/#website\",\"url\":\"https:\/\/www.viajarporegipto.com\/\",\"name\":\"Viajar para o Egito | Cruzeiros Egito Pacotes | Viagem ao Egito\",\"description\":\"Os melhores ofertas cruzeiros Egito Pacotes. Viajar para o Egito e aproveite. Pre\\u00e7os no \\u00faltimo minuto em tu Viagem ao Egito.\",\"publisher\":{\"@id\":\"https:\/\/www.viajarporegipto.com\/#organization\"},\"potentialAction\":[{\"@type\":\"SearchAction\",\"target\":{\"@type\":\"EntryPoint\",\"urlTemplate\":\"https:\/\/www.viajarporegipto.com\/?s={search_term_string}\"},\"query-input\":\"required name=search_term_string\"}],\"inLanguage\":\"pt-PT\"},{\"@type\":\"WebPage\",\"@id\":\"https:\/\/www.viajarporegipto.com\/pt-pt\/links-de-interesse\/calculo-diferencas-horarias\/#webpage\",\"url\":\"https:\/\/www.viajarporegipto.com\/pt-pt\/links-de-interesse\/calculo-diferencas-horarias\/\",\"name\":\"C\\u00e1lculo das diferen\\u00e7as hor\\u00e1rias\",\"isPartOf\":{\"@id\":\"https:\/\/www.viajarporegipto.com\/#website\"},\"datePublished\":\"2019-12-09T09:07:31+00:00\",\"dateModified\":\"2020-01-16T16:02:27+00:00\",\"description\":\"Calculadora de tempo para todos os hor\\u00e1rios no mundo. Verifique a hora e voc\\u00ea saber\\u00e1 a diferen\\u00e7a hor\\u00e1ria com seu pa\\u00eds de origem ou interesse.\",\"breadcrumb\":{\"@id\":\"https:\/\/www.viajarporegipto.com\/pt-pt\/links-de-interesse\/calculo-diferencas-horarias\/#breadcrumb\"},\"inLanguage\":\"pt-PT\",\"potentialAction\":[{\"@type\":\"ReadAction\",\"target\":[\"https:\/\/www.viajarporegipto.com\/pt-pt\/links-de-interesse\/calculo-diferencas-horarias\/\"]}]},{\"@type\":\"BreadcrumbList\",\"@id\":\"https:\/\/www.viajarporegipto.com\/pt-pt\/links-de-interesse\/calculo-diferencas-horarias\/#breadcrumb\",\"itemListElement\":[{\"@type\":\"ListItem\",\"position\":1,\"name\":\"Portada\",\"item\":\"https:\/\/www.viajarporegipto.com\/pt-pt\/\"},{\"@type\":\"ListItem\",\"position\":2,\"name\":\"Links de interesse\",\"item\":\"https:\/\/www.viajarporegipto.com\/pt-pt\/links-de-interesse\/\"},{\"@type\":\"ListItem\",\"position\":3,\"name\":\"C\\u00e1lculo das diferen\\u00e7as hor\\u00e1rias\"}]}]}<\/script>\n<!-- \/ Yoast SEO plugin. -->","yoast_head_json":{"description":"Calculadora de tempo para todos os hor\u00e1rios no mundo. Verifique a hora e voc\u00ea saber\u00e1 a diferen\u00e7a hor\u00e1ria com seu pa\u00eds de origem ou interesse.","robots":{"index":"index","follow":"follow","max-snippet":"max-snippet:-1","max-image-preview":"max-image-preview:large","max-video-preview":"max-video-preview:-1"},"canonical":"https:\/\/www.viajarporegipto.com\/pt-pt\/links-de-interesse\/calculo-diferencas-horarias\/","og_locale":"pt_PT","og_type":"article","og_title":"C\u00e1lculo das diferen\u00e7as hor\u00e1rias","og_description":"Calculadora de tempo para todos os hor\u00e1rios no mundo. Verifique a hora e voc\u00ea saber\u00e1 a diferen\u00e7a hor\u00e1ria com seu pa\u00eds de origem ou interesse.","og_url":"https:\/\/www.viajarporegipto.com\/pt-pt\/links-de-interesse\/calculo-diferencas-horarias\/","og_site_name":"Viajar para o Egito | Cruzeiros Egito Pacotes | Viagem ao Egito","article_modified_time":"2020-01-16T16:02:27+00:00","twitter_card":"summary_large_image","schema":{"@context":"https:\/\/schema.org","@graph":[{"@type":"Organization","@id":"https:\/\/www.viajarporegipto.com\/#organization","name":"Viajes por el Mundo","url":"https:\/\/www.viajarporegipto.com\/","sameAs":["https:\/\/www.youtube.com\/channel\/UCSfYTcdsPNlTaH1_piHdtsg"],"logo":{"@type":"ImageObject","@id":"https:\/\/www.viajarporegipto.com\/#logo","inLanguage":"pt-PT","url":"https:\/\/www.viajarporegipto.com\/wp-content\/uploads\/2019\/09\/Logo-Viajes-por-el-Mundo.jpg","contentUrl":"https:\/\/www.viajarporegipto.com\/wp-content\/uploads\/2019\/09\/Logo-Viajes-por-el-Mundo.jpg","width":316,"height":235,"caption":"Viajes por el Mundo"},"image":{"@id":"https:\/\/www.viajarporegipto.com\/#logo"}},{"@type":"WebSite","@id":"https:\/\/www.viajarporegipto.com\/#website","url":"https:\/\/www.viajarporegipto.com\/","name":"Viajar para o Egito | Cruzeiros Egito Pacotes | Viagem ao Egito","description":"Os melhores ofertas cruzeiros Egito Pacotes. Viajar para o Egito e aproveite. Pre\u00e7os no \u00faltimo minuto em tu Viagem ao Egito.","publisher":{"@id":"https:\/\/www.viajarporegipto.com\/#organization"},"potentialAction":[{"@type":"SearchAction","target":{"@type":"EntryPoint","urlTemplate":"https:\/\/www.viajarporegipto.com\/?s={search_term_string}"},"query-input":"required name=search_term_string"}],"inLanguage":"pt-PT"},{"@type":"WebPage","@id":"https:\/\/www.viajarporegipto.com\/pt-pt\/links-de-interesse\/calculo-diferencas-horarias\/#webpage","url":"https:\/\/www.viajarporegipto.com\/pt-pt\/links-de-interesse\/calculo-diferencas-horarias\/","name":"C\u00e1lculo das diferen\u00e7as hor\u00e1rias","isPartOf":{"@id":"https:\/\/www.viajarporegipto.com\/#website"},"datePublished":"2019-12-09T09:07:31+00:00","dateModified":"2020-01-16T16:02:27+00:00","description":"Calculadora de tempo para todos os hor\u00e1rios no mundo. Verifique a hora e voc\u00ea saber\u00e1 a diferen\u00e7a hor\u00e1ria com seu pa\u00eds de origem ou interesse.","breadcrumb":{"@id":"https:\/\/www.viajarporegipto.com\/pt-pt\/links-de-interesse\/calculo-diferencas-horarias\/#breadcrumb"},"inLanguage":"pt-PT","potentialAction":[{"@type":"ReadAction","target":["https:\/\/www.viajarporegipto.com\/pt-pt\/links-de-interesse\/calculo-diferencas-horarias\/"]}]},{"@type":"BreadcrumbList","@id":"https:\/\/www.viajarporegipto.com\/pt-pt\/links-de-interesse\/calculo-diferencas-horarias\/#breadcrumb","itemListElement":[{"@type":"ListItem","position":1,"name":"Portada","item":"https:\/\/www.viajarporegipto.com\/pt-pt\/"},{"@type":"ListItem","position":2,"name":"Links de interesse","item":"https:\/\/www.viajarporegipto.com\/pt-pt\/links-de-interesse\/"},{"@type":"ListItem","position":3,"name":"C\u00e1lculo das diferen\u00e7as hor\u00e1rias"}]}]}},"_links":{"self":[{"href":"https:\/\/www.viajarporegipto.com\/pt-pt\/wp-json\/wp\/v2\/pages\/3102"}],"collection":[{"href":"https:\/\/www.viajarporegipto.com\/pt-pt\/wp-json\/wp\/v2\/pages"}],"about":[{"href":"https:\/\/www.viajarporegipto.com\/pt-pt\/wp-json\/wp\/v2\/types\/page"}],"author":[{"embeddable":true,"href":"https:\/\/www.viajarporegipto.com\/pt-pt\/wp-json\/wp\/v2\/users\/1"}],"replies":[{"embeddable":true,"href":"https:\/\/www.viajarporegipto.com\/pt-pt\/wp-json\/wp\/v2\/comments?post=3102"}],"version-history":[{"count":4,"href":"https:\/\/www.viajarporegipto.com\/pt-pt\/wp-json\/wp\/v2\/pages\/3102\/revisions"}],"predecessor-version":[{"id":3366,"href":"https:\/\/www.viajarporegipto.com\/pt-pt\/wp-json\/wp\/v2\/pages\/3102\/revisions\/3366"}],"up":[{"embeddable":true,"href":"https:\/\/www.viajarporegipto.com\/pt-pt\/wp-json\/wp\/v2\/pages\/2658"}],"wp:attachment":[{"href":"https:\/\/www.viajarporegipto.com\/pt-pt\/wp-json\/wp\/v2\/media?parent=3102"}],"curies":[{"name":"wp","href":"https:\/\/api.w.org\/{rel}","templated":true}]}}