{"id":3111,"date":"2019-12-09T10:15:36","date_gmt":"2019-12-09T09:15:36","guid":{"rendered":"https:\/\/www.viajarporegipto.com\/?page_id=3111"},"modified":"2020-01-16T17:08:24","modified_gmt":"2020-01-16T16:08:24","slug":"festivais-culturais-verao","status":"publish","type":"page","link":"https:\/\/www.viajarporegipto.com\/pt-pt\/links-de-interesse\/festivais-culturais-verao\/","title":{"rendered":"Festivais culturais de ver\u00e3o"},"content":{"rendered":"<p class=\"Texto\" align=\"left\"><strong>Os festivais culturais europeus animam todo ver\u00e3o in\u00fameras cidades e se tornam \u00f3timas desculpas para fazer viagens a elas e conhecer novos lugares.<\/strong><\/p>\n<p class=\"Texto\" align=\"left\">Esta \u00e9 uma sele\u00e7\u00e3o das mais importantes e respectivas p\u00e1ginas da web:<\/p>\n<h3 class=\"Titulo\">ESPANHA<\/h3>\n<ul>\n<li class=\"Texto\"><strong>Granada<\/strong>: <a href=\"http:\/\/www.granadafestival.org\" target=\"_blank\" rel=\"nofollow noopener noreferrer\">www.granadafestival.org<\/a><\/li>\n<li class=\"Texto\"><strong>Grec 200 (Barcelona)<\/strong>: <a href=\"http:\/\/www.bcn.es\/grec\" target=\"_blank\" rel=\"nofollow noopener noreferrer\">www.bcn.es\/grec<\/a><\/li>\n<li class=\"Texto\"><strong>M\u00e9rida<\/strong>: <a href=\"http:\/\/www.festivaldemerida.com\" target=\"_blank\" rel=\"nofollow noopener noreferrer\">www.festivaldemerida.com<\/a><\/li>\n<li class=\"Texto\"><strong>San Sebasti\u00e1n:<\/strong> <a href=\"http:\/\/www.quincenamusical.com\" target=\"_blank\" rel=\"nofollow noopener noreferrer\">www.quincenamusical.com<\/a><\/li>\n<li class=\"Texto\"><strong>Santander<\/strong>: <a href=\"http:\/\/www.festival-int-santander.org\" target=\"_blank\" rel=\"nofollow noopener noreferrer\">www.festival-int-santander.org<\/a><\/li>\n<\/ul>\n<h3 class=\"Titulo\">EUROPA<\/h3>\n<ul>\n<li class=\"Texto\"><strong>Bayreuth (Alemanha)<\/strong>: <a href=\"http:\/\/www.bayreuther-festspiele.de\" target=\"_blank\" rel=\"nofollow noopener noreferrer\">www.bayreuther-festspiele.de<\/a><\/li>\n<li class=\"Texto\"><strong>Salzburgo (Austria)<\/strong>: <a href=\"http:\/\/www.salzburgfestival.com\" target=\"_blank\" rel=\"nofollow noopener noreferrer\">www.salzburgfestival.com<\/a><\/li>\n<li class=\"Texto\"><strong>Aix-en-Provence (Fran\u00e7a)<\/strong>: <a href=\"http:\/\/www.festival-aix.com\" target=\"_blank\" rel=\"nofollow noopener noreferrer\">www.festival-aix.com<\/a><\/li>\n<li class=\"Texto\"><strong>Glyndebourne (Reino Unido)<\/strong>: <a href=\"http:\/\/www.glyndebourne.com\" target=\"_blank\" rel=\"nofollow noopener noreferrer\">www.glyndebourne.com<\/a><\/li>\n<li class=\"Texto\"><strong>Edimburgo (Reino Unido)<\/strong>: <a href=\"http:\/\/www.eif.co.uk\" target=\"_blank\" rel=\"nofollow noopener noreferrer\">www.eif.co.uk<\/a><\/li>\n<li class=\"Texto\"><strong>S\u00e3o Petersburgo (R\u00fassia)<\/strong>: <a href=\"http:\/\/www.mariinsky.ru\" target=\"_blank\" rel=\"nofollow noopener noreferrer\">www.mariinsky.ru<\/a><\/li>\n<li class=\"Texto\"><strong>Lucerna (Suiza)<\/strong>: <a href=\"http:\/\/www.lucernefestival.ch\" target=\"_blank\" rel=\"nofollow noopener noreferrer\">www.lucernefestival.ch<\/a><\/li>\n<li class=\"Texto\"><strong>Roskilde (Dinamarca)<\/strong>: <a href=\"http:\/\/www.roskilde-festival.dk\" target=\"_blank\" rel=\"nofollow noopener noreferrer\">www.roskilde-festival.dk<\/a><\/li>\n<li class=\"Texto\"><strong>Verno (Italia)<\/strong>: <a href=\"http:\/\/www.arena.it\" target=\"_blank\" rel=\"nofollow noopener noreferrer\">www.arena.it<\/a><\/li>\n<li class=\"Texto\"><strong>Love Parade Berl\u00edn (Alemanha)<\/strong>: <a href=\"http:\/\/www.loveparade.de\" target=\"_blank\" rel=\"nofollow noopener noreferrer\">www.loveparade.de<\/a><\/li>\n<\/ul>\n","protected":false},"excerpt":{"rendered":"<p>Os festivais culturais europeus animam todo ver\u00e3o in\u00fameras cidades e se tornam \u00f3timas desculpas para fazer viagens a elas e conhecer novos lugares. Esta \u00e9 uma sele\u00e7\u00e3o das mais importantes e respectivas p\u00e1ginas da web: ESPANHA Granada: www.granadafestival.org Grec 200 (Barcelona): www.bcn.es\/grec M\u00e9rida: www.festivaldemerida.com San Sebasti\u00e1n: www.quincenamusical.com Santander: www.festival-int-santander.org EUROPA Bayreuth (Alemanha): www.bayreuther-festspiele.de Salzburgo (Austria): www.salzburgfestival.com Aix-en-Provence (Fran\u00e7a): www.festival-aix.com Glyndebourne &hellip;<\/p>\n","protected":false},"author":1,"featured_media":0,"parent":2658,"menu_order":0,"comment_status":"closed","ping_status":"closed","template":"","meta":[],"yoast_head":"<!-- This site is optimized with the Yoast SEO plugin v16.8 - https:\/\/yoast.com\/wordpress\/plugins\/seo\/ -->\n<meta name=\"description\" content=\"Si te gustan los conciertos, sean de m\u00fasica cl\u00e1sica, opera, rock, jazz o country, aqu\u00ed te mostramos una selecci\u00f3n de los festivales culturales de verano.\" \/>\n<meta name=\"robots\" content=\"index, follow, max-snippet:-1, max-image-preview:large, max-video-preview:-1\" \/>\n<link rel=\"canonical\" href=\"https:\/\/www.viajarporegipto.com\/pt-pt\/links-de-interesse\/festivais-culturais-verao\/\" \/>\n<meta property=\"og:locale\" content=\"pt_PT\" \/>\n<meta property=\"og:type\" content=\"article\" \/>\n<meta property=\"og:title\" content=\"Festivais culturais de ver\u00e3o\" \/>\n<meta property=\"og:description\" content=\"Si te gustan los conciertos, sean de m\u00fasica cl\u00e1sica, opera, rock, jazz o country, aqu\u00ed te mostramos una selecci\u00f3n de los festivales culturales de verano.\" \/>\n<meta property=\"og:url\" content=\"https:\/\/www.viajarporegipto.com\/pt-pt\/links-de-interesse\/festivais-culturais-verao\/\" \/>\n<meta property=\"og:site_name\" content=\"Viajar para o Egito | Cruzeiros Egito Pacotes | Viagem ao Egito\" \/>\n<meta property=\"article:modified_time\" content=\"2020-01-16T16:08:24+00:00\" \/>\n<meta name=\"twitter:card\" content=\"summary_large_image\" \/>\n<meta name=\"twitter:label1\" content=\"Tempo estimado de leitura\" \/>\n\t<meta name=\"twitter:data1\" content=\"1 minuto\" \/>\n<script type=\"application\/ld+json\" class=\"yoast-schema-graph\">{\"@context\":\"https:\/\/schema.org\",\"@graph\":[{\"@type\":\"Organization\",\"@id\":\"https:\/\/www.viajarporegipto.com\/#organization\",\"name\":\"Viajes por el Mundo\",\"url\":\"https:\/\/www.viajarporegipto.com\/\",\"sameAs\":[\"https:\/\/www.youtube.com\/channel\/UCSfYTcdsPNlTaH1_piHdtsg\"],\"logo\":{\"@type\":\"ImageObject\",\"@id\":\"https:\/\/www.viajarporegipto.com\/#logo\",\"inLanguage\":\"pt-PT\",\"url\":\"https:\/\/www.viajarporegipto.com\/wp-content\/uploads\/2019\/09\/Logo-Viajes-por-el-Mundo.jpg\",\"contentUrl\":\"https:\/\/www.viajarporegipto.com\/wp-content\/uploads\/2019\/09\/Logo-Viajes-por-el-Mundo.jpg\",\"width\":316,\"height\":235,\"caption\":\"Viajes por el Mundo\"},\"image\":{\"@id\":\"https:\/\/www.viajarporegipto.com\/#logo\"}},{\"@type\":\"WebSite\",\"@id\":\"https:\/\/www.viajarporegipto.com\/#website\",\"url\":\"https:\/\/www.viajarporegipto.com\/\",\"name\":\"Viajar para o Egito | Cruzeiros Egito Pacotes | Viagem ao Egito\",\"description\":\"Os melhores ofertas cruzeiros Egito Pacotes. Viajar para o Egito e aproveite. Pre\\u00e7os no \\u00faltimo minuto em tu Viagem ao Egito.\",\"publisher\":{\"@id\":\"https:\/\/www.viajarporegipto.com\/#organization\"},\"potentialAction\":[{\"@type\":\"SearchAction\",\"target\":{\"@type\":\"EntryPoint\",\"urlTemplate\":\"https:\/\/www.viajarporegipto.com\/?s={search_term_string}\"},\"query-input\":\"required name=search_term_string\"}],\"inLanguage\":\"pt-PT\"},{\"@type\":\"WebPage\",\"@id\":\"https:\/\/www.viajarporegipto.com\/pt-pt\/links-de-interesse\/festivais-culturais-verao\/#webpage\",\"url\":\"https:\/\/www.viajarporegipto.com\/pt-pt\/links-de-interesse\/festivais-culturais-verao\/\",\"name\":\"Festivais culturais de ver\\u00e3o\",\"isPartOf\":{\"@id\":\"https:\/\/www.viajarporegipto.com\/#website\"},\"datePublished\":\"2019-12-09T09:15:36+00:00\",\"dateModified\":\"2020-01-16T16:08:24+00:00\",\"description\":\"Si te gustan los conciertos, sean de m\\u00fasica cl\\u00e1sica, opera, rock, jazz o country, aqu\\u00ed te mostramos una selecci\\u00f3n de los festivales culturales de verano.\",\"breadcrumb\":{\"@id\":\"https:\/\/www.viajarporegipto.com\/pt-pt\/links-de-interesse\/festivais-culturais-verao\/#breadcrumb\"},\"inLanguage\":\"pt-PT\",\"potentialAction\":[{\"@type\":\"ReadAction\",\"target\":[\"https:\/\/www.viajarporegipto.com\/pt-pt\/links-de-interesse\/festivais-culturais-verao\/\"]}]},{\"@type\":\"BreadcrumbList\",\"@id\":\"https:\/\/www.viajarporegipto.com\/pt-pt\/links-de-interesse\/festivais-culturais-verao\/#breadcrumb\",\"itemListElement\":[{\"@type\":\"ListItem\",\"position\":1,\"name\":\"Portada\",\"item\":\"https:\/\/www.viajarporegipto.com\/pt-pt\/\"},{\"@type\":\"ListItem\",\"position\":2,\"name\":\"Links de interesse\",\"item\":\"https:\/\/www.viajarporegipto.com\/pt-pt\/links-de-interesse\/\"},{\"@type\":\"ListItem\",\"position\":3,\"name\":\"Festivais culturais de ver\\u00e3o\"}]}]}<\/script>\n<!-- \/ Yoast SEO plugin. -->","yoast_head_json":{"description":"Si te gustan los conciertos, sean de m\u00fasica cl\u00e1sica, opera, rock, jazz o country, aqu\u00ed te mostramos una selecci\u00f3n de los festivales culturales de verano.","robots":{"index":"index","follow":"follow","max-snippet":"max-snippet:-1","max-image-preview":"max-image-preview:large","max-video-preview":"max-video-preview:-1"},"canonical":"https:\/\/www.viajarporegipto.com\/pt-pt\/links-de-interesse\/festivais-culturais-verao\/","og_locale":"pt_PT","og_type":"article","og_title":"Festivais culturais de ver\u00e3o","og_description":"Si te gustan los conciertos, sean de m\u00fasica cl\u00e1sica, opera, rock, jazz o country, aqu\u00ed te mostramos una selecci\u00f3n de los festivales culturales de verano.","og_url":"https:\/\/www.viajarporegipto.com\/pt-pt\/links-de-interesse\/festivais-culturais-verao\/","og_site_name":"Viajar para o Egito | Cruzeiros Egito Pacotes | Viagem ao Egito","article_modified_time":"2020-01-16T16:08:24+00:00","twitter_card":"summary_large_image","twitter_misc":{"Tempo estimado de leitura":"1 minuto"},"schema":{"@context":"https:\/\/schema.org","@graph":[{"@type":"Organization","@id":"https:\/\/www.viajarporegipto.com\/#organization","name":"Viajes por el Mundo","url":"https:\/\/www.viajarporegipto.com\/","sameAs":["https:\/\/www.youtube.com\/channel\/UCSfYTcdsPNlTaH1_piHdtsg"],"logo":{"@type":"ImageObject","@id":"https:\/\/www.viajarporegipto.com\/#logo","inLanguage":"pt-PT","url":"https:\/\/www.viajarporegipto.com\/wp-content\/uploads\/2019\/09\/Logo-Viajes-por-el-Mundo.jpg","contentUrl":"https:\/\/www.viajarporegipto.com\/wp-content\/uploads\/2019\/09\/Logo-Viajes-por-el-Mundo.jpg","width":316,"height":235,"caption":"Viajes por el Mundo"},"image":{"@id":"https:\/\/www.viajarporegipto.com\/#logo"}},{"@type":"WebSite","@id":"https:\/\/www.viajarporegipto.com\/#website","url":"https:\/\/www.viajarporegipto.com\/","name":"Viajar para o Egito | Cruzeiros Egito Pacotes | Viagem ao Egito","description":"Os melhores ofertas cruzeiros Egito Pacotes. Viajar para o Egito e aproveite. Pre\u00e7os no \u00faltimo minuto em tu Viagem ao Egito.","publisher":{"@id":"https:\/\/www.viajarporegipto.com\/#organization"},"potentialAction":[{"@type":"SearchAction","target":{"@type":"EntryPoint","urlTemplate":"https:\/\/www.viajarporegipto.com\/?s={search_term_string}"},"query-input":"required name=search_term_string"}],"inLanguage":"pt-PT"},{"@type":"WebPage","@id":"https:\/\/www.viajarporegipto.com\/pt-pt\/links-de-interesse\/festivais-culturais-verao\/#webpage","url":"https:\/\/www.viajarporegipto.com\/pt-pt\/links-de-interesse\/festivais-culturais-verao\/","name":"Festivais culturais de ver\u00e3o","isPartOf":{"@id":"https:\/\/www.viajarporegipto.com\/#website"},"datePublished":"2019-12-09T09:15:36+00:00","dateModified":"2020-01-16T16:08:24+00:00","description":"Si te gustan los conciertos, sean de m\u00fasica cl\u00e1sica, opera, rock, jazz o country, aqu\u00ed te mostramos una selecci\u00f3n de los festivales culturales de verano.","breadcrumb":{"@id":"https:\/\/www.viajarporegipto.com\/pt-pt\/links-de-interesse\/festivais-culturais-verao\/#breadcrumb"},"inLanguage":"pt-PT","potentialAction":[{"@type":"ReadAction","target":["https:\/\/www.viajarporegipto.com\/pt-pt\/links-de-interesse\/festivais-culturais-verao\/"]}]},{"@type":"BreadcrumbList","@id":"https:\/\/www.viajarporegipto.com\/pt-pt\/links-de-interesse\/festivais-culturais-verao\/#breadcrumb","itemListElement":[{"@type":"ListItem","position":1,"name":"Portada","item":"https:\/\/www.viajarporegipto.com\/pt-pt\/"},{"@type":"ListItem","position":2,"name":"Links de interesse","item":"https:\/\/www.viajarporegipto.com\/pt-pt\/links-de-interesse\/"},{"@type":"ListItem","position":3,"name":"Festivais culturais de ver\u00e3o"}]}]}},"_links":{"self":[{"href":"https:\/\/www.viajarporegipto.com\/pt-pt\/wp-json\/wp\/v2\/pages\/3111"}],"collection":[{"href":"https:\/\/www.viajarporegipto.com\/pt-pt\/wp-json\/wp\/v2\/pages"}],"about":[{"href":"https:\/\/www.viajarporegipto.com\/pt-pt\/wp-json\/wp\/v2\/types\/page"}],"author":[{"embeddable":true,"href":"https:\/\/www.viajarporegipto.com\/pt-pt\/wp-json\/wp\/v2\/users\/1"}],"replies":[{"embeddable":true,"href":"https:\/\/www.viajarporegipto.com\/pt-pt\/wp-json\/wp\/v2\/comments?post=3111"}],"version-history":[{"count":2,"href":"https:\/\/www.viajarporegipto.com\/pt-pt\/wp-json\/wp\/v2\/pages\/3111\/revisions"}],"predecessor-version":[{"id":3113,"href":"https:\/\/www.viajarporegipto.com\/pt-pt\/wp-json\/wp\/v2\/pages\/3111\/revisions\/3113"}],"up":[{"embeddable":true,"href":"https:\/\/www.viajarporegipto.com\/pt-pt\/wp-json\/wp\/v2\/pages\/2658"}],"wp:attachment":[{"href":"https:\/\/www.viajarporegipto.com\/pt-pt\/wp-json\/wp\/v2\/media?parent=3111"}],"curies":[{"name":"wp","href":"https:\/\/api.w.org\/{rel}","templated":true}]}}